{"id":987,"date":"2019-04-05T16:50:38","date_gmt":"2019-04-05T14:50:38","guid":{"rendered":"https:\/\/dabis.cz\/?page_id=987"},"modified":"2019-04-05T16:50:38","modified_gmt":"2019-04-05T14:50:38","slug":"sw-for-helpdesk","status":"publish","type":"page","link":"https:\/\/dabis.cz\/en\/products-and-services\/software-for-it\/sw-for-helpdesk\/","title":{"rendered":"SW for Helpdesk"},"content":{"rendered":"<h2>Helpdesk Software \u2013 Your quality services cannot do without functional customer support<\/h2>\n<p>Do you want to be as helpful as possible for your customers? Provide them complete technical support using\u00a0<strong>Helpdesk Software<\/strong>. It is a&nbsp;specific, turnkey software solution which we supply to IT companies. What is <strong>Helpdesk Software,<\/strong> the application of detailed technical support requirement management, able to do?\u00a0<\/p>\n<ul>\n<li><strong>It centralizes <\/strong>registration of user requirements and the solution thereof<\/li>\n<li><strong>It monitors <\/strong>and evaluates the course of solution of requirements<\/li>\n<li><strong>It monitors<\/strong>online response times<\/li>\n<li><strong>It approves <\/strong>the course of activity and each solution on multiple levels<\/li>\n<li><strong>It processes <\/strong>both regular and one-time reports<\/li>\n<\/ul>\n<h2>What are we specialized in?<\/h2>\n<ul>\n<li>Development of<strong>Helpdesk Software<\/strong><strong>\u00a0for\u00a0<\/strong><strong>IT<\/strong><strong>\u00a0<\/strong>departments of medium-sized and large companies and institutions<\/li>\n<li><strong>Interface <\/strong><strong>interconnected<\/strong>online <strong>with accounting systems<\/strong><\/li>\n<li><strong>Records and allocation of IT assets<\/strong><\/li>\n<li>Interface with systems for <strong>centrally evaluated HW and SW audits<\/strong><\/li>\n<\/ul>\n<h2><strong>The result is working with clients more simply and more effectively at the same time<\/strong><\/h2>\n<p>Do you receive many demands every day? Have <a href=\"https:\/\/dabis.cz\/en\/kontakty\/\">a specialized helpdesk application implemented<\/a> by us to make the interface clearer both for the solver and for the client. User-friendly environment, easy operation, and acceleration of all conditioned processes will help to solve the client\u2019s demand quickly, precisely and\u00a0 <em>comfortably <\/em>at the same time.<\/p>\n<p><strong>\u00a0<\/strong><\/p>\n","protected":false},"excerpt":{"rendered":"<p>Helpdesk Software \u2013 Your quality services cannot do without functional customer support Do you want to be as helpful as possible for your customers? Provide them complete technical support using\u00a0Helpdesk Software. It is a&nbsp;specific, turnkey&#8230;<br \/><a class=\"moretag\" href=\"https:\/\/dabis.cz\/en\/products-and-services\/software-for-it\/sw-for-helpdesk\/\"> ZJISTIT V\u00cdCE<\/a><\/p>\n","protected":false},"author":6,"featured_media":0,"parent":698,"menu_order":0,"comment_status":"closed","ping_status":"closed","template":"page-sidebar.php","meta":[],"yoast_head":"<!-- This site is optimized with the Yoast SEO plugin v17.8 - https:\/\/yoast.com\/wordpress\/plugins\/seo\/ -->\n<meta name=\"description\" content=\"Profesionalita a individu\u00e1ln\u00ed p\u0159\u00edstup advok\u00e1t\u016f kancel\u00e1\u0159e Mazel&amp;Sm\u011bja v Praze 2.\" \/>\n<meta name=\"robots\" content=\"index, follow, max-snippet:-1, max-image-preview:large, max-video-preview:-1\" \/>\n<link rel=\"canonical\" href=\"https:\/\/dabis.cz\/en\/products-and-services\/software-for-it\/sw-for-helpdesk\/\" \/>\n<meta property=\"og:locale\" content=\"en_US\" \/>\n<meta property=\"og:type\" content=\"article\" \/>\n<meta property=\"og:title\" content=\"SW for Helpdesk - DabiS\" \/>\n<meta property=\"og:description\" content=\"Profesionalita a individu\u00e1ln\u00ed p\u0159\u00edstup advok\u00e1t\u016f kancel\u00e1\u0159e Mazel&amp;Sm\u011bja v Praze 2.\" \/>\n<meta property=\"og:url\" content=\"https:\/\/dabis.cz\/en\/products-and-services\/software-for-it\/sw-for-helpdesk\/\" \/>\n<meta property=\"og:site_name\" content=\"DabiS\" \/>\n<meta name=\"twitter:card\" content=\"summary\" \/>\n<meta name=\"twitter:label1\" content=\"Est. reading time\" \/>\n\t<meta name=\"twitter:data1\" content=\"1 minute\" \/>\n<script type=\"application\/ld+json\" class=\"yoast-schema-graph\">{\"@context\":\"https:\/\/schema.org\",\"@graph\":[{\"@type\":\"Organization\",\"@id\":\"https:\/\/dabis.cz\/#organization\",\"name\":\"Dabis\",\"url\":\"https:\/\/dabis.cz\/\",\"sameAs\":[],\"logo\":{\"@type\":\"ImageObject\",\"@id\":\"https:\/\/dabis.cz\/#logo\",\"inLanguage\":\"en-US\",\"url\":\"https:\/\/dabis.cz\/wp-content\/uploads\/2019\/04\/dabis-logo.png\",\"contentUrl\":\"https:\/\/dabis.cz\/wp-content\/uploads\/2019\/04\/dabis-logo.png\",\"width\":119,\"height\":74,\"caption\":\"Dabis\"},\"image\":{\"@id\":\"https:\/\/dabis.cz\/#logo\"}},{\"@type\":\"WebSite\",\"@id\":\"https:\/\/dabis.cz\/#website\",\"url\":\"https:\/\/dabis.cz\/\",\"name\":\"DabiS\",\"description\":\"Centr\\u00e1ln\\u00ed evidence p\\u0159estupk\\u016f, statistika \\u010dinnosti, \\u00fa\\u0159edn\\u00ed z\\u00e1znamy\",\"publisher\":{\"@id\":\"https:\/\/dabis.cz\/#organization\"},\"potentialAction\":[{\"@type\":\"SearchAction\",\"target\":{\"@type\":\"EntryPoint\",\"urlTemplate\":\"https:\/\/dabis.cz\/?s={search_term_string}\"},\"query-input\":\"required name=search_term_string\"}],\"inLanguage\":\"en-US\"},{\"@type\":\"WebPage\",\"@id\":\"https:\/\/dabis.cz\/en\/products-and-services\/software-for-it\/sw-for-helpdesk\/#webpage\",\"url\":\"https:\/\/dabis.cz\/en\/products-and-services\/software-for-it\/sw-for-helpdesk\/\",\"name\":\"SW for Helpdesk - DabiS\",\"isPartOf\":{\"@id\":\"https:\/\/dabis.cz\/#website\"},\"datePublished\":\"2019-04-05T14:50:38+00:00\",\"dateModified\":\"2019-04-05T14:50:38+00:00\",\"description\":\"Profesionalita a individu\\u00e1ln\\u00ed p\\u0159\\u00edstup advok\\u00e1t\\u016f kancel\\u00e1\\u0159e Mazel&Sm\\u011bja v Praze 2.\",\"breadcrumb\":{\"@id\":\"https:\/\/dabis.cz\/en\/products-and-services\/software-for-it\/sw-for-helpdesk\/#breadcrumb\"},\"inLanguage\":\"en-US\",\"potentialAction\":[{\"@type\":\"ReadAction\",\"target\":[\"https:\/\/dabis.cz\/en\/products-and-services\/software-for-it\/sw-for-helpdesk\/\"]}]},{\"@type\":\"BreadcrumbList\",\"@id\":\"https:\/\/dabis.cz\/en\/products-and-services\/software-for-it\/sw-for-helpdesk\/#breadcrumb\",\"itemListElement\":[{\"@type\":\"ListItem\",\"position\":1,\"name\":\"Dom\\u016f\",\"item\":\"https:\/\/dabis.cz\/en\/\"},{\"@type\":\"ListItem\",\"position\":2,\"name\":\"Products and Services\",\"item\":\"https:\/\/dabis.cz\/en\/products-and-services\/\"},{\"@type\":\"ListItem\",\"position\":3,\"name\":\"Software for IT\",\"item\":\"https:\/\/dabis.cz\/en\/products-and-services\/software-for-it\/\"},{\"@type\":\"ListItem\",\"position\":4,\"name\":\"SW for Helpdesk\"}]}]}<\/script>\n<!-- \/ Yoast SEO plugin. -->","yoast_head_json":{"description":"Profesionalita a individu\u00e1ln\u00ed p\u0159\u00edstup advok\u00e1t\u016f kancel\u00e1\u0159e Mazel&Sm\u011bja v Praze 2.","robots":{"index":"index","follow":"follow","max-snippet":"max-snippet:-1","max-image-preview":"max-image-preview:large","max-video-preview":"max-video-preview:-1"},"canonical":"https:\/\/dabis.cz\/en\/products-and-services\/software-for-it\/sw-for-helpdesk\/","og_locale":"en_US","og_type":"article","og_title":"SW for Helpdesk - DabiS","og_description":"Profesionalita a individu\u00e1ln\u00ed p\u0159\u00edstup advok\u00e1t\u016f kancel\u00e1\u0159e Mazel&Sm\u011bja v Praze 2.","og_url":"https:\/\/dabis.cz\/en\/products-and-services\/software-for-it\/sw-for-helpdesk\/","og_site_name":"DabiS","twitter_card":"summary","twitter_misc":{"Est. reading time":"1 minute"},"schema":{"@context":"https:\/\/schema.org","@graph":[{"@type":"Organization","@id":"https:\/\/dabis.cz\/#organization","name":"Dabis","url":"https:\/\/dabis.cz\/","sameAs":[],"logo":{"@type":"ImageObject","@id":"https:\/\/dabis.cz\/#logo","inLanguage":"en-US","url":"https:\/\/dabis.cz\/wp-content\/uploads\/2019\/04\/dabis-logo.png","contentUrl":"https:\/\/dabis.cz\/wp-content\/uploads\/2019\/04\/dabis-logo.png","width":119,"height":74,"caption":"Dabis"},"image":{"@id":"https:\/\/dabis.cz\/#logo"}},{"@type":"WebSite","@id":"https:\/\/dabis.cz\/#website","url":"https:\/\/dabis.cz\/","name":"DabiS","description":"Centr\u00e1ln\u00ed evidence p\u0159estupk\u016f, statistika \u010dinnosti, \u00fa\u0159edn\u00ed z\u00e1znamy","publisher":{"@id":"https:\/\/dabis.cz\/#organization"},"potentialAction":[{"@type":"SearchAction","target":{"@type":"EntryPoint","urlTemplate":"https:\/\/dabis.cz\/?s={search_term_string}"},"query-input":"required name=search_term_string"}],"inLanguage":"en-US"},{"@type":"WebPage","@id":"https:\/\/dabis.cz\/en\/products-and-services\/software-for-it\/sw-for-helpdesk\/#webpage","url":"https:\/\/dabis.cz\/en\/products-and-services\/software-for-it\/sw-for-helpdesk\/","name":"SW for Helpdesk - DabiS","isPartOf":{"@id":"https:\/\/dabis.cz\/#website"},"datePublished":"2019-04-05T14:50:38+00:00","dateModified":"2019-04-05T14:50:38+00:00","description":"Profesionalita a individu\u00e1ln\u00ed p\u0159\u00edstup advok\u00e1t\u016f kancel\u00e1\u0159e Mazel&Sm\u011bja v Praze 2.","breadcrumb":{"@id":"https:\/\/dabis.cz\/en\/products-and-services\/software-for-it\/sw-for-helpdesk\/#breadcrumb"},"inLanguage":"en-US","potentialAction":[{"@type":"ReadAction","target":["https:\/\/dabis.cz\/en\/products-and-services\/software-for-it\/sw-for-helpdesk\/"]}]},{"@type":"BreadcrumbList","@id":"https:\/\/dabis.cz\/en\/products-and-services\/software-for-it\/sw-for-helpdesk\/#breadcrumb","itemListElement":[{"@type":"ListItem","position":1,"name":"Dom\u016f","item":"https:\/\/dabis.cz\/en\/"},{"@type":"ListItem","position":2,"name":"Products and Services","item":"https:\/\/dabis.cz\/en\/products-and-services\/"},{"@type":"ListItem","position":3,"name":"Software for IT","item":"https:\/\/dabis.cz\/en\/products-and-services\/software-for-it\/"},{"@type":"ListItem","position":4,"name":"SW for Helpdesk"}]}]}},"_links":{"self":[{"href":"https:\/\/dabis.cz\/en\/wp-json\/wp\/v2\/pages\/987"}],"collection":[{"href":"https:\/\/dabis.cz\/en\/wp-json\/wp\/v2\/pages"}],"about":[{"href":"https:\/\/dabis.cz\/en\/wp-json\/wp\/v2\/types\/page"}],"author":[{"embeddable":true,"href":"https:\/\/dabis.cz\/en\/wp-json\/wp\/v2\/users\/6"}],"replies":[{"embeddable":true,"href":"https:\/\/dabis.cz\/en\/wp-json\/wp\/v2\/comments?post=987"}],"version-history":[{"count":1,"href":"https:\/\/dabis.cz\/en\/wp-json\/wp\/v2\/pages\/987\/revisions"}],"predecessor-version":[{"id":988,"href":"https:\/\/dabis.cz\/en\/wp-json\/wp\/v2\/pages\/987\/revisions\/988"}],"up":[{"embeddable":true,"href":"https:\/\/dabis.cz\/en\/wp-json\/wp\/v2\/pages\/698"}],"wp:attachment":[{"href":"https:\/\/dabis.cz\/en\/wp-json\/wp\/v2\/media?parent=987"}],"curies":[{"name":"wp","href":"https:\/\/api.w.org\/{rel}","templated":true}]}}