{"id":982,"date":"2019-04-05T16:47:39","date_gmt":"2019-04-05T14:47:39","guid":{"rendered":"https:\/\/dabis.cz\/?page_id=982"},"modified":"2019-04-05T16:47:39","modified_gmt":"2019-04-05T14:47:39","slug":"database-software","status":"publish","type":"page","link":"https:\/\/dabis.cz\/en\/products-and-services\/database-systems\/database-software\/","title":{"rendered":"Database Software"},"content":{"rendered":"<h2>Database software \u2013 a&nbsp;safe warehouse for hundreds of millions of data items<\/h2>\n<p>Data which count in hundreds of millions cannot be registered in any other way than using a&nbsp;fully automated system \u2013 otherwise, a&nbsp;collapse of the company, both informational and administrative, is inevitable.\u00a0<strong>Database software<\/strong>\u00a0by\u00a0<a href=\"https:\/\/dabis.cz\/en\">DabiS.cz\u00a0<\/a>provides a&nbsp;safe warehouse for millions of your data guaranteeing their effective management. What does database software by DabiS.cz mean?<\/p>\n<ul>\n<li><strong>Hundreds of millions of data items<\/strong> <strong>will be safely deposited in a&nbsp;single place<\/strong><\/li>\n<li>Possibility of quick and effective operations with information<\/li>\n<li>Quick and effective data management, analysis, and synthesis<\/li>\n<li><strong>Tailor-made solutions<\/strong>\u2013 we implement both big\u00a0<a href=\"https:\/\/dabis.cz\/en\/informacni-systemy-na-klic-2\/\">information systems<\/a>\u00a0and smaller applications<\/li>\n<li>Perfect track of sales, costs, profits etc.<\/li>\n<li><strong>Your business will be much more successful thanks to well-arranged data <\/strong><\/li>\n<\/ul>\n<p>Let a&nbsp;top database software on Microsoft SQL platform implemented by the leading Czech company in the sphere of information systems and\u00a0<a href=\"https:\/\/dabis.cz\/en\/databazove-systemy\/\">turnkey database applications<\/a>. Take advantage of our <strong>experience of more than <\/strong><strong>15 years<\/strong>\u00a0in large projects as well as databases for smaller enterprises, and rely on our warranty of <strong>\u00a0remarkably lower price <\/strong>in comparison with our competitors. Do not hesitate and contact us today!<\/p>\n<h2>A big and successful business cannot do without a&nbsp;functional database software<\/h2>\n<p><strong>Database software<\/strong><strong>\u00a0<\/strong>is a&nbsp;precondition for any big business. While Excel charts are enough for a&nbsp;smaller company, a&nbsp;big business needs full automation and a&nbsp;functional system. DabiS.cz develops tailor-made database solutions which cover especially <strong>economic and manufacturing records<\/strong> of both big and smaller clients in a&nbsp;variety of branches. Our portfolio of\u00a0<a href=\"https:\/\/dabis.cz\/en\/reference\/\">references\u00a0<\/a>includes a&nbsp;number of successful companies and projects whose business is now much more effective thanks to our applications. Be as successful as they are thanks to our top <strong>database software <\/strong>and\u00a0<a href=\"https:\/\/dabis.cz\/en\/kontakty\/\">contact us right now<\/a>!\u00a0<\/p>\n","protected":false},"excerpt":{"rendered":"<p>Database software \u2013 a&nbsp;safe warehouse for hundreds of millions of data items Data which count in hundreds of millions cannot be registered in any other way than using a&nbsp;fully automated system \u2013 otherwise, a&nbsp;collapse of&#8230;<br \/><a class=\"moretag\" href=\"https:\/\/dabis.cz\/en\/products-and-services\/database-systems\/database-software\/\"> ZJISTIT V\u00cdCE<\/a><\/p>\n","protected":false},"author":6,"featured_media":0,"parent":686,"menu_order":0,"comment_status":"closed","ping_status":"closed","template":"","meta":[],"yoast_head":"<!-- This site is optimized with the Yoast SEO plugin v17.8 - https:\/\/yoast.com\/wordpress\/plugins\/seo\/ -->\n<meta name=\"description\" content=\"Profesionalita a individu\u00e1ln\u00ed p\u0159\u00edstup advok\u00e1t\u016f kancel\u00e1\u0159e Mazel&amp;Sm\u011bja v Praze 2.\" \/>\n<meta name=\"robots\" content=\"index, follow, max-snippet:-1, max-image-preview:large, max-video-preview:-1\" \/>\n<link rel=\"canonical\" href=\"https:\/\/dabis.cz\/en\/products-and-services\/database-systems\/database-software\/\" \/>\n<meta property=\"og:locale\" content=\"en_US\" \/>\n<meta property=\"og:type\" content=\"article\" \/>\n<meta property=\"og:title\" content=\"Database Software - DabiS\" \/>\n<meta property=\"og:description\" content=\"Profesionalita a individu\u00e1ln\u00ed p\u0159\u00edstup advok\u00e1t\u016f kancel\u00e1\u0159e Mazel&amp;Sm\u011bja v Praze 2.\" \/>\n<meta property=\"og:url\" content=\"https:\/\/dabis.cz\/en\/products-and-services\/database-systems\/database-software\/\" \/>\n<meta property=\"og:site_name\" content=\"DabiS\" \/>\n<meta name=\"twitter:card\" content=\"summary\" \/>\n<meta name=\"twitter:label1\" content=\"Est. reading time\" \/>\n\t<meta name=\"twitter:data1\" content=\"1 minute\" \/>\n<script type=\"application\/ld+json\" class=\"yoast-schema-graph\">{\"@context\":\"https:\/\/schema.org\",\"@graph\":[{\"@type\":\"Organization\",\"@id\":\"https:\/\/dabis.cz\/#organization\",\"name\":\"Dabis\",\"url\":\"https:\/\/dabis.cz\/\",\"sameAs\":[],\"logo\":{\"@type\":\"ImageObject\",\"@id\":\"https:\/\/dabis.cz\/#logo\",\"inLanguage\":\"en-US\",\"url\":\"https:\/\/dabis.cz\/wp-content\/uploads\/2019\/04\/dabis-logo.png\",\"contentUrl\":\"https:\/\/dabis.cz\/wp-content\/uploads\/2019\/04\/dabis-logo.png\",\"width\":119,\"height\":74,\"caption\":\"Dabis\"},\"image\":{\"@id\":\"https:\/\/dabis.cz\/#logo\"}},{\"@type\":\"WebSite\",\"@id\":\"https:\/\/dabis.cz\/#website\",\"url\":\"https:\/\/dabis.cz\/\",\"name\":\"DabiS\",\"description\":\"Centr\\u00e1ln\\u00ed evidence p\\u0159estupk\\u016f, statistika \\u010dinnosti, \\u00fa\\u0159edn\\u00ed z\\u00e1znamy\",\"publisher\":{\"@id\":\"https:\/\/dabis.cz\/#organization\"},\"potentialAction\":[{\"@type\":\"SearchAction\",\"target\":{\"@type\":\"EntryPoint\",\"urlTemplate\":\"https:\/\/dabis.cz\/?s={search_term_string}\"},\"query-input\":\"required name=search_term_string\"}],\"inLanguage\":\"en-US\"},{\"@type\":\"WebPage\",\"@id\":\"https:\/\/dabis.cz\/en\/products-and-services\/database-systems\/database-software\/#webpage\",\"url\":\"https:\/\/dabis.cz\/en\/products-and-services\/database-systems\/database-software\/\",\"name\":\"Database Software - DabiS\",\"isPartOf\":{\"@id\":\"https:\/\/dabis.cz\/#website\"},\"datePublished\":\"2019-04-05T14:47:39+00:00\",\"dateModified\":\"2019-04-05T14:47:39+00:00\",\"description\":\"Profesionalita a individu\\u00e1ln\\u00ed p\\u0159\\u00edstup advok\\u00e1t\\u016f kancel\\u00e1\\u0159e Mazel&Sm\\u011bja v Praze 2.\",\"breadcrumb\":{\"@id\":\"https:\/\/dabis.cz\/en\/products-and-services\/database-systems\/database-software\/#breadcrumb\"},\"inLanguage\":\"en-US\",\"potentialAction\":[{\"@type\":\"ReadAction\",\"target\":[\"https:\/\/dabis.cz\/en\/products-and-services\/database-systems\/database-software\/\"]}]},{\"@type\":\"BreadcrumbList\",\"@id\":\"https:\/\/dabis.cz\/en\/products-and-services\/database-systems\/database-software\/#breadcrumb\",\"itemListElement\":[{\"@type\":\"ListItem\",\"position\":1,\"name\":\"Dom\\u016f\",\"item\":\"https:\/\/dabis.cz\/en\/\"},{\"@type\":\"ListItem\",\"position\":2,\"name\":\"Products and Services\",\"item\":\"https:\/\/dabis.cz\/en\/products-and-services\/\"},{\"@type\":\"ListItem\",\"position\":3,\"name\":\"Database Systems\",\"item\":\"https:\/\/dabis.cz\/en\/products-and-services\/database-systems\/\"},{\"@type\":\"ListItem\",\"position\":4,\"name\":\"Database Software\"}]}]}<\/script>\n<!-- \/ Yoast SEO plugin. -->","yoast_head_json":{"description":"Profesionalita a individu\u00e1ln\u00ed p\u0159\u00edstup advok\u00e1t\u016f kancel\u00e1\u0159e Mazel&Sm\u011bja v Praze 2.","robots":{"index":"index","follow":"follow","max-snippet":"max-snippet:-1","max-image-preview":"max-image-preview:large","max-video-preview":"max-video-preview:-1"},"canonical":"https:\/\/dabis.cz\/en\/products-and-services\/database-systems\/database-software\/","og_locale":"en_US","og_type":"article","og_title":"Database Software - DabiS","og_description":"Profesionalita a individu\u00e1ln\u00ed p\u0159\u00edstup advok\u00e1t\u016f kancel\u00e1\u0159e Mazel&Sm\u011bja v Praze 2.","og_url":"https:\/\/dabis.cz\/en\/products-and-services\/database-systems\/database-software\/","og_site_name":"DabiS","twitter_card":"summary","twitter_misc":{"Est. reading time":"1 minute"},"schema":{"@context":"https:\/\/schema.org","@graph":[{"@type":"Organization","@id":"https:\/\/dabis.cz\/#organization","name":"Dabis","url":"https:\/\/dabis.cz\/","sameAs":[],"logo":{"@type":"ImageObject","@id":"https:\/\/dabis.cz\/#logo","inLanguage":"en-US","url":"https:\/\/dabis.cz\/wp-content\/uploads\/2019\/04\/dabis-logo.png","contentUrl":"https:\/\/dabis.cz\/wp-content\/uploads\/2019\/04\/dabis-logo.png","width":119,"height":74,"caption":"Dabis"},"image":{"@id":"https:\/\/dabis.cz\/#logo"}},{"@type":"WebSite","@id":"https:\/\/dabis.cz\/#website","url":"https:\/\/dabis.cz\/","name":"DabiS","description":"Centr\u00e1ln\u00ed evidence p\u0159estupk\u016f, statistika \u010dinnosti, \u00fa\u0159edn\u00ed z\u00e1znamy","publisher":{"@id":"https:\/\/dabis.cz\/#organization"},"potentialAction":[{"@type":"SearchAction","target":{"@type":"EntryPoint","urlTemplate":"https:\/\/dabis.cz\/?s={search_term_string}"},"query-input":"required name=search_term_string"}],"inLanguage":"en-US"},{"@type":"WebPage","@id":"https:\/\/dabis.cz\/en\/products-and-services\/database-systems\/database-software\/#webpage","url":"https:\/\/dabis.cz\/en\/products-and-services\/database-systems\/database-software\/","name":"Database Software - DabiS","isPartOf":{"@id":"https:\/\/dabis.cz\/#website"},"datePublished":"2019-04-05T14:47:39+00:00","dateModified":"2019-04-05T14:47:39+00:00","description":"Profesionalita a individu\u00e1ln\u00ed p\u0159\u00edstup advok\u00e1t\u016f kancel\u00e1\u0159e Mazel&Sm\u011bja v Praze 2.","breadcrumb":{"@id":"https:\/\/dabis.cz\/en\/products-and-services\/database-systems\/database-software\/#breadcrumb"},"inLanguage":"en-US","potentialAction":[{"@type":"ReadAction","target":["https:\/\/dabis.cz\/en\/products-and-services\/database-systems\/database-software\/"]}]},{"@type":"BreadcrumbList","@id":"https:\/\/dabis.cz\/en\/products-and-services\/database-systems\/database-software\/#breadcrumb","itemListElement":[{"@type":"ListItem","position":1,"name":"Dom\u016f","item":"https:\/\/dabis.cz\/en\/"},{"@type":"ListItem","position":2,"name":"Products and Services","item":"https:\/\/dabis.cz\/en\/products-and-services\/"},{"@type":"ListItem","position":3,"name":"Database Systems","item":"https:\/\/dabis.cz\/en\/products-and-services\/database-systems\/"},{"@type":"ListItem","position":4,"name":"Database Software"}]}]}},"_links":{"self":[{"href":"https:\/\/dabis.cz\/en\/wp-json\/wp\/v2\/pages\/982"}],"collection":[{"href":"https:\/\/dabis.cz\/en\/wp-json\/wp\/v2\/pages"}],"about":[{"href":"https:\/\/dabis.cz\/en\/wp-json\/wp\/v2\/types\/page"}],"author":[{"embeddable":true,"href":"https:\/\/dabis.cz\/en\/wp-json\/wp\/v2\/users\/6"}],"replies":[{"embeddable":true,"href":"https:\/\/dabis.cz\/en\/wp-json\/wp\/v2\/comments?post=982"}],"version-history":[{"count":1,"href":"https:\/\/dabis.cz\/en\/wp-json\/wp\/v2\/pages\/982\/revisions"}],"predecessor-version":[{"id":983,"href":"https:\/\/dabis.cz\/en\/wp-json\/wp\/v2\/pages\/982\/revisions\/983"}],"up":[{"embeddable":true,"href":"https:\/\/dabis.cz\/en\/wp-json\/wp\/v2\/pages\/686"}],"wp:attachment":[{"href":"https:\/\/dabis.cz\/en\/wp-json\/wp\/v2\/media?parent=982"}],"curies":[{"name":"wp","href":"https:\/\/api.w.org\/{rel}","templated":true}]}}