{"id":972,"date":"2019-04-05T16:44:30","date_gmt":"2019-04-05T14:44:30","guid":{"rendered":"https:\/\/dabis.cz\/?page_id=972"},"modified":"2019-04-05T16:44:30","modified_gmt":"2019-04-05T14:44:30","slug":"turnkey-database-applications","status":"publish","type":"page","link":"https:\/\/dabis.cz\/en\/products-and-services\/database-systems\/turnkey-database-applications\/","title":{"rendered":"Turnkey Database Applications"},"content":{"rendered":"<p>Turnkey database applications enable to manage company processes in an effective wayDo you need to process jobs, offers, orders, invoices and other operational and economic processes quickly and easily at the same time? Turnkey database applications which interconnect and share information making it accessible throughout your company and\/or with your business partners, suppliers and customers are an effective solution. Exact focusing on your company\u2019s particular needs is an advantage of the turnkey database application by\u00a0DabiS.cz.DabiS.cz as a&nbsp;specialist in database software development provides for a&nbsp;complex solution in the form of a&nbsp;platform for the depositing and management of company data having a&nbsp;number of specific administrator and developer tools. Using the database application, you will be able to attend project management, communication with clients and other common office work in several seconds, avoiding useless paperwork.\u00a0Database applications are a&nbsp;useful aid in any area of business \u2013 trade, manufacture, banking, public administration etc.Be the elite of your business thanks to functional database systems!The technologically advanced product brings advantages especially thanks to incomparably quicker, cheaper and more trouble-free data update, making adjustments and changes with immediate effect for all users. Tailor-made implementation, quick operation and effective use of applications removes problems of demanding and lengthy paperwork, making data registration, checking and processing easier.Database applications by DabiS.cz can be expanded or adjusted anytime according to current needs or changes in your company. We are able to create a&nbsp;complex database system out of even a&nbsp;small database application in several years. Please see the\u00a0references\u00a0from a&nbsp;number of our satisfied customers where we have already implemented turnkey database applications, and\u00a0order a&nbsp;turnkey database application\u00a0to make your business\u2019 s&nbsp;operation more effective right now.<\/p>\n","protected":false},"excerpt":{"rendered":"<p>Turnkey database applications enable to manage company processes in an effective wayDo you need to process jobs, offers, orders, invoices and other operational and economic processes quickly and easily at the same time? Turnkey database&#8230;<br \/><a class=\"moretag\" href=\"https:\/\/dabis.cz\/en\/products-and-services\/database-systems\/turnkey-database-applications\/\"> ZJISTIT V\u00cdCE<\/a><\/p>\n","protected":false},"author":6,"featured_media":0,"parent":686,"menu_order":0,"comment_status":"closed","ping_status":"closed","template":"","meta":[],"yoast_head":"<!-- This site is optimized with the Yoast SEO plugin v17.8 - https:\/\/yoast.com\/wordpress\/plugins\/seo\/ -->\n<meta name=\"description\" content=\"Profesionalita a individu\u00e1ln\u00ed p\u0159\u00edstup advok\u00e1t\u016f kancel\u00e1\u0159e Mazel&amp;Sm\u011bja v Praze 2.\" \/>\n<meta name=\"robots\" content=\"index, follow, max-snippet:-1, max-image-preview:large, max-video-preview:-1\" \/>\n<link rel=\"canonical\" href=\"https:\/\/dabis.cz\/en\/products-and-services\/database-systems\/turnkey-database-applications\/\" \/>\n<meta property=\"og:locale\" content=\"en_US\" \/>\n<meta property=\"og:type\" content=\"article\" \/>\n<meta property=\"og:title\" content=\"Turnkey Database Applications - DabiS\" \/>\n<meta property=\"og:description\" content=\"Profesionalita a individu\u00e1ln\u00ed p\u0159\u00edstup advok\u00e1t\u016f kancel\u00e1\u0159e Mazel&amp;Sm\u011bja v Praze 2.\" \/>\n<meta property=\"og:url\" content=\"https:\/\/dabis.cz\/en\/products-and-services\/database-systems\/turnkey-database-applications\/\" \/>\n<meta property=\"og:site_name\" content=\"DabiS\" \/>\n<meta name=\"twitter:card\" content=\"summary\" \/>\n<meta name=\"twitter:label1\" content=\"Est. reading time\" \/>\n\t<meta name=\"twitter:data1\" content=\"1 minute\" \/>\n<script type=\"application\/ld+json\" class=\"yoast-schema-graph\">{\"@context\":\"https:\/\/schema.org\",\"@graph\":[{\"@type\":\"Organization\",\"@id\":\"https:\/\/dabis.cz\/#organization\",\"name\":\"Dabis\",\"url\":\"https:\/\/dabis.cz\/\",\"sameAs\":[],\"logo\":{\"@type\":\"ImageObject\",\"@id\":\"https:\/\/dabis.cz\/#logo\",\"inLanguage\":\"en-US\",\"url\":\"https:\/\/dabis.cz\/wp-content\/uploads\/2019\/04\/dabis-logo.png\",\"contentUrl\":\"https:\/\/dabis.cz\/wp-content\/uploads\/2019\/04\/dabis-logo.png\",\"width\":119,\"height\":74,\"caption\":\"Dabis\"},\"image\":{\"@id\":\"https:\/\/dabis.cz\/#logo\"}},{\"@type\":\"WebSite\",\"@id\":\"https:\/\/dabis.cz\/#website\",\"url\":\"https:\/\/dabis.cz\/\",\"name\":\"DabiS\",\"description\":\"Centr\\u00e1ln\\u00ed evidence p\\u0159estupk\\u016f, statistika \\u010dinnosti, \\u00fa\\u0159edn\\u00ed z\\u00e1znamy\",\"publisher\":{\"@id\":\"https:\/\/dabis.cz\/#organization\"},\"potentialAction\":[{\"@type\":\"SearchAction\",\"target\":{\"@type\":\"EntryPoint\",\"urlTemplate\":\"https:\/\/dabis.cz\/?s={search_term_string}\"},\"query-input\":\"required name=search_term_string\"}],\"inLanguage\":\"en-US\"},{\"@type\":\"WebPage\",\"@id\":\"https:\/\/dabis.cz\/en\/products-and-services\/database-systems\/turnkey-database-applications\/#webpage\",\"url\":\"https:\/\/dabis.cz\/en\/products-and-services\/database-systems\/turnkey-database-applications\/\",\"name\":\"Turnkey Database Applications - DabiS\",\"isPartOf\":{\"@id\":\"https:\/\/dabis.cz\/#website\"},\"datePublished\":\"2019-04-05T14:44:30+00:00\",\"dateModified\":\"2019-04-05T14:44:30+00:00\",\"description\":\"Profesionalita a individu\\u00e1ln\\u00ed p\\u0159\\u00edstup advok\\u00e1t\\u016f kancel\\u00e1\\u0159e Mazel&Sm\\u011bja v Praze 2.\",\"breadcrumb\":{\"@id\":\"https:\/\/dabis.cz\/en\/products-and-services\/database-systems\/turnkey-database-applications\/#breadcrumb\"},\"inLanguage\":\"en-US\",\"potentialAction\":[{\"@type\":\"ReadAction\",\"target\":[\"https:\/\/dabis.cz\/en\/products-and-services\/database-systems\/turnkey-database-applications\/\"]}]},{\"@type\":\"BreadcrumbList\",\"@id\":\"https:\/\/dabis.cz\/en\/products-and-services\/database-systems\/turnkey-database-applications\/#breadcrumb\",\"itemListElement\":[{\"@type\":\"ListItem\",\"position\":1,\"name\":\"Dom\\u016f\",\"item\":\"https:\/\/dabis.cz\/en\/\"},{\"@type\":\"ListItem\",\"position\":2,\"name\":\"Products and Services\",\"item\":\"https:\/\/dabis.cz\/en\/products-and-services\/\"},{\"@type\":\"ListItem\",\"position\":3,\"name\":\"Database Systems\",\"item\":\"https:\/\/dabis.cz\/en\/products-and-services\/database-systems\/\"},{\"@type\":\"ListItem\",\"position\":4,\"name\":\"Turnkey Database Applications\"}]}]}<\/script>\n<!-- \/ Yoast SEO plugin. -->","yoast_head_json":{"description":"Profesionalita a individu\u00e1ln\u00ed p\u0159\u00edstup advok\u00e1t\u016f kancel\u00e1\u0159e Mazel&Sm\u011bja v Praze 2.","robots":{"index":"index","follow":"follow","max-snippet":"max-snippet:-1","max-image-preview":"max-image-preview:large","max-video-preview":"max-video-preview:-1"},"canonical":"https:\/\/dabis.cz\/en\/products-and-services\/database-systems\/turnkey-database-applications\/","og_locale":"en_US","og_type":"article","og_title":"Turnkey Database Applications - DabiS","og_description":"Profesionalita a individu\u00e1ln\u00ed p\u0159\u00edstup advok\u00e1t\u016f kancel\u00e1\u0159e Mazel&Sm\u011bja v Praze 2.","og_url":"https:\/\/dabis.cz\/en\/products-and-services\/database-systems\/turnkey-database-applications\/","og_site_name":"DabiS","twitter_card":"summary","twitter_misc":{"Est. reading time":"1 minute"},"schema":{"@context":"https:\/\/schema.org","@graph":[{"@type":"Organization","@id":"https:\/\/dabis.cz\/#organization","name":"Dabis","url":"https:\/\/dabis.cz\/","sameAs":[],"logo":{"@type":"ImageObject","@id":"https:\/\/dabis.cz\/#logo","inLanguage":"en-US","url":"https:\/\/dabis.cz\/wp-content\/uploads\/2019\/04\/dabis-logo.png","contentUrl":"https:\/\/dabis.cz\/wp-content\/uploads\/2019\/04\/dabis-logo.png","width":119,"height":74,"caption":"Dabis"},"image":{"@id":"https:\/\/dabis.cz\/#logo"}},{"@type":"WebSite","@id":"https:\/\/dabis.cz\/#website","url":"https:\/\/dabis.cz\/","name":"DabiS","description":"Centr\u00e1ln\u00ed evidence p\u0159estupk\u016f, statistika \u010dinnosti, \u00fa\u0159edn\u00ed z\u00e1znamy","publisher":{"@id":"https:\/\/dabis.cz\/#organization"},"potentialAction":[{"@type":"SearchAction","target":{"@type":"EntryPoint","urlTemplate":"https:\/\/dabis.cz\/?s={search_term_string}"},"query-input":"required name=search_term_string"}],"inLanguage":"en-US"},{"@type":"WebPage","@id":"https:\/\/dabis.cz\/en\/products-and-services\/database-systems\/turnkey-database-applications\/#webpage","url":"https:\/\/dabis.cz\/en\/products-and-services\/database-systems\/turnkey-database-applications\/","name":"Turnkey Database Applications - DabiS","isPartOf":{"@id":"https:\/\/dabis.cz\/#website"},"datePublished":"2019-04-05T14:44:30+00:00","dateModified":"2019-04-05T14:44:30+00:00","description":"Profesionalita a individu\u00e1ln\u00ed p\u0159\u00edstup advok\u00e1t\u016f kancel\u00e1\u0159e Mazel&Sm\u011bja v Praze 2.","breadcrumb":{"@id":"https:\/\/dabis.cz\/en\/products-and-services\/database-systems\/turnkey-database-applications\/#breadcrumb"},"inLanguage":"en-US","potentialAction":[{"@type":"ReadAction","target":["https:\/\/dabis.cz\/en\/products-and-services\/database-systems\/turnkey-database-applications\/"]}]},{"@type":"BreadcrumbList","@id":"https:\/\/dabis.cz\/en\/products-and-services\/database-systems\/turnkey-database-applications\/#breadcrumb","itemListElement":[{"@type":"ListItem","position":1,"name":"Dom\u016f","item":"https:\/\/dabis.cz\/en\/"},{"@type":"ListItem","position":2,"name":"Products and Services","item":"https:\/\/dabis.cz\/en\/products-and-services\/"},{"@type":"ListItem","position":3,"name":"Database Systems","item":"https:\/\/dabis.cz\/en\/products-and-services\/database-systems\/"},{"@type":"ListItem","position":4,"name":"Turnkey Database Applications"}]}]}},"_links":{"self":[{"href":"https:\/\/dabis.cz\/en\/wp-json\/wp\/v2\/pages\/972"}],"collection":[{"href":"https:\/\/dabis.cz\/en\/wp-json\/wp\/v2\/pages"}],"about":[{"href":"https:\/\/dabis.cz\/en\/wp-json\/wp\/v2\/types\/page"}],"author":[{"embeddable":true,"href":"https:\/\/dabis.cz\/en\/wp-json\/wp\/v2\/users\/6"}],"replies":[{"embeddable":true,"href":"https:\/\/dabis.cz\/en\/wp-json\/wp\/v2\/comments?post=972"}],"version-history":[{"count":1,"href":"https:\/\/dabis.cz\/en\/wp-json\/wp\/v2\/pages\/972\/revisions"}],"predecessor-version":[{"id":973,"href":"https:\/\/dabis.cz\/en\/wp-json\/wp\/v2\/pages\/972\/revisions\/973"}],"up":[{"embeddable":true,"href":"https:\/\/dabis.cz\/en\/wp-json\/wp\/v2\/pages\/686"}],"wp:attachment":[{"href":"https:\/\/dabis.cz\/en\/wp-json\/wp\/v2\/media?parent=972"}],"curies":[{"name":"wp","href":"https:\/\/api.w.org\/{rel}","templated":true}]}}