{"id":968,"date":"2019-04-05T16:42:19","date_gmt":"2019-04-05T14:42:19","guid":{"rendered":"https:\/\/dabis.cz\/?page_id=968"},"modified":"2019-04-05T16:42:19","modified_gmt":"2019-04-05T14:42:19","slug":"managerial-information-systems","status":"publish","type":"page","link":"https:\/\/dabis.cz\/en\/products-and-services\/information-systems\/managerial-information-systems\/","title":{"rendered":"Managerial Information Systems"},"content":{"rendered":"<h2>Managerial information systems to improve your company\u2019s data organization<\/h2>\n<p>Do you need to assure effective communication between the departments of your company? Do you use e-mail communication end Excel charts for <strong>company data management and transfers<\/strong>? Do you spend too much time creating plans, <strong>approving process changes, <\/strong>reporting and making analyses? Make your work easier and have a&nbsp;suitable <strong>managerial information system <\/strong>implemented by specialists from <a href=\"https:\/\/dabis.cz\/en\">DabiS.cz<\/a>\u00a0right to measure of your specific needs.<\/p>\n<p>&nbsp;<\/p>\n<h2>What are managerial information systems able to do?<\/h2>\n<p><strong>A managerial information system<\/strong>\u00a0<strong>(MIS)<\/strong><strong>\u00a0<\/strong>is an indispensable tool of any middle-size or bigger company where a&nbsp;major volume of data is processed every day, <strong>contracts are registered, projects are planned, communication is kept with customers and suppliers<\/strong>.<\/p>\n<ul>\n<li><strong>It sorts out data <\/strong><strong>from many systems and departments (accounting, controlling, planning, production, sales) and <\/strong><strong>warehouses <\/strong><strong>them in a&nbsp;single place<\/strong><\/li>\n<li><strong>Manages records of offers<\/strong><\/li>\n<li>Creates and<strong>checks budgets<\/strong><\/li>\n<li>Records and<strong>treats invoices<\/strong><\/li>\n<li>Manages and tracks<strong>supplier projects<\/strong><\/li>\n<li>Supports <strong>customer relationships<\/strong><\/li>\n<li>Processes <strong>analyses and statistics<\/strong><\/li>\n<li>Creates<strong>reports<\/strong><\/li>\n<li><strong>Distributes <\/strong><strong>data processed<\/strong><\/li>\n<\/ul>\n<p>&nbsp;<\/p>\n<p>During the last ten years, <strong>we have developed a&nbsp;number of turnkey managerial information systems, <\/strong>from smaller applications, through <strong>SRM<\/strong>\u00a0and\u00a0<strong>CRM<\/strong>\u00a0systems, up to <strong>large information systems <\/strong>for project management of large <strong>companies. Multinational corporations<\/strong> doing business in Europe, Asia and America belong to our customers.\u00a0<a href=\"https:\/\/dabis.cz\/en\/reference\/\">Look whom we have already implemented a&nbsp;managerial information system<\/a>!\u00a0<strong>Save costs<\/strong>\u00a0and replace ineffective and lengthy organization of all company documents with a&nbsp;user-friendly <strong>managerial systems <\/strong>able to guard the management of all data automatically, instead of you. <a href=\"https:\/\/dabis.cz\/en\/kontakty\/\">Order a&nbsp;managerial information system today!<\/a><\/p>\n","protected":false},"excerpt":{"rendered":"<p>Managerial information systems to improve your company\u2019s data organization Do you need to assure effective communication between the departments of your company? Do you use e-mail communication end Excel charts for company data management and&#8230;<br \/><a class=\"moretag\" href=\"https:\/\/dabis.cz\/en\/products-and-services\/information-systems\/managerial-information-systems\/\"> ZJISTIT V\u00cdCE<\/a><\/p>\n","protected":false},"author":6,"featured_media":0,"parent":682,"menu_order":0,"comment_status":"closed","ping_status":"closed","template":"page-sidebar.php","meta":[],"yoast_head":"<!-- This site is optimized with the Yoast SEO plugin v17.8 - https:\/\/yoast.com\/wordpress\/plugins\/seo\/ -->\n<meta name=\"description\" content=\"Profesionalita a individu\u00e1ln\u00ed p\u0159\u00edstup advok\u00e1t\u016f kancel\u00e1\u0159e Mazel&amp;Sm\u011bja v Praze 2.\" \/>\n<meta name=\"robots\" content=\"index, follow, max-snippet:-1, max-image-preview:large, max-video-preview:-1\" \/>\n<link rel=\"canonical\" href=\"https:\/\/dabis.cz\/en\/products-and-services\/information-systems\/managerial-information-systems\/\" \/>\n<meta property=\"og:locale\" content=\"en_US\" \/>\n<meta property=\"og:type\" content=\"article\" \/>\n<meta property=\"og:title\" content=\"Managerial Information Systems - DabiS\" \/>\n<meta property=\"og:description\" content=\"Profesionalita a individu\u00e1ln\u00ed p\u0159\u00edstup advok\u00e1t\u016f kancel\u00e1\u0159e Mazel&amp;Sm\u011bja v Praze 2.\" \/>\n<meta property=\"og:url\" content=\"https:\/\/dabis.cz\/en\/products-and-services\/information-systems\/managerial-information-systems\/\" \/>\n<meta property=\"og:site_name\" content=\"DabiS\" \/>\n<meta name=\"twitter:card\" content=\"summary\" \/>\n<meta name=\"twitter:label1\" content=\"Est. reading time\" \/>\n\t<meta name=\"twitter:data1\" content=\"1 minute\" \/>\n<script type=\"application\/ld+json\" class=\"yoast-schema-graph\">{\"@context\":\"https:\/\/schema.org\",\"@graph\":[{\"@type\":\"Organization\",\"@id\":\"https:\/\/dabis.cz\/#organization\",\"name\":\"Dabis\",\"url\":\"https:\/\/dabis.cz\/\",\"sameAs\":[],\"logo\":{\"@type\":\"ImageObject\",\"@id\":\"https:\/\/dabis.cz\/#logo\",\"inLanguage\":\"en-US\",\"url\":\"https:\/\/dabis.cz\/wp-content\/uploads\/2019\/04\/dabis-logo.png\",\"contentUrl\":\"https:\/\/dabis.cz\/wp-content\/uploads\/2019\/04\/dabis-logo.png\",\"width\":119,\"height\":74,\"caption\":\"Dabis\"},\"image\":{\"@id\":\"https:\/\/dabis.cz\/#logo\"}},{\"@type\":\"WebSite\",\"@id\":\"https:\/\/dabis.cz\/#website\",\"url\":\"https:\/\/dabis.cz\/\",\"name\":\"DabiS\",\"description\":\"Centr\\u00e1ln\\u00ed evidence p\\u0159estupk\\u016f, statistika \\u010dinnosti, \\u00fa\\u0159edn\\u00ed z\\u00e1znamy\",\"publisher\":{\"@id\":\"https:\/\/dabis.cz\/#organization\"},\"potentialAction\":[{\"@type\":\"SearchAction\",\"target\":{\"@type\":\"EntryPoint\",\"urlTemplate\":\"https:\/\/dabis.cz\/?s={search_term_string}\"},\"query-input\":\"required name=search_term_string\"}],\"inLanguage\":\"en-US\"},{\"@type\":\"WebPage\",\"@id\":\"https:\/\/dabis.cz\/en\/products-and-services\/information-systems\/managerial-information-systems\/#webpage\",\"url\":\"https:\/\/dabis.cz\/en\/products-and-services\/information-systems\/managerial-information-systems\/\",\"name\":\"Managerial Information Systems - DabiS\",\"isPartOf\":{\"@id\":\"https:\/\/dabis.cz\/#website\"},\"datePublished\":\"2019-04-05T14:42:19+00:00\",\"dateModified\":\"2019-04-05T14:42:19+00:00\",\"description\":\"Profesionalita a individu\\u00e1ln\\u00ed p\\u0159\\u00edstup advok\\u00e1t\\u016f kancel\\u00e1\\u0159e Mazel&Sm\\u011bja v Praze 2.\",\"breadcrumb\":{\"@id\":\"https:\/\/dabis.cz\/en\/products-and-services\/information-systems\/managerial-information-systems\/#breadcrumb\"},\"inLanguage\":\"en-US\",\"potentialAction\":[{\"@type\":\"ReadAction\",\"target\":[\"https:\/\/dabis.cz\/en\/products-and-services\/information-systems\/managerial-information-systems\/\"]}]},{\"@type\":\"BreadcrumbList\",\"@id\":\"https:\/\/dabis.cz\/en\/products-and-services\/information-systems\/managerial-information-systems\/#breadcrumb\",\"itemListElement\":[{\"@type\":\"ListItem\",\"position\":1,\"name\":\"Dom\\u016f\",\"item\":\"https:\/\/dabis.cz\/en\/\"},{\"@type\":\"ListItem\",\"position\":2,\"name\":\"Products and Services\",\"item\":\"https:\/\/dabis.cz\/en\/products-and-services\/\"},{\"@type\":\"ListItem\",\"position\":3,\"name\":\"Information Systems\",\"item\":\"https:\/\/dabis.cz\/en\/products-and-services\/information-systems\/\"},{\"@type\":\"ListItem\",\"position\":4,\"name\":\"Managerial Information Systems\"}]}]}<\/script>\n<!-- \/ Yoast SEO plugin. -->","yoast_head_json":{"description":"Profesionalita a individu\u00e1ln\u00ed p\u0159\u00edstup advok\u00e1t\u016f kancel\u00e1\u0159e Mazel&Sm\u011bja v Praze 2.","robots":{"index":"index","follow":"follow","max-snippet":"max-snippet:-1","max-image-preview":"max-image-preview:large","max-video-preview":"max-video-preview:-1"},"canonical":"https:\/\/dabis.cz\/en\/products-and-services\/information-systems\/managerial-information-systems\/","og_locale":"en_US","og_type":"article","og_title":"Managerial Information Systems - DabiS","og_description":"Profesionalita a individu\u00e1ln\u00ed p\u0159\u00edstup advok\u00e1t\u016f kancel\u00e1\u0159e Mazel&Sm\u011bja v Praze 2.","og_url":"https:\/\/dabis.cz\/en\/products-and-services\/information-systems\/managerial-information-systems\/","og_site_name":"DabiS","twitter_card":"summary","twitter_misc":{"Est. reading time":"1 minute"},"schema":{"@context":"https:\/\/schema.org","@graph":[{"@type":"Organization","@id":"https:\/\/dabis.cz\/#organization","name":"Dabis","url":"https:\/\/dabis.cz\/","sameAs":[],"logo":{"@type":"ImageObject","@id":"https:\/\/dabis.cz\/#logo","inLanguage":"en-US","url":"https:\/\/dabis.cz\/wp-content\/uploads\/2019\/04\/dabis-logo.png","contentUrl":"https:\/\/dabis.cz\/wp-content\/uploads\/2019\/04\/dabis-logo.png","width":119,"height":74,"caption":"Dabis"},"image":{"@id":"https:\/\/dabis.cz\/#logo"}},{"@type":"WebSite","@id":"https:\/\/dabis.cz\/#website","url":"https:\/\/dabis.cz\/","name":"DabiS","description":"Centr\u00e1ln\u00ed evidence p\u0159estupk\u016f, statistika \u010dinnosti, \u00fa\u0159edn\u00ed z\u00e1znamy","publisher":{"@id":"https:\/\/dabis.cz\/#organization"},"potentialAction":[{"@type":"SearchAction","target":{"@type":"EntryPoint","urlTemplate":"https:\/\/dabis.cz\/?s={search_term_string}"},"query-input":"required name=search_term_string"}],"inLanguage":"en-US"},{"@type":"WebPage","@id":"https:\/\/dabis.cz\/en\/products-and-services\/information-systems\/managerial-information-systems\/#webpage","url":"https:\/\/dabis.cz\/en\/products-and-services\/information-systems\/managerial-information-systems\/","name":"Managerial Information Systems - DabiS","isPartOf":{"@id":"https:\/\/dabis.cz\/#website"},"datePublished":"2019-04-05T14:42:19+00:00","dateModified":"2019-04-05T14:42:19+00:00","description":"Profesionalita a individu\u00e1ln\u00ed p\u0159\u00edstup advok\u00e1t\u016f kancel\u00e1\u0159e Mazel&Sm\u011bja v Praze 2.","breadcrumb":{"@id":"https:\/\/dabis.cz\/en\/products-and-services\/information-systems\/managerial-information-systems\/#breadcrumb"},"inLanguage":"en-US","potentialAction":[{"@type":"ReadAction","target":["https:\/\/dabis.cz\/en\/products-and-services\/information-systems\/managerial-information-systems\/"]}]},{"@type":"BreadcrumbList","@id":"https:\/\/dabis.cz\/en\/products-and-services\/information-systems\/managerial-information-systems\/#breadcrumb","itemListElement":[{"@type":"ListItem","position":1,"name":"Dom\u016f","item":"https:\/\/dabis.cz\/en\/"},{"@type":"ListItem","position":2,"name":"Products and Services","item":"https:\/\/dabis.cz\/en\/products-and-services\/"},{"@type":"ListItem","position":3,"name":"Information Systems","item":"https:\/\/dabis.cz\/en\/products-and-services\/information-systems\/"},{"@type":"ListItem","position":4,"name":"Managerial Information Systems"}]}]}},"_links":{"self":[{"href":"https:\/\/dabis.cz\/en\/wp-json\/wp\/v2\/pages\/968"}],"collection":[{"href":"https:\/\/dabis.cz\/en\/wp-json\/wp\/v2\/pages"}],"about":[{"href":"https:\/\/dabis.cz\/en\/wp-json\/wp\/v2\/types\/page"}],"author":[{"embeddable":true,"href":"https:\/\/dabis.cz\/en\/wp-json\/wp\/v2\/users\/6"}],"replies":[{"embeddable":true,"href":"https:\/\/dabis.cz\/en\/wp-json\/wp\/v2\/comments?post=968"}],"version-history":[{"count":1,"href":"https:\/\/dabis.cz\/en\/wp-json\/wp\/v2\/pages\/968\/revisions"}],"predecessor-version":[{"id":969,"href":"https:\/\/dabis.cz\/en\/wp-json\/wp\/v2\/pages\/968\/revisions\/969"}],"up":[{"embeddable":true,"href":"https:\/\/dabis.cz\/en\/wp-json\/wp\/v2\/pages\/682"}],"wp:attachment":[{"href":"https:\/\/dabis.cz\/en\/wp-json\/wp\/v2\/media?parent=968"}],"curies":[{"name":"wp","href":"https:\/\/api.w.org\/{rel}","templated":true}]}}