{"id":961,"date":"2019-04-05T16:39:28","date_gmt":"2019-04-05T14:39:28","guid":{"rendered":"https:\/\/dabis.cz\/?page_id=961"},"modified":"2019-04-05T16:39:28","modified_gmt":"2019-04-05T14:39:28","slug":"company-information-systems","status":"publish","type":"page","link":"https:\/\/dabis.cz\/en\/products-and-services\/information-systems\/company-information-systems\/","title":{"rendered":"Company Information Systems"},"content":{"rendered":"<h2>Company information systems reduce your costs<\/h2>\n<p>Don\u2019t break up your attention and don\u2019t waste your energy in <strong>needless paperwork<\/strong>\u00a0\u2013 you\u2019d better devote yourself fully to your enterprise! Do you register <strong>large volumes of data and information <\/strong>which is hard to find, and do your employees spend long hours in sorting them out? <strong>Company information systems <\/strong>from <a href=\"https:\/\/dabis.cz\/en\">DabiS.cz<\/a>, an expert in the branch of information system development and implementation, can help you in <strong>reducing costs <\/strong>and increasing competitive ability.<\/p>\n<p>What advantages will the <u>information systems<\/u> bring to your company?<\/p>\n<ul>\n<li><strong>Awareness of and control over <\/strong><strong>data across all the departments<\/strong><\/li>\n<li>User-friendly management of all information and data<\/li>\n<li>Activities and processes in progress made quicker and more effective<\/li>\n<li>Improving <strong>customer relationships <\/strong>management thanks to tailor-made<u>CRM<\/u> implemented<\/li>\n<li>Improving <strong>communication with suppliers <\/strong>thanks to tailor-made<u>SRM<\/u> implemented<\/li>\n<li>Automatic checks of observance of plans and the deadlines therein<\/li>\n<\/ul>\n<p>&nbsp;<\/p>\n<h2>Tools implemented exactly according to your business branch<\/h2>\n<p>The wide functionality of tools of the company information systems and the managerial information systems is one of the main strength thanks to which they are used worldwide by hundreds of thousands of middle-sized and big companies across branches. Information systems provide a&nbsp;<strong>fully integrated solution <\/strong>for the management of business, manufacturing, servicing, logistic, financial and other <strong>company processes. <\/strong>It is a&nbsp;matter of course for public administration as well where effective management of documents and other data is a&nbsp;precondition for effective and transparent management of the whole organization.<\/p>\n<p>&nbsp;<\/p>\n<h2>Adjustable information system<\/h2>\n<p>During more than twenty years of our existence, we have implemented <strong>thousands of smaller applications, <\/strong>as well as of <strong>large turnkey information systems.<\/strong>\u00a0<a href=\"https:\/\/dabis.cz\/en\/kontakty\/\">Contact us today<\/a>, we\u2019ll provide you more information with pleasure, and we\u2019ll supply you with <strong>an information system <\/strong>exactly according to the specific requirements and needs of your company. Look at our\u00a0<a href=\"https:\/\/dabis.cz\/en\/reference\/\">references\u00a0<\/a>and contact us!<\/p>\n","protected":false},"excerpt":{"rendered":"<p>Company information systems reduce your costs Don\u2019t break up your attention and don\u2019t waste your energy in needless paperwork\u00a0\u2013 you\u2019d better devote yourself fully to your enterprise! Do you register large volumes of data and&#8230;<br \/><a class=\"moretag\" href=\"https:\/\/dabis.cz\/en\/products-and-services\/information-systems\/company-information-systems\/\"> ZJISTIT V\u00cdCE<\/a><\/p>\n","protected":false},"author":6,"featured_media":0,"parent":682,"menu_order":0,"comment_status":"closed","ping_status":"closed","template":"page-sidebar.php","meta":[],"yoast_head":"<!-- This site is optimized with the Yoast SEO plugin v17.8 - https:\/\/yoast.com\/wordpress\/plugins\/seo\/ -->\n<meta name=\"description\" content=\"Profesionalita a individu\u00e1ln\u00ed p\u0159\u00edstup advok\u00e1t\u016f kancel\u00e1\u0159e Mazel&amp;Sm\u011bja v Praze 2.\" \/>\n<meta name=\"robots\" content=\"index, follow, max-snippet:-1, max-image-preview:large, max-video-preview:-1\" \/>\n<link rel=\"canonical\" href=\"https:\/\/dabis.cz\/en\/products-and-services\/information-systems\/company-information-systems\/\" \/>\n<meta property=\"og:locale\" content=\"en_US\" \/>\n<meta property=\"og:type\" content=\"article\" \/>\n<meta property=\"og:title\" content=\"Company Information Systems - DabiS\" \/>\n<meta property=\"og:description\" content=\"Profesionalita a individu\u00e1ln\u00ed p\u0159\u00edstup advok\u00e1t\u016f kancel\u00e1\u0159e Mazel&amp;Sm\u011bja v Praze 2.\" \/>\n<meta property=\"og:url\" content=\"https:\/\/dabis.cz\/en\/products-and-services\/information-systems\/company-information-systems\/\" \/>\n<meta property=\"og:site_name\" content=\"DabiS\" \/>\n<meta name=\"twitter:card\" content=\"summary\" \/>\n<meta name=\"twitter:label1\" content=\"Est. reading time\" \/>\n\t<meta name=\"twitter:data1\" content=\"2 minutes\" \/>\n<script type=\"application\/ld+json\" class=\"yoast-schema-graph\">{\"@context\":\"https:\/\/schema.org\",\"@graph\":[{\"@type\":\"Organization\",\"@id\":\"https:\/\/dabis.cz\/#organization\",\"name\":\"Dabis\",\"url\":\"https:\/\/dabis.cz\/\",\"sameAs\":[],\"logo\":{\"@type\":\"ImageObject\",\"@id\":\"https:\/\/dabis.cz\/#logo\",\"inLanguage\":\"en-US\",\"url\":\"https:\/\/dabis.cz\/wp-content\/uploads\/2019\/04\/dabis-logo.png\",\"contentUrl\":\"https:\/\/dabis.cz\/wp-content\/uploads\/2019\/04\/dabis-logo.png\",\"width\":119,\"height\":74,\"caption\":\"Dabis\"},\"image\":{\"@id\":\"https:\/\/dabis.cz\/#logo\"}},{\"@type\":\"WebSite\",\"@id\":\"https:\/\/dabis.cz\/#website\",\"url\":\"https:\/\/dabis.cz\/\",\"name\":\"DabiS\",\"description\":\"Centr\\u00e1ln\\u00ed evidence p\\u0159estupk\\u016f, statistika \\u010dinnosti, \\u00fa\\u0159edn\\u00ed z\\u00e1znamy\",\"publisher\":{\"@id\":\"https:\/\/dabis.cz\/#organization\"},\"potentialAction\":[{\"@type\":\"SearchAction\",\"target\":{\"@type\":\"EntryPoint\",\"urlTemplate\":\"https:\/\/dabis.cz\/?s={search_term_string}\"},\"query-input\":\"required name=search_term_string\"}],\"inLanguage\":\"en-US\"},{\"@type\":\"WebPage\",\"@id\":\"https:\/\/dabis.cz\/en\/products-and-services\/information-systems\/company-information-systems\/#webpage\",\"url\":\"https:\/\/dabis.cz\/en\/products-and-services\/information-systems\/company-information-systems\/\",\"name\":\"Company Information Systems - DabiS\",\"isPartOf\":{\"@id\":\"https:\/\/dabis.cz\/#website\"},\"datePublished\":\"2019-04-05T14:39:28+00:00\",\"dateModified\":\"2019-04-05T14:39:28+00:00\",\"description\":\"Profesionalita a individu\\u00e1ln\\u00ed p\\u0159\\u00edstup advok\\u00e1t\\u016f kancel\\u00e1\\u0159e Mazel&Sm\\u011bja v Praze 2.\",\"breadcrumb\":{\"@id\":\"https:\/\/dabis.cz\/en\/products-and-services\/information-systems\/company-information-systems\/#breadcrumb\"},\"inLanguage\":\"en-US\",\"potentialAction\":[{\"@type\":\"ReadAction\",\"target\":[\"https:\/\/dabis.cz\/en\/products-and-services\/information-systems\/company-information-systems\/\"]}]},{\"@type\":\"BreadcrumbList\",\"@id\":\"https:\/\/dabis.cz\/en\/products-and-services\/information-systems\/company-information-systems\/#breadcrumb\",\"itemListElement\":[{\"@type\":\"ListItem\",\"position\":1,\"name\":\"Dom\\u016f\",\"item\":\"https:\/\/dabis.cz\/en\/\"},{\"@type\":\"ListItem\",\"position\":2,\"name\":\"Products and Services\",\"item\":\"https:\/\/dabis.cz\/en\/products-and-services\/\"},{\"@type\":\"ListItem\",\"position\":3,\"name\":\"Information Systems\",\"item\":\"https:\/\/dabis.cz\/en\/products-and-services\/information-systems\/\"},{\"@type\":\"ListItem\",\"position\":4,\"name\":\"Company Information Systems\"}]}]}<\/script>\n<!-- \/ Yoast SEO plugin. -->","yoast_head_json":{"description":"Profesionalita a individu\u00e1ln\u00ed p\u0159\u00edstup advok\u00e1t\u016f kancel\u00e1\u0159e Mazel&Sm\u011bja v Praze 2.","robots":{"index":"index","follow":"follow","max-snippet":"max-snippet:-1","max-image-preview":"max-image-preview:large","max-video-preview":"max-video-preview:-1"},"canonical":"https:\/\/dabis.cz\/en\/products-and-services\/information-systems\/company-information-systems\/","og_locale":"en_US","og_type":"article","og_title":"Company Information Systems - DabiS","og_description":"Profesionalita a individu\u00e1ln\u00ed p\u0159\u00edstup advok\u00e1t\u016f kancel\u00e1\u0159e Mazel&Sm\u011bja v Praze 2.","og_url":"https:\/\/dabis.cz\/en\/products-and-services\/information-systems\/company-information-systems\/","og_site_name":"DabiS","twitter_card":"summary","twitter_misc":{"Est. reading time":"2 minutes"},"schema":{"@context":"https:\/\/schema.org","@graph":[{"@type":"Organization","@id":"https:\/\/dabis.cz\/#organization","name":"Dabis","url":"https:\/\/dabis.cz\/","sameAs":[],"logo":{"@type":"ImageObject","@id":"https:\/\/dabis.cz\/#logo","inLanguage":"en-US","url":"https:\/\/dabis.cz\/wp-content\/uploads\/2019\/04\/dabis-logo.png","contentUrl":"https:\/\/dabis.cz\/wp-content\/uploads\/2019\/04\/dabis-logo.png","width":119,"height":74,"caption":"Dabis"},"image":{"@id":"https:\/\/dabis.cz\/#logo"}},{"@type":"WebSite","@id":"https:\/\/dabis.cz\/#website","url":"https:\/\/dabis.cz\/","name":"DabiS","description":"Centr\u00e1ln\u00ed evidence p\u0159estupk\u016f, statistika \u010dinnosti, \u00fa\u0159edn\u00ed z\u00e1znamy","publisher":{"@id":"https:\/\/dabis.cz\/#organization"},"potentialAction":[{"@type":"SearchAction","target":{"@type":"EntryPoint","urlTemplate":"https:\/\/dabis.cz\/?s={search_term_string}"},"query-input":"required name=search_term_string"}],"inLanguage":"en-US"},{"@type":"WebPage","@id":"https:\/\/dabis.cz\/en\/products-and-services\/information-systems\/company-information-systems\/#webpage","url":"https:\/\/dabis.cz\/en\/products-and-services\/information-systems\/company-information-systems\/","name":"Company Information Systems - DabiS","isPartOf":{"@id":"https:\/\/dabis.cz\/#website"},"datePublished":"2019-04-05T14:39:28+00:00","dateModified":"2019-04-05T14:39:28+00:00","description":"Profesionalita a individu\u00e1ln\u00ed p\u0159\u00edstup advok\u00e1t\u016f kancel\u00e1\u0159e Mazel&Sm\u011bja v Praze 2.","breadcrumb":{"@id":"https:\/\/dabis.cz\/en\/products-and-services\/information-systems\/company-information-systems\/#breadcrumb"},"inLanguage":"en-US","potentialAction":[{"@type":"ReadAction","target":["https:\/\/dabis.cz\/en\/products-and-services\/information-systems\/company-information-systems\/"]}]},{"@type":"BreadcrumbList","@id":"https:\/\/dabis.cz\/en\/products-and-services\/information-systems\/company-information-systems\/#breadcrumb","itemListElement":[{"@type":"ListItem","position":1,"name":"Dom\u016f","item":"https:\/\/dabis.cz\/en\/"},{"@type":"ListItem","position":2,"name":"Products and Services","item":"https:\/\/dabis.cz\/en\/products-and-services\/"},{"@type":"ListItem","position":3,"name":"Information Systems","item":"https:\/\/dabis.cz\/en\/products-and-services\/information-systems\/"},{"@type":"ListItem","position":4,"name":"Company Information Systems"}]}]}},"_links":{"self":[{"href":"https:\/\/dabis.cz\/en\/wp-json\/wp\/v2\/pages\/961"}],"collection":[{"href":"https:\/\/dabis.cz\/en\/wp-json\/wp\/v2\/pages"}],"about":[{"href":"https:\/\/dabis.cz\/en\/wp-json\/wp\/v2\/types\/page"}],"author":[{"embeddable":true,"href":"https:\/\/dabis.cz\/en\/wp-json\/wp\/v2\/users\/6"}],"replies":[{"embeddable":true,"href":"https:\/\/dabis.cz\/en\/wp-json\/wp\/v2\/comments?post=961"}],"version-history":[{"count":1,"href":"https:\/\/dabis.cz\/en\/wp-json\/wp\/v2\/pages\/961\/revisions"}],"predecessor-version":[{"id":962,"href":"https:\/\/dabis.cz\/en\/wp-json\/wp\/v2\/pages\/961\/revisions\/962"}],"up":[{"embeddable":true,"href":"https:\/\/dabis.cz\/en\/wp-json\/wp\/v2\/pages\/682"}],"wp:attachment":[{"href":"https:\/\/dabis.cz\/en\/wp-json\/wp\/v2\/media?parent=961"}],"curies":[{"name":"wp","href":"https:\/\/api.w.org\/{rel}","templated":true}]}}