{"id":708,"date":"2016-07-05T08:39:29","date_gmt":"2016-07-05T06:39:29","guid":{"rendered":"https:\/\/mazel-smeja.cz\/en\/?page_id=708"},"modified":"2019-06-10T15:18:42","modified_gmt":"2019-06-10T13:18:42","slug":"we-support","status":"publish","type":"page","link":"https:\/\/dabis.cz\/en\/we-support\/","title":{"rendered":"We Support"},"content":{"rendered":"<p>&nbsp;<\/p>\n<h2>DabiS.cz \u2013 we are a&nbsp;socially responsible company<\/h2>\n<p>We consider social responsibility to be <strong>an integral part <\/strong>of the corporate culture. As one of <strong>leading ICT companies <\/strong>in the Czech Republic, we support social and environmental principles which serve, among other things, to strengthen the Company\u2019s strategy.<\/p>\n<p>We take a&nbsp;responsible approach not only to the environment protection but we also help organizations which support handicapped people, engage in humanitarian and development projects in the long term and, in general, strive for overall democratization and observance of human rights. Currently, we support\u00a0<a href=\"http:\/\/www.frpsp.cz\/cs-CZ\/uvod.html\" target=\"_blank\" rel=\"noopener\">The Federation of Parents and Friends of the Hearing-Impaired (FRPSP)<\/a>\u00a0and the global non-profit organization of <a href=\"http:\/\/www.clovekvtisni.cz\/cs\" target=\"_blank\" rel=\"noopener\">People in Need<\/a>.<\/p>\n<p style=\"text-align: center;\"><a href=\"http:\/\/www.clovekvtisni.cz\/cs\" target=\"_blank\" rel=\"noopener\"><img loading=\"lazy\" class=\"wp-image-1116 alignleft\" src=\"https:\/\/dabis.cz\/wp-content\/uploads\/2019\/06\/3567-300x300.png\" rel=\"lightbox\" title=\"We Support\" alt=\"\" width=\"166\" height=\"166\" srcset=\"https:\/\/dabis.cz\/wp-content\/uploads\/2019\/06\/3567-300x300.png 300w, https:\/\/dabis.cz\/wp-content\/uploads\/2019\/06\/3567-768x768.png 768w, https:\/\/dabis.cz\/wp-content\/uploads\/2019\/06\/3567-1024x1024.png 1024w, https:\/\/dabis.cz\/wp-content\/uploads\/2019\/06\/3567-200x200.png 200w, https:\/\/dabis.cz\/wp-content\/uploads\/2019\/06\/3567.png 1857w\" sizes=\"(max-width: 166px) 100vw, 166px\" \/><img loading=\"lazy\" class=\"wp-image-1077  alignright\" src=\"http:\/\/dabis.napokusy.cz\/wp-content\/uploads\/2019\/05\/500_logo_centrum_cmyk-300x192.jpg\" alt=\"\" width=\"213\" height=\"136\" srcset=\"https:\/\/dabis.cz\/wp-content\/uploads\/2019\/05\/500_logo_centrum_cmyk-300x192.jpg 300w, https:\/\/dabis.cz\/wp-content\/uploads\/2019\/05\/500_logo_centrum_cmyk-200x128.jpg 200w, https:\/\/dabis.cz\/wp-content\/uploads\/2019\/05\/500_logo_centrum_cmyk-80x50.jpg 80w, https:\/\/dabis.cz\/wp-content\/uploads\/2019\/05\/500_logo_centrum_cmyk.jpg 360w\" sizes=\"(max-width: 213px) 100vw, 213px\" \/><\/a><\/p>\n<p>&nbsp;<\/p>\n<p style=\"text-align: center;\">\u00a0<\/p>\n<p>&nbsp;<\/p>\n","protected":false},"excerpt":{"rendered":"<p>&nbsp; DabiS.cz \u2013 we are a&nbsp;socially responsible company We consider social responsibility to be an integral part of the corporate culture. As one of leading ICT companies in the Czech Republic, we support social and&#8230;<br \/><a class=\"moretag\" href=\"https:\/\/dabis.cz\/en\/we-support\/\"> ZJISTIT V\u00cdCE<\/a><\/p>\n","protected":false},"author":6,"featured_media":0,"parent":0,"menu_order":0,"comment_status":"closed","ping_status":"open","template":"page-fullwidth.php","meta":[],"yoast_head":"<!-- This site is optimized with the Yoast SEO plugin v17.8 - https:\/\/yoast.com\/wordpress\/plugins\/seo\/ -->\n<meta name=\"description\" content=\"Profesionalita a individu\u00e1ln\u00ed p\u0159\u00edstup advok\u00e1t\u016f kancel\u00e1\u0159e Mazel&amp;Sm\u011bja v Praze 2.\" \/>\n<meta name=\"robots\" content=\"index, follow, max-snippet:-1, max-image-preview:large, max-video-preview:-1\" \/>\n<link rel=\"canonical\" href=\"https:\/\/dabis.cz\/en\/we-support\/\" \/>\n<meta property=\"og:locale\" content=\"en_US\" \/>\n<meta property=\"og:type\" content=\"article\" \/>\n<meta property=\"og:title\" content=\"We Support - DabiS\" \/>\n<meta property=\"og:description\" content=\"Profesionalita a individu\u00e1ln\u00ed p\u0159\u00edstup advok\u00e1t\u016f kancel\u00e1\u0159e Mazel&amp;Sm\u011bja v Praze 2.\" \/>\n<meta property=\"og:url\" content=\"https:\/\/dabis.cz\/en\/we-support\/\" \/>\n<meta property=\"og:site_name\" content=\"DabiS\" \/>\n<meta property=\"article:modified_time\" content=\"2019-06-10T13:18:42+00:00\" \/>\n<meta property=\"og:image\" content=\"https:\/\/dabis.cz\/wp-content\/uploads\/2019\/06\/3567-300x300.png\" \/>\n<meta name=\"twitter:card\" content=\"summary\" \/>\n<meta name=\"twitter:label1\" content=\"Est. reading time\" \/>\n\t<meta name=\"twitter:data1\" content=\"1 minute\" \/>\n<script type=\"application\/ld+json\" class=\"yoast-schema-graph\">{\"@context\":\"https:\/\/schema.org\",\"@graph\":[{\"@type\":\"Organization\",\"@id\":\"https:\/\/dabis.cz\/#organization\",\"name\":\"Dabis\",\"url\":\"https:\/\/dabis.cz\/\",\"sameAs\":[],\"logo\":{\"@type\":\"ImageObject\",\"@id\":\"https:\/\/dabis.cz\/#logo\",\"inLanguage\":\"en-US\",\"url\":\"https:\/\/dabis.cz\/wp-content\/uploads\/2019\/04\/dabis-logo.png\",\"contentUrl\":\"https:\/\/dabis.cz\/wp-content\/uploads\/2019\/04\/dabis-logo.png\",\"width\":119,\"height\":74,\"caption\":\"Dabis\"},\"image\":{\"@id\":\"https:\/\/dabis.cz\/#logo\"}},{\"@type\":\"WebSite\",\"@id\":\"https:\/\/dabis.cz\/#website\",\"url\":\"https:\/\/dabis.cz\/\",\"name\":\"DabiS\",\"description\":\"Centr\\u00e1ln\\u00ed evidence p\\u0159estupk\\u016f, statistika \\u010dinnosti, \\u00fa\\u0159edn\\u00ed z\\u00e1znamy\",\"publisher\":{\"@id\":\"https:\/\/dabis.cz\/#organization\"},\"potentialAction\":[{\"@type\":\"SearchAction\",\"target\":{\"@type\":\"EntryPoint\",\"urlTemplate\":\"https:\/\/dabis.cz\/?s={search_term_string}\"},\"query-input\":\"required name=search_term_string\"}],\"inLanguage\":\"en-US\"},{\"@type\":\"ImageObject\",\"@id\":\"https:\/\/dabis.cz\/en\/we-support\/#primaryimage\",\"inLanguage\":\"en-US\",\"url\":\"https:\/\/dabis.cz\/wp-content\/uploads\/2019\/06\/3567.png\",\"contentUrl\":\"https:\/\/dabis.cz\/wp-content\/uploads\/2019\/06\/3567.png\",\"width\":1857,\"height\":1857},{\"@type\":\"WebPage\",\"@id\":\"https:\/\/dabis.cz\/en\/we-support\/#webpage\",\"url\":\"https:\/\/dabis.cz\/en\/we-support\/\",\"name\":\"We Support - DabiS\",\"isPartOf\":{\"@id\":\"https:\/\/dabis.cz\/#website\"},\"primaryImageOfPage\":{\"@id\":\"https:\/\/dabis.cz\/en\/we-support\/#primaryimage\"},\"datePublished\":\"2016-07-05T06:39:29+00:00\",\"dateModified\":\"2019-06-10T13:18:42+00:00\",\"description\":\"Profesionalita a individu\\u00e1ln\\u00ed p\\u0159\\u00edstup advok\\u00e1t\\u016f kancel\\u00e1\\u0159e Mazel&Sm\\u011bja v Praze 2.\",\"breadcrumb\":{\"@id\":\"https:\/\/dabis.cz\/en\/we-support\/#breadcrumb\"},\"inLanguage\":\"en-US\",\"potentialAction\":[{\"@type\":\"ReadAction\",\"target\":[\"https:\/\/dabis.cz\/en\/we-support\/\"]}]},{\"@type\":\"BreadcrumbList\",\"@id\":\"https:\/\/dabis.cz\/en\/we-support\/#breadcrumb\",\"itemListElement\":[{\"@type\":\"ListItem\",\"position\":1,\"name\":\"Dom\\u016f\",\"item\":\"https:\/\/dabis.cz\/en\/\"},{\"@type\":\"ListItem\",\"position\":2,\"name\":\"We Support\"}]}]}<\/script>\n<!-- \/ Yoast SEO plugin. -->","yoast_head_json":{"description":"Profesionalita a individu\u00e1ln\u00ed p\u0159\u00edstup advok\u00e1t\u016f kancel\u00e1\u0159e Mazel&Sm\u011bja v Praze 2.","robots":{"index":"index","follow":"follow","max-snippet":"max-snippet:-1","max-image-preview":"max-image-preview:large","max-video-preview":"max-video-preview:-1"},"canonical":"https:\/\/dabis.cz\/en\/we-support\/","og_locale":"en_US","og_type":"article","og_title":"We Support - DabiS","og_description":"Profesionalita a individu\u00e1ln\u00ed p\u0159\u00edstup advok\u00e1t\u016f kancel\u00e1\u0159e Mazel&Sm\u011bja v Praze 2.","og_url":"https:\/\/dabis.cz\/en\/we-support\/","og_site_name":"DabiS","article_modified_time":"2019-06-10T13:18:42+00:00","og_image":[{"url":"https:\/\/dabis.cz\/wp-content\/uploads\/2019\/06\/3567-300x300.png"}],"twitter_card":"summary","twitter_misc":{"Est. reading time":"1 minute"},"schema":{"@context":"https:\/\/schema.org","@graph":[{"@type":"Organization","@id":"https:\/\/dabis.cz\/#organization","name":"Dabis","url":"https:\/\/dabis.cz\/","sameAs":[],"logo":{"@type":"ImageObject","@id":"https:\/\/dabis.cz\/#logo","inLanguage":"en-US","url":"https:\/\/dabis.cz\/wp-content\/uploads\/2019\/04\/dabis-logo.png","contentUrl":"https:\/\/dabis.cz\/wp-content\/uploads\/2019\/04\/dabis-logo.png","width":119,"height":74,"caption":"Dabis"},"image":{"@id":"https:\/\/dabis.cz\/#logo"}},{"@type":"WebSite","@id":"https:\/\/dabis.cz\/#website","url":"https:\/\/dabis.cz\/","name":"DabiS","description":"Centr\u00e1ln\u00ed evidence p\u0159estupk\u016f, statistika \u010dinnosti, \u00fa\u0159edn\u00ed z\u00e1znamy","publisher":{"@id":"https:\/\/dabis.cz\/#organization"},"potentialAction":[{"@type":"SearchAction","target":{"@type":"EntryPoint","urlTemplate":"https:\/\/dabis.cz\/?s={search_term_string}"},"query-input":"required name=search_term_string"}],"inLanguage":"en-US"},{"@type":"ImageObject","@id":"https:\/\/dabis.cz\/en\/we-support\/#primaryimage","inLanguage":"en-US","url":"https:\/\/dabis.cz\/wp-content\/uploads\/2019\/06\/3567.png","contentUrl":"https:\/\/dabis.cz\/wp-content\/uploads\/2019\/06\/3567.png","width":1857,"height":1857},{"@type":"WebPage","@id":"https:\/\/dabis.cz\/en\/we-support\/#webpage","url":"https:\/\/dabis.cz\/en\/we-support\/","name":"We Support - DabiS","isPartOf":{"@id":"https:\/\/dabis.cz\/#website"},"primaryImageOfPage":{"@id":"https:\/\/dabis.cz\/en\/we-support\/#primaryimage"},"datePublished":"2016-07-05T06:39:29+00:00","dateModified":"2019-06-10T13:18:42+00:00","description":"Profesionalita a individu\u00e1ln\u00ed p\u0159\u00edstup advok\u00e1t\u016f kancel\u00e1\u0159e Mazel&Sm\u011bja v Praze 2.","breadcrumb":{"@id":"https:\/\/dabis.cz\/en\/we-support\/#breadcrumb"},"inLanguage":"en-US","potentialAction":[{"@type":"ReadAction","target":["https:\/\/dabis.cz\/en\/we-support\/"]}]},{"@type":"BreadcrumbList","@id":"https:\/\/dabis.cz\/en\/we-support\/#breadcrumb","itemListElement":[{"@type":"ListItem","position":1,"name":"Dom\u016f","item":"https:\/\/dabis.cz\/en\/"},{"@type":"ListItem","position":2,"name":"We Support"}]}]}},"_links":{"self":[{"href":"https:\/\/dabis.cz\/en\/wp-json\/wp\/v2\/pages\/708"}],"collection":[{"href":"https:\/\/dabis.cz\/en\/wp-json\/wp\/v2\/pages"}],"about":[{"href":"https:\/\/dabis.cz\/en\/wp-json\/wp\/v2\/types\/page"}],"author":[{"embeddable":true,"href":"https:\/\/dabis.cz\/en\/wp-json\/wp\/v2\/users\/6"}],"replies":[{"embeddable":true,"href":"https:\/\/dabis.cz\/en\/wp-json\/wp\/v2\/comments?post=708"}],"version-history":[{"count":15,"href":"https:\/\/dabis.cz\/en\/wp-json\/wp\/v2\/pages\/708\/revisions"}],"predecessor-version":[{"id":1122,"href":"https:\/\/dabis.cz\/en\/wp-json\/wp\/v2\/pages\/708\/revisions\/1122"}],"wp:attachment":[{"href":"https:\/\/dabis.cz\/en\/wp-json\/wp\/v2\/media?parent=708"}],"curies":[{"name":"wp","href":"https:\/\/api.w.org\/{rel}","templated":true}]}}