{"id":700,"date":"2016-07-05T08:29:13","date_gmt":"2016-07-05T06:29:13","guid":{"rendered":"https:\/\/mazel-smeja.cz\/en\/?page_id=700"},"modified":"2019-05-29T17:11:21","modified_gmt":"2019-05-29T15:11:21","slug":"sw-for-banking","status":"publish","type":"page","link":"https:\/\/dabis.cz\/en\/products-and-services\/sw-for-banking\/","title":{"rendered":"SW for Banking"},"content":{"rendered":"<h2>Top bank software is a&nbsp;precondition of any bank\u2019s success<\/h2>\n<p>The reputation of each bank is based on the quality of its services \u2013 and it is directly proportional to the quality of\u00a0<strong>bank software <\/strong><strong>nowadays.<\/strong> Working with data, recording them, assuring their safety, data management and communication, all this is a&nbsp;precondition for the bank\u2019s successful operation and <strong>the satisfaction of its clients.<\/strong>\u00a0<a href=\"https:\/\/dabis.cz\/en\">DabiS.cz\u00a0<\/a>will deliver top bank software, providing for the following benefits:<\/p>\n<ul>\n<li>All data in a&nbsp;single place<\/li>\n<li><strong>Full automation <\/strong><strong>and a&nbsp;f<\/strong>unctional system\u2013 end of ineffective communication with hundreds of e-mails<\/li>\n<li>A safe database with <strong>maximum protection of sensitive information<\/strong><\/li>\n<li>Quick and effective communication <strong>of the main office with the branches<\/strong><\/li>\n<li>Quick and effective communication of the mother company with its subsidiaries<\/li>\n<li>Complete administration of bank terminals<\/li>\n<li>And, most importantly: generally <strong>much better work with data<\/strong><\/li>\n<\/ul>\n<p>Order bank software from DabiS.cz, a&nbsp;Czech company that can prove more than\u00a0<strong>15-year experience<\/strong>\u00a0in developing and implementing the most recent\u00a0<a href=\"https:\/\/dabis.cz\/en\/informacni-systemy-na-klic\/\">information systems<\/a>\u00a0and\u00a0<a href=\"https:\/\/dabis.cz\/en\/informacni-systemy-na-klic\/\">software for IT<\/a>. Make sure that, in addition to top-quality services, we also guarantee always <strong>remarkably more favourable price than our competitors. <\/strong>Work with your clients\u2019 data more effectively, more safely and faster that up to now!\u00a0<a href=\"https:\/\/dabis.cz\/en\/kontakty\/\">Contact us today!<\/a><\/p>\n<h2><strong>Our Adbnet.cz bank software created a&nbsp;functional database for your bank<\/strong><\/h2>\n<p>Our Adbnet.cz database application represents a&nbsp;top\u00a0<strong>bank software<\/strong> which has already helped in introducing order, speed, effectiveness and security into work with information e.g. in\u00a0<strong>\u010ceskoslovensk<\/strong><strong>\u00e1<\/strong><strong> Obchodn\u00ed Banka<\/strong> <strong>bank<\/strong>, or more precisely to its subsidiary company of\u00a0<strong>Banit <\/strong>(verify it in our\u00a0<a href=\"https:\/\/dabis.cz\/en\/reference\/\">references<\/a>). The time consuming and organizationally challenging complex management and communication by means of numerous emails was, by virtue of the *automated banking software*, replaced by orderliness and satisfaction of both the bank\u2019s employees and customers. Know the benefits of Adbnet.cz\u00a0 <a href=\"https:\/\/dabis.cz\/en\/kontakty\/\">Contact us today!<\/a><\/p>\n<p>&nbsp;<\/p>\n<p>&nbsp;<\/p>\n","protected":false},"excerpt":{"rendered":"<p>Top bank software is a&nbsp;precondition of any bank\u2019s success The reputation of each bank is based on the quality of its services \u2013 and it is directly proportional to the quality of\u00a0bank software nowadays. Working&#8230;<br \/><a class=\"moretag\" href=\"https:\/\/dabis.cz\/en\/products-and-services\/sw-for-banking\/\"> ZJISTIT V\u00cdCE<\/a><\/p>\n","protected":false},"author":6,"featured_media":1047,"parent":684,"menu_order":9,"comment_status":"closed","ping_status":"closed","template":"page-sidebar.php","meta":[],"yoast_head":"<!-- This site is optimized with the Yoast SEO plugin v17.8 - https:\/\/yoast.com\/wordpress\/plugins\/seo\/ -->\n<meta name=\"description\" content=\"Profesionalita a individu\u00e1ln\u00ed p\u0159\u00edstup advok\u00e1t\u016f kancel\u00e1\u0159e Mazel&amp;Sm\u011bja v Praze 2.\" \/>\n<meta name=\"robots\" content=\"index, follow, max-snippet:-1, max-image-preview:large, max-video-preview:-1\" \/>\n<link rel=\"canonical\" href=\"https:\/\/dabis.cz\/en\/products-and-services\/sw-for-banking\/\" \/>\n<meta property=\"og:locale\" content=\"en_US\" \/>\n<meta property=\"og:type\" content=\"article\" \/>\n<meta property=\"og:title\" content=\"SW for Banking - DabiS\" \/>\n<meta property=\"og:description\" content=\"Profesionalita a individu\u00e1ln\u00ed p\u0159\u00edstup advok\u00e1t\u016f kancel\u00e1\u0159e Mazel&amp;Sm\u011bja v Praze 2.\" \/>\n<meta property=\"og:url\" content=\"https:\/\/dabis.cz\/en\/products-and-services\/sw-for-banking\/\" \/>\n<meta property=\"og:site_name\" content=\"DabiS\" \/>\n<meta property=\"article:modified_time\" content=\"2019-05-29T15:11:21+00:00\" \/>\n<meta property=\"og:image\" content=\"https:\/\/dabis.cz\/wp-content\/uploads\/2019\/05\/money-3536346-1024x683.jpg\" \/>\n\t<meta property=\"og:image:width\" content=\"1024\" \/>\n\t<meta property=\"og:image:height\" content=\"683\" \/>\n<meta name=\"twitter:card\" content=\"summary\" \/>\n<meta name=\"twitter:label1\" content=\"Est. reading time\" \/>\n\t<meta name=\"twitter:data1\" content=\"2 minutes\" \/>\n<script type=\"application\/ld+json\" class=\"yoast-schema-graph\">{\"@context\":\"https:\/\/schema.org\",\"@graph\":[{\"@type\":\"Organization\",\"@id\":\"https:\/\/dabis.cz\/#organization\",\"name\":\"Dabis\",\"url\":\"https:\/\/dabis.cz\/\",\"sameAs\":[],\"logo\":{\"@type\":\"ImageObject\",\"@id\":\"https:\/\/dabis.cz\/#logo\",\"inLanguage\":\"en-US\",\"url\":\"https:\/\/dabis.cz\/wp-content\/uploads\/2019\/04\/dabis-logo.png\",\"contentUrl\":\"https:\/\/dabis.cz\/wp-content\/uploads\/2019\/04\/dabis-logo.png\",\"width\":119,\"height\":74,\"caption\":\"Dabis\"},\"image\":{\"@id\":\"https:\/\/dabis.cz\/#logo\"}},{\"@type\":\"WebSite\",\"@id\":\"https:\/\/dabis.cz\/#website\",\"url\":\"https:\/\/dabis.cz\/\",\"name\":\"DabiS\",\"description\":\"Centr\\u00e1ln\\u00ed evidence p\\u0159estupk\\u016f, statistika \\u010dinnosti, \\u00fa\\u0159edn\\u00ed z\\u00e1znamy\",\"publisher\":{\"@id\":\"https:\/\/dabis.cz\/#organization\"},\"potentialAction\":[{\"@type\":\"SearchAction\",\"target\":{\"@type\":\"EntryPoint\",\"urlTemplate\":\"https:\/\/dabis.cz\/?s={search_term_string}\"},\"query-input\":\"required name=search_term_string\"}],\"inLanguage\":\"en-US\"},{\"@type\":\"ImageObject\",\"@id\":\"https:\/\/dabis.cz\/en\/products-and-services\/sw-for-banking\/#primaryimage\",\"inLanguage\":\"en-US\",\"url\":\"https:\/\/dabis.cz\/wp-content\/uploads\/2019\/05\/money-3536346.jpg\",\"contentUrl\":\"https:\/\/dabis.cz\/wp-content\/uploads\/2019\/05\/money-3536346.jpg\",\"width\":4507,\"height\":3005},{\"@type\":\"WebPage\",\"@id\":\"https:\/\/dabis.cz\/en\/products-and-services\/sw-for-banking\/#webpage\",\"url\":\"https:\/\/dabis.cz\/en\/products-and-services\/sw-for-banking\/\",\"name\":\"SW for Banking - DabiS\",\"isPartOf\":{\"@id\":\"https:\/\/dabis.cz\/#website\"},\"primaryImageOfPage\":{\"@id\":\"https:\/\/dabis.cz\/en\/products-and-services\/sw-for-banking\/#primaryimage\"},\"datePublished\":\"2016-07-05T06:29:13+00:00\",\"dateModified\":\"2019-05-29T15:11:21+00:00\",\"description\":\"Profesionalita a individu\\u00e1ln\\u00ed p\\u0159\\u00edstup advok\\u00e1t\\u016f kancel\\u00e1\\u0159e Mazel&Sm\\u011bja v Praze 2.\",\"breadcrumb\":{\"@id\":\"https:\/\/dabis.cz\/en\/products-and-services\/sw-for-banking\/#breadcrumb\"},\"inLanguage\":\"en-US\",\"potentialAction\":[{\"@type\":\"ReadAction\",\"target\":[\"https:\/\/dabis.cz\/en\/products-and-services\/sw-for-banking\/\"]}]},{\"@type\":\"BreadcrumbList\",\"@id\":\"https:\/\/dabis.cz\/en\/products-and-services\/sw-for-banking\/#breadcrumb\",\"itemListElement\":[{\"@type\":\"ListItem\",\"position\":1,\"name\":\"Dom\\u016f\",\"item\":\"https:\/\/dabis.cz\/en\/\"},{\"@type\":\"ListItem\",\"position\":2,\"name\":\"Products and Services\",\"item\":\"https:\/\/dabis.cz\/en\/products-and-services\/\"},{\"@type\":\"ListItem\",\"position\":3,\"name\":\"SW for Banking\"}]}]}<\/script>\n<!-- \/ Yoast SEO plugin. -->","yoast_head_json":{"description":"Profesionalita a individu\u00e1ln\u00ed p\u0159\u00edstup advok\u00e1t\u016f kancel\u00e1\u0159e Mazel&Sm\u011bja v Praze 2.","robots":{"index":"index","follow":"follow","max-snippet":"max-snippet:-1","max-image-preview":"max-image-preview:large","max-video-preview":"max-video-preview:-1"},"canonical":"https:\/\/dabis.cz\/en\/products-and-services\/sw-for-banking\/","og_locale":"en_US","og_type":"article","og_title":"SW for Banking - DabiS","og_description":"Profesionalita a individu\u00e1ln\u00ed p\u0159\u00edstup advok\u00e1t\u016f kancel\u00e1\u0159e Mazel&Sm\u011bja v Praze 2.","og_url":"https:\/\/dabis.cz\/en\/products-and-services\/sw-for-banking\/","og_site_name":"DabiS","article_modified_time":"2019-05-29T15:11:21+00:00","og_image":[{"width":1024,"height":683,"url":"https:\/\/dabis.cz\/wp-content\/uploads\/2019\/05\/money-3536346-1024x683.jpg","type":"image\/jpeg"}],"twitter_card":"summary","twitter_misc":{"Est. reading time":"2 minutes"},"schema":{"@context":"https:\/\/schema.org","@graph":[{"@type":"Organization","@id":"https:\/\/dabis.cz\/#organization","name":"Dabis","url":"https:\/\/dabis.cz\/","sameAs":[],"logo":{"@type":"ImageObject","@id":"https:\/\/dabis.cz\/#logo","inLanguage":"en-US","url":"https:\/\/dabis.cz\/wp-content\/uploads\/2019\/04\/dabis-logo.png","contentUrl":"https:\/\/dabis.cz\/wp-content\/uploads\/2019\/04\/dabis-logo.png","width":119,"height":74,"caption":"Dabis"},"image":{"@id":"https:\/\/dabis.cz\/#logo"}},{"@type":"WebSite","@id":"https:\/\/dabis.cz\/#website","url":"https:\/\/dabis.cz\/","name":"DabiS","description":"Centr\u00e1ln\u00ed evidence p\u0159estupk\u016f, statistika \u010dinnosti, \u00fa\u0159edn\u00ed z\u00e1znamy","publisher":{"@id":"https:\/\/dabis.cz\/#organization"},"potentialAction":[{"@type":"SearchAction","target":{"@type":"EntryPoint","urlTemplate":"https:\/\/dabis.cz\/?s={search_term_string}"},"query-input":"required name=search_term_string"}],"inLanguage":"en-US"},{"@type":"ImageObject","@id":"https:\/\/dabis.cz\/en\/products-and-services\/sw-for-banking\/#primaryimage","inLanguage":"en-US","url":"https:\/\/dabis.cz\/wp-content\/uploads\/2019\/05\/money-3536346.jpg","contentUrl":"https:\/\/dabis.cz\/wp-content\/uploads\/2019\/05\/money-3536346.jpg","width":4507,"height":3005},{"@type":"WebPage","@id":"https:\/\/dabis.cz\/en\/products-and-services\/sw-for-banking\/#webpage","url":"https:\/\/dabis.cz\/en\/products-and-services\/sw-for-banking\/","name":"SW for Banking - DabiS","isPartOf":{"@id":"https:\/\/dabis.cz\/#website"},"primaryImageOfPage":{"@id":"https:\/\/dabis.cz\/en\/products-and-services\/sw-for-banking\/#primaryimage"},"datePublished":"2016-07-05T06:29:13+00:00","dateModified":"2019-05-29T15:11:21+00:00","description":"Profesionalita a individu\u00e1ln\u00ed p\u0159\u00edstup advok\u00e1t\u016f kancel\u00e1\u0159e Mazel&Sm\u011bja v Praze 2.","breadcrumb":{"@id":"https:\/\/dabis.cz\/en\/products-and-services\/sw-for-banking\/#breadcrumb"},"inLanguage":"en-US","potentialAction":[{"@type":"ReadAction","target":["https:\/\/dabis.cz\/en\/products-and-services\/sw-for-banking\/"]}]},{"@type":"BreadcrumbList","@id":"https:\/\/dabis.cz\/en\/products-and-services\/sw-for-banking\/#breadcrumb","itemListElement":[{"@type":"ListItem","position":1,"name":"Dom\u016f","item":"https:\/\/dabis.cz\/en\/"},{"@type":"ListItem","position":2,"name":"Products and Services","item":"https:\/\/dabis.cz\/en\/products-and-services\/"},{"@type":"ListItem","position":3,"name":"SW for Banking"}]}]}},"_links":{"self":[{"href":"https:\/\/dabis.cz\/en\/wp-json\/wp\/v2\/pages\/700"}],"collection":[{"href":"https:\/\/dabis.cz\/en\/wp-json\/wp\/v2\/pages"}],"about":[{"href":"https:\/\/dabis.cz\/en\/wp-json\/wp\/v2\/types\/page"}],"author":[{"embeddable":true,"href":"https:\/\/dabis.cz\/en\/wp-json\/wp\/v2\/users\/6"}],"replies":[{"embeddable":true,"href":"https:\/\/dabis.cz\/en\/wp-json\/wp\/v2\/comments?post=700"}],"version-history":[{"count":3,"href":"https:\/\/dabis.cz\/en\/wp-json\/wp\/v2\/pages\/700\/revisions"}],"predecessor-version":[{"id":1069,"href":"https:\/\/dabis.cz\/en\/wp-json\/wp\/v2\/pages\/700\/revisions\/1069"}],"up":[{"embeddable":true,"href":"https:\/\/dabis.cz\/en\/wp-json\/wp\/v2\/pages\/684"}],"wp:featuredmedia":[{"embeddable":true,"href":"https:\/\/dabis.cz\/en\/wp-json\/wp\/v2\/media\/1047"}],"wp:attachment":[{"href":"https:\/\/dabis.cz\/en\/wp-json\/wp\/v2\/media?parent=700"}],"curies":[{"name":"wp","href":"https:\/\/api.w.org\/{rel}","templated":true}]}}