{"id":698,"date":"2016-07-05T08:27:14","date_gmt":"2016-07-05T06:27:14","guid":{"rendered":"https:\/\/mazel-smeja.cz\/en\/?page_id=698"},"modified":"2019-05-29T17:11:43","modified_gmt":"2019-05-29T15:11:43","slug":"software-for-it","status":"publish","type":"page","link":"https:\/\/dabis.cz\/en\/products-and-services\/software-for-it\/","title":{"rendered":"Software for IT"},"content":{"rendered":"<h2>Software for IT: Saving time and costs of hundreds of per cent<\/h2>\n<p>Time is money, and\u00a0<strong>software for IT<\/strong>\u00a0by\u00a0<a href=\"https:\/\/dabis.cz\/en\">DabiS.cz<\/a>\u00a0will bring you both. Arrange for the most effective management and recording of user demands and save both time and financial costs amounting to hundreds of per cents thanks to software for IT!<\/p>\n<ul>\n<li>Time necessary to record user demands will be <strong>reduced many times<\/strong><\/li>\n<li><strong>Maximum simplification <\/strong><strong>of all related processes<\/strong><\/li>\n<li>Maximum accelerations of stocktaking even in large companies<\/li>\n<\/ul>\n<p>If software is introduced in a&nbsp;company, a&nbsp;large numbers of employees from various departments always comment the related changes. That\u2019s why the introduction of software for IT is a&nbsp;complex process where experienced professionals should be entrusted with the implementation. If the company wants to keeps <strong>the recording of hardware and software <\/strong>in good conditions, a&nbsp;functional <a href=\"https:\/\/dabis.cz\/en\/clanek-software-pro-helpdesk\/\">helpdesk for IT<\/a> is a&nbsp;must. Contact DabiS.cz, the leading Czech specialist in the sphere of\u00a0<a href=\"https:\/\/dabis.cz\/en\/informacni-systemy-na-klic\/\">information systems<\/a>, take advantage of more than\u00a0<strong>15 years of our experience <\/strong><strong>in <\/strong>implementing software for IT, and\u00a0<a href=\"https:\/\/dabis.cz\/en\/kontakty\/\">contact us now!<\/a><\/p>\n<h2>Filling in an invoice? A&nbsp;couple of mouse clicks instead of 10 minutes suffices<\/h2>\n<p>Have you ever calculated how much your company would save if your accounting department spent, for example, <strong>four times shorter a&nbsp;period <\/strong>in filling an invoice than up to now? And how much would you <strong>save for employees<\/strong> whom you would not have to recruit due to the accounting, recording and organization processes simplified as much as possible? Software for IT, implemented by DabiS.cz, will interconnect the information system with your company\u2019s bookkeeping. And the result?<\/p>\n<ul>\n<li>A complete <strong>inventory of property <\/strong>and exact knowledge of the <strong>allocation <\/strong>thereof<\/li>\n<li>Each employee can see the property which he\/she is supposed to have at the end of the year<\/li>\n<li><strong>Instant check and quick correction of discrepancies<\/strong><\/li>\n<li>Stocktaking as easy as possible<\/li>\n<\/ul>\n<p>If you want to reach perfect order and the highest effectiveness possible in recording user demands, you cannot do without\u00a0<strong>software for IT. <\/strong><strong>Contact<\/strong> DabiS.cz whose representative portfolio of satisfied clients (look at the <a href=\"https:\/\/dabis.cz\/en\/reference\/\">references<\/a>!) is the guarantee that top quality software for IT will be implemented to your company as well, and for <strong>very favourable price. <\/strong>Do not hesitate and\u00a0<a href=\"https:\/\/dabis.cz\/en\/kontakty\/\">contact us now!<\/a><\/p>\n<p>&nbsp;<\/p>\n","protected":false},"excerpt":{"rendered":"<p>Software for IT: Saving time and costs of hundreds of per cent Time is money, and\u00a0software for IT\u00a0by\u00a0DabiS.cz\u00a0will bring you both. Arrange for the most effective management and recording of user demands and save both&#8230;<br \/><a class=\"moretag\" href=\"https:\/\/dabis.cz\/en\/products-and-services\/software-for-it\/\"> ZJISTIT V\u00cdCE<\/a><\/p>\n","protected":false},"author":6,"featured_media":1044,"parent":684,"menu_order":8,"comment_status":"closed","ping_status":"closed","template":"page-sidebar.php","meta":[],"yoast_head":"<!-- This site is optimized with the Yoast SEO plugin v17.8 - https:\/\/yoast.com\/wordpress\/plugins\/seo\/ -->\n<meta name=\"description\" content=\"Profesionalita a individu\u00e1ln\u00ed p\u0159\u00edstup advok\u00e1t\u016f kancel\u00e1\u0159e Mazel&amp;Sm\u011bja v Praze 2.\" \/>\n<meta name=\"robots\" content=\"index, follow, max-snippet:-1, max-image-preview:large, max-video-preview:-1\" \/>\n<link rel=\"canonical\" href=\"https:\/\/dabis.cz\/en\/products-and-services\/software-for-it\/\" \/>\n<meta property=\"og:locale\" content=\"en_US\" \/>\n<meta property=\"og:type\" content=\"article\" \/>\n<meta property=\"og:title\" content=\"Software for IT - DabiS\" \/>\n<meta property=\"og:description\" content=\"Profesionalita a individu\u00e1ln\u00ed p\u0159\u00edstup advok\u00e1t\u016f kancel\u00e1\u0159e Mazel&amp;Sm\u011bja v Praze 2.\" \/>\n<meta property=\"og:url\" content=\"https:\/\/dabis.cz\/en\/products-and-services\/software-for-it\/\" \/>\n<meta property=\"og:site_name\" content=\"DabiS\" \/>\n<meta property=\"article:modified_time\" content=\"2019-05-29T15:11:43+00:00\" \/>\n<meta property=\"og:image\" content=\"https:\/\/dabis.cz\/wp-content\/uploads\/2019\/05\/artificial-intelligence-2167835-1024x685.jpg\" \/>\n\t<meta property=\"og:image:width\" content=\"1024\" \/>\n\t<meta property=\"og:image:height\" content=\"685\" \/>\n<meta name=\"twitter:card\" content=\"summary\" \/>\n<meta name=\"twitter:label1\" content=\"Est. reading time\" \/>\n\t<meta name=\"twitter:data1\" content=\"2 minutes\" \/>\n<script type=\"application\/ld+json\" class=\"yoast-schema-graph\">{\"@context\":\"https:\/\/schema.org\",\"@graph\":[{\"@type\":\"Organization\",\"@id\":\"https:\/\/dabis.cz\/#organization\",\"name\":\"Dabis\",\"url\":\"https:\/\/dabis.cz\/\",\"sameAs\":[],\"logo\":{\"@type\":\"ImageObject\",\"@id\":\"https:\/\/dabis.cz\/#logo\",\"inLanguage\":\"en-US\",\"url\":\"https:\/\/dabis.cz\/wp-content\/uploads\/2019\/04\/dabis-logo.png\",\"contentUrl\":\"https:\/\/dabis.cz\/wp-content\/uploads\/2019\/04\/dabis-logo.png\",\"width\":119,\"height\":74,\"caption\":\"Dabis\"},\"image\":{\"@id\":\"https:\/\/dabis.cz\/#logo\"}},{\"@type\":\"WebSite\",\"@id\":\"https:\/\/dabis.cz\/#website\",\"url\":\"https:\/\/dabis.cz\/\",\"name\":\"DabiS\",\"description\":\"Centr\\u00e1ln\\u00ed evidence p\\u0159estupk\\u016f, statistika \\u010dinnosti, \\u00fa\\u0159edn\\u00ed z\\u00e1znamy\",\"publisher\":{\"@id\":\"https:\/\/dabis.cz\/#organization\"},\"potentialAction\":[{\"@type\":\"SearchAction\",\"target\":{\"@type\":\"EntryPoint\",\"urlTemplate\":\"https:\/\/dabis.cz\/?s={search_term_string}\"},\"query-input\":\"required name=search_term_string\"}],\"inLanguage\":\"en-US\"},{\"@type\":\"ImageObject\",\"@id\":\"https:\/\/dabis.cz\/en\/products-and-services\/software-for-it\/#primaryimage\",\"inLanguage\":\"en-US\",\"url\":\"https:\/\/dabis.cz\/wp-content\/uploads\/2019\/05\/artificial-intelligence-2167835.jpg\",\"contentUrl\":\"https:\/\/dabis.cz\/wp-content\/uploads\/2019\/05\/artificial-intelligence-2167835.jpg\",\"width\":3702,\"height\":2478},{\"@type\":\"WebPage\",\"@id\":\"https:\/\/dabis.cz\/en\/products-and-services\/software-for-it\/#webpage\",\"url\":\"https:\/\/dabis.cz\/en\/products-and-services\/software-for-it\/\",\"name\":\"Software for IT - DabiS\",\"isPartOf\":{\"@id\":\"https:\/\/dabis.cz\/#website\"},\"primaryImageOfPage\":{\"@id\":\"https:\/\/dabis.cz\/en\/products-and-services\/software-for-it\/#primaryimage\"},\"datePublished\":\"2016-07-05T06:27:14+00:00\",\"dateModified\":\"2019-05-29T15:11:43+00:00\",\"description\":\"Profesionalita a individu\\u00e1ln\\u00ed p\\u0159\\u00edstup advok\\u00e1t\\u016f kancel\\u00e1\\u0159e Mazel&Sm\\u011bja v Praze 2.\",\"breadcrumb\":{\"@id\":\"https:\/\/dabis.cz\/en\/products-and-services\/software-for-it\/#breadcrumb\"},\"inLanguage\":\"en-US\",\"potentialAction\":[{\"@type\":\"ReadAction\",\"target\":[\"https:\/\/dabis.cz\/en\/products-and-services\/software-for-it\/\"]}]},{\"@type\":\"BreadcrumbList\",\"@id\":\"https:\/\/dabis.cz\/en\/products-and-services\/software-for-it\/#breadcrumb\",\"itemListElement\":[{\"@type\":\"ListItem\",\"position\":1,\"name\":\"Dom\\u016f\",\"item\":\"https:\/\/dabis.cz\/en\/\"},{\"@type\":\"ListItem\",\"position\":2,\"name\":\"Products and Services\",\"item\":\"https:\/\/dabis.cz\/en\/products-and-services\/\"},{\"@type\":\"ListItem\",\"position\":3,\"name\":\"Software for IT\"}]}]}<\/script>\n<!-- \/ Yoast SEO plugin. -->","yoast_head_json":{"description":"Profesionalita a individu\u00e1ln\u00ed p\u0159\u00edstup advok\u00e1t\u016f kancel\u00e1\u0159e Mazel&Sm\u011bja v Praze 2.","robots":{"index":"index","follow":"follow","max-snippet":"max-snippet:-1","max-image-preview":"max-image-preview:large","max-video-preview":"max-video-preview:-1"},"canonical":"https:\/\/dabis.cz\/en\/products-and-services\/software-for-it\/","og_locale":"en_US","og_type":"article","og_title":"Software for IT - DabiS","og_description":"Profesionalita a individu\u00e1ln\u00ed p\u0159\u00edstup advok\u00e1t\u016f kancel\u00e1\u0159e Mazel&Sm\u011bja v Praze 2.","og_url":"https:\/\/dabis.cz\/en\/products-and-services\/software-for-it\/","og_site_name":"DabiS","article_modified_time":"2019-05-29T15:11:43+00:00","og_image":[{"width":1024,"height":685,"url":"https:\/\/dabis.cz\/wp-content\/uploads\/2019\/05\/artificial-intelligence-2167835-1024x685.jpg","type":"image\/jpeg"}],"twitter_card":"summary","twitter_misc":{"Est. reading time":"2 minutes"},"schema":{"@context":"https:\/\/schema.org","@graph":[{"@type":"Organization","@id":"https:\/\/dabis.cz\/#organization","name":"Dabis","url":"https:\/\/dabis.cz\/","sameAs":[],"logo":{"@type":"ImageObject","@id":"https:\/\/dabis.cz\/#logo","inLanguage":"en-US","url":"https:\/\/dabis.cz\/wp-content\/uploads\/2019\/04\/dabis-logo.png","contentUrl":"https:\/\/dabis.cz\/wp-content\/uploads\/2019\/04\/dabis-logo.png","width":119,"height":74,"caption":"Dabis"},"image":{"@id":"https:\/\/dabis.cz\/#logo"}},{"@type":"WebSite","@id":"https:\/\/dabis.cz\/#website","url":"https:\/\/dabis.cz\/","name":"DabiS","description":"Centr\u00e1ln\u00ed evidence p\u0159estupk\u016f, statistika \u010dinnosti, \u00fa\u0159edn\u00ed z\u00e1znamy","publisher":{"@id":"https:\/\/dabis.cz\/#organization"},"potentialAction":[{"@type":"SearchAction","target":{"@type":"EntryPoint","urlTemplate":"https:\/\/dabis.cz\/?s={search_term_string}"},"query-input":"required name=search_term_string"}],"inLanguage":"en-US"},{"@type":"ImageObject","@id":"https:\/\/dabis.cz\/en\/products-and-services\/software-for-it\/#primaryimage","inLanguage":"en-US","url":"https:\/\/dabis.cz\/wp-content\/uploads\/2019\/05\/artificial-intelligence-2167835.jpg","contentUrl":"https:\/\/dabis.cz\/wp-content\/uploads\/2019\/05\/artificial-intelligence-2167835.jpg","width":3702,"height":2478},{"@type":"WebPage","@id":"https:\/\/dabis.cz\/en\/products-and-services\/software-for-it\/#webpage","url":"https:\/\/dabis.cz\/en\/products-and-services\/software-for-it\/","name":"Software for IT - DabiS","isPartOf":{"@id":"https:\/\/dabis.cz\/#website"},"primaryImageOfPage":{"@id":"https:\/\/dabis.cz\/en\/products-and-services\/software-for-it\/#primaryimage"},"datePublished":"2016-07-05T06:27:14+00:00","dateModified":"2019-05-29T15:11:43+00:00","description":"Profesionalita a individu\u00e1ln\u00ed p\u0159\u00edstup advok\u00e1t\u016f kancel\u00e1\u0159e Mazel&Sm\u011bja v Praze 2.","breadcrumb":{"@id":"https:\/\/dabis.cz\/en\/products-and-services\/software-for-it\/#breadcrumb"},"inLanguage":"en-US","potentialAction":[{"@type":"ReadAction","target":["https:\/\/dabis.cz\/en\/products-and-services\/software-for-it\/"]}]},{"@type":"BreadcrumbList","@id":"https:\/\/dabis.cz\/en\/products-and-services\/software-for-it\/#breadcrumb","itemListElement":[{"@type":"ListItem","position":1,"name":"Dom\u016f","item":"https:\/\/dabis.cz\/en\/"},{"@type":"ListItem","position":2,"name":"Products and Services","item":"https:\/\/dabis.cz\/en\/products-and-services\/"},{"@type":"ListItem","position":3,"name":"Software for IT"}]}]}},"_links":{"self":[{"href":"https:\/\/dabis.cz\/en\/wp-json\/wp\/v2\/pages\/698"}],"collection":[{"href":"https:\/\/dabis.cz\/en\/wp-json\/wp\/v2\/pages"}],"about":[{"href":"https:\/\/dabis.cz\/en\/wp-json\/wp\/v2\/types\/page"}],"author":[{"embeddable":true,"href":"https:\/\/dabis.cz\/en\/wp-json\/wp\/v2\/users\/6"}],"replies":[{"embeddable":true,"href":"https:\/\/dabis.cz\/en\/wp-json\/wp\/v2\/comments?post=698"}],"version-history":[{"count":3,"href":"https:\/\/dabis.cz\/en\/wp-json\/wp\/v2\/pages\/698\/revisions"}],"predecessor-version":[{"id":1087,"href":"https:\/\/dabis.cz\/en\/wp-json\/wp\/v2\/pages\/698\/revisions\/1087"}],"up":[{"embeddable":true,"href":"https:\/\/dabis.cz\/en\/wp-json\/wp\/v2\/pages\/684"}],"wp:featuredmedia":[{"embeddable":true,"href":"https:\/\/dabis.cz\/en\/wp-json\/wp\/v2\/media\/1044"}],"wp:attachment":[{"href":"https:\/\/dabis.cz\/en\/wp-json\/wp\/v2\/media?parent=698"}],"curies":[{"name":"wp","href":"https:\/\/api.w.org\/{rel}","templated":true}]}}