{"id":696,"date":"2016-07-05T08:24:41","date_gmt":"2016-07-05T06:24:41","guid":{"rendered":"https:\/\/mazel-smeja.cz\/en\/?page_id=696"},"modified":"2019-05-29T17:11:59","modified_gmt":"2019-05-29T15:11:59","slug":"sw-for-municipal-policie","status":"publish","type":"page","link":"https:\/\/dabis.cz\/en\/products-and-services\/sw-for-municipal-policie\/","title":{"rendered":"SW for Municipal Police"},"content":{"rendered":"<p>&nbsp;<\/p>\n<h2>Software for municipal police: We made it in Prague, we can make it in your city, too<\/h2>\n<p><strong>Software for municipal police <\/strong>is a&nbsp;speciality of\u00a0<a href=\"https:\/\/dabis.cz\/en\">DabiS.cz<\/a>. \u00a0We have developed our own CEP software which we have cooperated in with the Municipal Police of the capital of Prague since 2001, and the system has become <strong>a champion among public administration <\/strong>\u00a0<strong>information systems. <\/strong>Like the policemen from Prague, you can also make use of the unique software. What does it bring to you?<\/p>\n<ul>\n<li>Recording and processing <strong>large volumes of data of the municipal police<\/strong><\/li>\n<li>Vast area of administrative and operational tasks of everyday operation<\/li>\n<li>Remarkably <strong>more advantageous price than that of our competitors<\/strong><\/li>\n<li><a href=\"https:\/\/dabis.cz\/en\/reference\/\">references<\/a> from Prague where CEP is used with success<\/li>\n<\/ul>\n<p>Order software for your municipal police, and\u00a0<strong>work much more effectively<\/strong>. DabiS.cz, the leading Czech supplier of <a href=\"https:\/\/dabis.cz\/en\/informacni-systemy-na-klic\/\">information systems<\/a>\u00a0with more than 15-year experience, will implement the CEP system to provide more much better administration of police data than up to now.\u00a0<a href=\"https:\/\/dabis.cz\/en\/kontakty\/\">Contact us now<\/a>!<\/p>\n<h2>Faster handling of administrative infractions, towages, and penalties<\/h2>\n<p><strong>CEP software for municipal police <\/strong><strong>enable you <\/strong><strong>a<\/strong>\u00a0<strong>c<\/strong><strong>omplex solution of administrative infractions, <\/strong><strong>preparing statistics of your activities very quickly. Verify that it is no by chance that the CEP system has become the absolute top in its branch as fast as during the first two years after it was launched in <\/strong>2001 and why it has maintained this position since without difficulty. The CEP system by DabiS.cz will arrange for the following tasks:<\/p>\n<ul>\n<li>Summons to provide explanation<\/li>\n<li><strong>Fixed penalties<\/strong><\/li>\n<li>Executions<\/li>\n<li>Easy inputs and well-arranged outputs in recording activities<\/li>\n<li>Database and administration of <strong>towages<\/strong><\/li>\n<\/ul>\n<p>Make use of services of the leading Czech supplier of turnkey\u00a0<a href=\"https:\/\/dabis.cz\/en\/manazerske-informacni-systemy-2\/\">managerial information systems<\/a>\u00a0 and the most recent <a href=\"https:\/\/dabis.cz\/en\/databazovy-software\/\">database applications<\/a>\u00a0and order software for municipal police. Administer your data as effectively as the Municipal Police in the capital of Prague and other important municipalities of the Czech Republic. Do not hesitate and\u00a0<a href=\"https:\/\/dabis.cz\/en\/kontakty\/\">contact us today!<\/a><\/p>\n<p>&nbsp;<\/p>\n","protected":false},"excerpt":{"rendered":"<p>&nbsp; Software for municipal police: We made it in Prague, we can make it in your city, too Software for municipal police is a&nbsp;speciality of\u00a0DabiS.cz. \u00a0We have developed our own CEP software which we have&#8230;<br \/><a class=\"moretag\" href=\"https:\/\/dabis.cz\/en\/products-and-services\/sw-for-municipal-policie\/\"> ZJISTIT V\u00cdCE<\/a><\/p>\n","protected":false},"author":6,"featured_media":1041,"parent":684,"menu_order":7,"comment_status":"closed","ping_status":"closed","template":"page-sidebar.php","meta":[],"yoast_head":"<!-- This site is optimized with the Yoast SEO plugin v17.8 - https:\/\/yoast.com\/wordpress\/plugins\/seo\/ -->\n<meta name=\"description\" content=\"Profesionalita a individu\u00e1ln\u00ed p\u0159\u00edstup advok\u00e1t\u016f kancel\u00e1\u0159e Mazel&amp;Sm\u011bja v Praze 2.\" \/>\n<meta name=\"robots\" content=\"index, follow, max-snippet:-1, max-image-preview:large, max-video-preview:-1\" \/>\n<link rel=\"canonical\" href=\"https:\/\/dabis.cz\/en\/products-and-services\/sw-for-municipal-policie\/\" \/>\n<meta property=\"og:locale\" content=\"en_US\" \/>\n<meta property=\"og:type\" content=\"article\" \/>\n<meta property=\"og:title\" content=\"SW for Municipal Police - DabiS\" \/>\n<meta property=\"og:description\" content=\"Profesionalita a individu\u00e1ln\u00ed p\u0159\u00edstup advok\u00e1t\u016f kancel\u00e1\u0159e Mazel&amp;Sm\u011bja v Praze 2.\" \/>\n<meta property=\"og:url\" content=\"https:\/\/dabis.cz\/en\/products-and-services\/sw-for-municipal-policie\/\" \/>\n<meta property=\"og:site_name\" content=\"DabiS\" \/>\n<meta property=\"article:modified_time\" content=\"2019-05-29T15:11:59+00:00\" \/>\n<meta property=\"og:image\" content=\"https:\/\/dabis.cz\/wp-content\/uploads\/2019\/05\/police-378255.jpg\" \/>\n\t<meta property=\"og:image:width\" content=\"3772\" \/>\n\t<meta property=\"og:image:height\" content=\"2661\" \/>\n<meta name=\"twitter:card\" content=\"summary\" \/>\n<meta name=\"twitter:label1\" content=\"Est. reading time\" \/>\n\t<meta name=\"twitter:data1\" content=\"2 minutes\" \/>\n<script type=\"application\/ld+json\" class=\"yoast-schema-graph\">{\"@context\":\"https:\/\/schema.org\",\"@graph\":[{\"@type\":\"Organization\",\"@id\":\"https:\/\/dabis.cz\/#organization\",\"name\":\"Dabis\",\"url\":\"https:\/\/dabis.cz\/\",\"sameAs\":[],\"logo\":{\"@type\":\"ImageObject\",\"@id\":\"https:\/\/dabis.cz\/#logo\",\"inLanguage\":\"en-US\",\"url\":\"https:\/\/dabis.cz\/wp-content\/uploads\/2019\/04\/dabis-logo.png\",\"contentUrl\":\"https:\/\/dabis.cz\/wp-content\/uploads\/2019\/04\/dabis-logo.png\",\"width\":119,\"height\":74,\"caption\":\"Dabis\"},\"image\":{\"@id\":\"https:\/\/dabis.cz\/#logo\"}},{\"@type\":\"WebSite\",\"@id\":\"https:\/\/dabis.cz\/#website\",\"url\":\"https:\/\/dabis.cz\/\",\"name\":\"DabiS\",\"description\":\"Centr\\u00e1ln\\u00ed evidence p\\u0159estupk\\u016f, statistika \\u010dinnosti, \\u00fa\\u0159edn\\u00ed z\\u00e1znamy\",\"publisher\":{\"@id\":\"https:\/\/dabis.cz\/#organization\"},\"potentialAction\":[{\"@type\":\"SearchAction\",\"target\":{\"@type\":\"EntryPoint\",\"urlTemplate\":\"https:\/\/dabis.cz\/?s={search_term_string}\"},\"query-input\":\"required name=search_term_string\"}],\"inLanguage\":\"en-US\"},{\"@type\":\"ImageObject\",\"@id\":\"https:\/\/dabis.cz\/en\/products-and-services\/sw-for-municipal-policie\/#primaryimage\",\"inLanguage\":\"en-US\",\"url\":\"https:\/\/dabis.cz\/wp-content\/uploads\/2019\/05\/police-378255.jpg\",\"contentUrl\":\"https:\/\/dabis.cz\/wp-content\/uploads\/2019\/05\/police-378255.jpg\",\"width\":3772,\"height\":2661},{\"@type\":\"WebPage\",\"@id\":\"https:\/\/dabis.cz\/en\/products-and-services\/sw-for-municipal-policie\/#webpage\",\"url\":\"https:\/\/dabis.cz\/en\/products-and-services\/sw-for-municipal-policie\/\",\"name\":\"SW for Municipal Police - DabiS\",\"isPartOf\":{\"@id\":\"https:\/\/dabis.cz\/#website\"},\"primaryImageOfPage\":{\"@id\":\"https:\/\/dabis.cz\/en\/products-and-services\/sw-for-municipal-policie\/#primaryimage\"},\"datePublished\":\"2016-07-05T06:24:41+00:00\",\"dateModified\":\"2019-05-29T15:11:59+00:00\",\"description\":\"Profesionalita a individu\\u00e1ln\\u00ed p\\u0159\\u00edstup advok\\u00e1t\\u016f kancel\\u00e1\\u0159e Mazel&Sm\\u011bja v Praze 2.\",\"breadcrumb\":{\"@id\":\"https:\/\/dabis.cz\/en\/products-and-services\/sw-for-municipal-policie\/#breadcrumb\"},\"inLanguage\":\"en-US\",\"potentialAction\":[{\"@type\":\"ReadAction\",\"target\":[\"https:\/\/dabis.cz\/en\/products-and-services\/sw-for-municipal-policie\/\"]}]},{\"@type\":\"BreadcrumbList\",\"@id\":\"https:\/\/dabis.cz\/en\/products-and-services\/sw-for-municipal-policie\/#breadcrumb\",\"itemListElement\":[{\"@type\":\"ListItem\",\"position\":1,\"name\":\"Dom\\u016f\",\"item\":\"https:\/\/dabis.cz\/en\/\"},{\"@type\":\"ListItem\",\"position\":2,\"name\":\"Products and Services\",\"item\":\"https:\/\/dabis.cz\/en\/products-and-services\/\"},{\"@type\":\"ListItem\",\"position\":3,\"name\":\"SW for Municipal Police\"}]}]}<\/script>\n<!-- \/ Yoast SEO plugin. -->","yoast_head_json":{"description":"Profesionalita a individu\u00e1ln\u00ed p\u0159\u00edstup advok\u00e1t\u016f kancel\u00e1\u0159e Mazel&Sm\u011bja v Praze 2.","robots":{"index":"index","follow":"follow","max-snippet":"max-snippet:-1","max-image-preview":"max-image-preview:large","max-video-preview":"max-video-preview:-1"},"canonical":"https:\/\/dabis.cz\/en\/products-and-services\/sw-for-municipal-policie\/","og_locale":"en_US","og_type":"article","og_title":"SW for Municipal Police - DabiS","og_description":"Profesionalita a individu\u00e1ln\u00ed p\u0159\u00edstup advok\u00e1t\u016f kancel\u00e1\u0159e Mazel&Sm\u011bja v Praze 2.","og_url":"https:\/\/dabis.cz\/en\/products-and-services\/sw-for-municipal-policie\/","og_site_name":"DabiS","article_modified_time":"2019-05-29T15:11:59+00:00","og_image":[{"width":3772,"height":2661,"url":"https:\/\/dabis.cz\/wp-content\/uploads\/2019\/05\/police-378255.jpg","type":"image\/jpeg"}],"twitter_card":"summary","twitter_misc":{"Est. reading time":"2 minutes"},"schema":{"@context":"https:\/\/schema.org","@graph":[{"@type":"Organization","@id":"https:\/\/dabis.cz\/#organization","name":"Dabis","url":"https:\/\/dabis.cz\/","sameAs":[],"logo":{"@type":"ImageObject","@id":"https:\/\/dabis.cz\/#logo","inLanguage":"en-US","url":"https:\/\/dabis.cz\/wp-content\/uploads\/2019\/04\/dabis-logo.png","contentUrl":"https:\/\/dabis.cz\/wp-content\/uploads\/2019\/04\/dabis-logo.png","width":119,"height":74,"caption":"Dabis"},"image":{"@id":"https:\/\/dabis.cz\/#logo"}},{"@type":"WebSite","@id":"https:\/\/dabis.cz\/#website","url":"https:\/\/dabis.cz\/","name":"DabiS","description":"Centr\u00e1ln\u00ed evidence p\u0159estupk\u016f, statistika \u010dinnosti, \u00fa\u0159edn\u00ed z\u00e1znamy","publisher":{"@id":"https:\/\/dabis.cz\/#organization"},"potentialAction":[{"@type":"SearchAction","target":{"@type":"EntryPoint","urlTemplate":"https:\/\/dabis.cz\/?s={search_term_string}"},"query-input":"required name=search_term_string"}],"inLanguage":"en-US"},{"@type":"ImageObject","@id":"https:\/\/dabis.cz\/en\/products-and-services\/sw-for-municipal-policie\/#primaryimage","inLanguage":"en-US","url":"https:\/\/dabis.cz\/wp-content\/uploads\/2019\/05\/police-378255.jpg","contentUrl":"https:\/\/dabis.cz\/wp-content\/uploads\/2019\/05\/police-378255.jpg","width":3772,"height":2661},{"@type":"WebPage","@id":"https:\/\/dabis.cz\/en\/products-and-services\/sw-for-municipal-policie\/#webpage","url":"https:\/\/dabis.cz\/en\/products-and-services\/sw-for-municipal-policie\/","name":"SW for Municipal Police - DabiS","isPartOf":{"@id":"https:\/\/dabis.cz\/#website"},"primaryImageOfPage":{"@id":"https:\/\/dabis.cz\/en\/products-and-services\/sw-for-municipal-policie\/#primaryimage"},"datePublished":"2016-07-05T06:24:41+00:00","dateModified":"2019-05-29T15:11:59+00:00","description":"Profesionalita a individu\u00e1ln\u00ed p\u0159\u00edstup advok\u00e1t\u016f kancel\u00e1\u0159e Mazel&Sm\u011bja v Praze 2.","breadcrumb":{"@id":"https:\/\/dabis.cz\/en\/products-and-services\/sw-for-municipal-policie\/#breadcrumb"},"inLanguage":"en-US","potentialAction":[{"@type":"ReadAction","target":["https:\/\/dabis.cz\/en\/products-and-services\/sw-for-municipal-policie\/"]}]},{"@type":"BreadcrumbList","@id":"https:\/\/dabis.cz\/en\/products-and-services\/sw-for-municipal-policie\/#breadcrumb","itemListElement":[{"@type":"ListItem","position":1,"name":"Dom\u016f","item":"https:\/\/dabis.cz\/en\/"},{"@type":"ListItem","position":2,"name":"Products and Services","item":"https:\/\/dabis.cz\/en\/products-and-services\/"},{"@type":"ListItem","position":3,"name":"SW for Municipal Police"}]}]}},"_links":{"self":[{"href":"https:\/\/dabis.cz\/en\/wp-json\/wp\/v2\/pages\/696"}],"collection":[{"href":"https:\/\/dabis.cz\/en\/wp-json\/wp\/v2\/pages"}],"about":[{"href":"https:\/\/dabis.cz\/en\/wp-json\/wp\/v2\/types\/page"}],"author":[{"embeddable":true,"href":"https:\/\/dabis.cz\/en\/wp-json\/wp\/v2\/users\/6"}],"replies":[{"embeddable":true,"href":"https:\/\/dabis.cz\/en\/wp-json\/wp\/v2\/comments?post=696"}],"version-history":[{"count":3,"href":"https:\/\/dabis.cz\/en\/wp-json\/wp\/v2\/pages\/696\/revisions"}],"predecessor-version":[{"id":1088,"href":"https:\/\/dabis.cz\/en\/wp-json\/wp\/v2\/pages\/696\/revisions\/1088"}],"up":[{"embeddable":true,"href":"https:\/\/dabis.cz\/en\/wp-json\/wp\/v2\/pages\/684"}],"wp:featuredmedia":[{"embeddable":true,"href":"https:\/\/dabis.cz\/en\/wp-json\/wp\/v2\/media\/1041"}],"wp:attachment":[{"href":"https:\/\/dabis.cz\/en\/wp-json\/wp\/v2\/media?parent=696"}],"curies":[{"name":"wp","href":"https:\/\/api.w.org\/{rel}","templated":true}]}}