{"id":694,"date":"2016-07-05T08:22:21","date_gmt":"2016-07-05T06:22:21","guid":{"rendered":"https:\/\/mazel-smeja.cz\/en\/?page_id=694"},"modified":"2019-05-29T17:10:18","modified_gmt":"2019-05-29T15:10:18","slug":"microsoft-sql","status":"publish","type":"page","link":"https:\/\/dabis.cz\/en\/products-and-services\/microsoft-sql\/","title":{"rendered":"Microsoft SQL"},"content":{"rendered":"<h2>Microsoft SQL provides for depositing and effective management of hundreds of millions of data items<\/h2>\n<p>Are you looking for a&nbsp;reasonable and safe manner how to save your company\u2019s data? <strong>Microsoft SQL, <\/strong><strong>or<\/strong>\u00a0Structured Query Language provides for effective management of big volumes of data. <a href=\"https:\/\/dabis.cz\/en\">DabiS.cz<\/a> has more than <strong>15-year experience <\/strong>with the implementation of \u00a0Microsoft SQL which brings:<\/p>\n<ul>\n<li>Effective warehousing and management of data amounting to <strong>hundreds of millions of items<\/strong><\/li>\n<li>Results in <strong>several seconds<\/strong><\/li>\n<li>Your company\u2019s business intelligence on a&nbsp;high level<\/li>\n<li>Quick inputting, filling, editing, reading, processing and evaluating<\/li>\n<li>Working with information <strong>made exactly to measure of your company<\/strong><\/li>\n<li>Easy incorporation into the existing system<\/li>\n<li>Outputs in Excel charts, interconnection with mass mailing, well-arranged graphs<\/li>\n<li>We shall instruct you <strong>how to operate<\/strong><strong> Microsoft SQL easily <\/strong><strong>and how to change the output settings<\/strong><\/li>\n<\/ul>\n<p>Where processing hundreds of millions of items <strong>would completely paralyse minor tools like<\/strong><strong> Linux MySQL<\/strong>, the solution in the form of Microsoft SQL is ay hand. Entrust renowned specialists in <a href=\"https:\/\/dabis.cz\/en\/informacni-systemy-na-klic\/\">information systems<\/a> with your information management,\u00a0and <a href=\"https:\/\/dabis.cz\/en\/kontakty\/\">order the implementation of Microsoft SQL right now!<\/a><\/p>\n<h2>Advantageous price and easy installation \u2013 save your IT manager\u2019s labour<\/h2>\n<p><strong>Microsoft SQL, <\/strong><strong>when compared to the competitor system of <\/strong>Oracle, is a&nbsp;universally more advantageous variant, being:<\/p>\n<ul>\n<li><strong>At a&nbsp;more affordable price than Oracle<\/strong><\/li>\n<li>Better to <strong>interconnect with all the other <\/strong><strong>Microsoft<\/strong> technologies<\/li>\n<li>More programmer-friendly than Oracle<\/li>\n<li>Your IT manager will be much less busy about the installation<\/li>\n<\/ul>\n<p>Manage <strong>big volumes of your data really effectively <\/strong>and order Microsoft SQL from DabiS.cz, the leading Czech specialist in database systems and software for IT. We shall set your user interface so that you may input, track, manage, evaluate and report data with the highest effectiveness possible. Contact us and order Microsoft SQL today!<\/p>\n<p>&nbsp;<\/p>\n<p>&nbsp;<\/p>\n<p>&nbsp;<\/p>\n<p>&nbsp;<\/p>\n<p>&nbsp;<\/p>\n","protected":false},"excerpt":{"rendered":"<p>Microsoft SQL provides for depositing and effective management of hundreds of millions of data items Are you looking for a&nbsp;reasonable and safe manner how to save your company\u2019s data? Microsoft SQL, or\u00a0Structured Query Language provides&#8230;<br \/><a class=\"moretag\" href=\"https:\/\/dabis.cz\/en\/products-and-services\/microsoft-sql\/\"> ZJISTIT V\u00cdCE<\/a><\/p>\n","protected":false},"author":6,"featured_media":1038,"parent":684,"menu_order":6,"comment_status":"closed","ping_status":"closed","template":"page-sidebar.php","meta":[],"yoast_head":"<!-- This site is optimized with the Yoast SEO plugin v17.8 - https:\/\/yoast.com\/wordpress\/plugins\/seo\/ -->\n<meta name=\"description\" content=\"Profesionalita a individu\u00e1ln\u00ed p\u0159\u00edstup advok\u00e1t\u016f kancel\u00e1\u0159e Mazel&amp;Sm\u011bja v Praze 2.\" \/>\n<meta name=\"robots\" content=\"index, follow, max-snippet:-1, max-image-preview:large, max-video-preview:-1\" \/>\n<link rel=\"canonical\" href=\"https:\/\/dabis.cz\/en\/products-and-services\/microsoft-sql\/\" \/>\n<meta property=\"og:locale\" content=\"en_US\" \/>\n<meta property=\"og:type\" content=\"article\" \/>\n<meta property=\"og:title\" content=\"Microsoft SQL - DabiS\" \/>\n<meta property=\"og:description\" content=\"Profesionalita a individu\u00e1ln\u00ed p\u0159\u00edstup advok\u00e1t\u016f kancel\u00e1\u0159e Mazel&amp;Sm\u011bja v Praze 2.\" \/>\n<meta property=\"og:url\" content=\"https:\/\/dabis.cz\/en\/products-and-services\/microsoft-sql\/\" \/>\n<meta property=\"og:site_name\" content=\"DabiS\" \/>\n<meta property=\"article:modified_time\" content=\"2019-05-29T15:10:18+00:00\" \/>\n<meta property=\"og:image\" content=\"https:\/\/dabis.cz\/wp-content\/uploads\/2019\/05\/database-schema-1895779-1.png\" \/>\n\t<meta property=\"og:image:width\" content=\"1920\" \/>\n\t<meta property=\"og:image:height\" content=\"1677\" \/>\n<meta name=\"twitter:card\" content=\"summary\" \/>\n<meta name=\"twitter:label1\" content=\"Est. reading time\" \/>\n\t<meta name=\"twitter:data1\" content=\"2 minutes\" \/>\n<script type=\"application\/ld+json\" class=\"yoast-schema-graph\">{\"@context\":\"https:\/\/schema.org\",\"@graph\":[{\"@type\":\"Organization\",\"@id\":\"https:\/\/dabis.cz\/#organization\",\"name\":\"Dabis\",\"url\":\"https:\/\/dabis.cz\/\",\"sameAs\":[],\"logo\":{\"@type\":\"ImageObject\",\"@id\":\"https:\/\/dabis.cz\/#logo\",\"inLanguage\":\"en-US\",\"url\":\"https:\/\/dabis.cz\/wp-content\/uploads\/2019\/04\/dabis-logo.png\",\"contentUrl\":\"https:\/\/dabis.cz\/wp-content\/uploads\/2019\/04\/dabis-logo.png\",\"width\":119,\"height\":74,\"caption\":\"Dabis\"},\"image\":{\"@id\":\"https:\/\/dabis.cz\/#logo\"}},{\"@type\":\"WebSite\",\"@id\":\"https:\/\/dabis.cz\/#website\",\"url\":\"https:\/\/dabis.cz\/\",\"name\":\"DabiS\",\"description\":\"Centr\\u00e1ln\\u00ed evidence p\\u0159estupk\\u016f, statistika \\u010dinnosti, \\u00fa\\u0159edn\\u00ed z\\u00e1znamy\",\"publisher\":{\"@id\":\"https:\/\/dabis.cz\/#organization\"},\"potentialAction\":[{\"@type\":\"SearchAction\",\"target\":{\"@type\":\"EntryPoint\",\"urlTemplate\":\"https:\/\/dabis.cz\/?s={search_term_string}\"},\"query-input\":\"required name=search_term_string\"}],\"inLanguage\":\"en-US\"},{\"@type\":\"ImageObject\",\"@id\":\"https:\/\/dabis.cz\/en\/products-and-services\/microsoft-sql\/#primaryimage\",\"inLanguage\":\"en-US\",\"url\":\"https:\/\/dabis.cz\/wp-content\/uploads\/2019\/05\/database-schema-1895779-1.png\",\"contentUrl\":\"https:\/\/dabis.cz\/wp-content\/uploads\/2019\/05\/database-schema-1895779-1.png\",\"width\":1920,\"height\":1677},{\"@type\":\"WebPage\",\"@id\":\"https:\/\/dabis.cz\/en\/products-and-services\/microsoft-sql\/#webpage\",\"url\":\"https:\/\/dabis.cz\/en\/products-and-services\/microsoft-sql\/\",\"name\":\"Microsoft SQL - DabiS\",\"isPartOf\":{\"@id\":\"https:\/\/dabis.cz\/#website\"},\"primaryImageOfPage\":{\"@id\":\"https:\/\/dabis.cz\/en\/products-and-services\/microsoft-sql\/#primaryimage\"},\"datePublished\":\"2016-07-05T06:22:21+00:00\",\"dateModified\":\"2019-05-29T15:10:18+00:00\",\"description\":\"Profesionalita a individu\\u00e1ln\\u00ed p\\u0159\\u00edstup advok\\u00e1t\\u016f kancel\\u00e1\\u0159e Mazel&Sm\\u011bja v Praze 2.\",\"breadcrumb\":{\"@id\":\"https:\/\/dabis.cz\/en\/products-and-services\/microsoft-sql\/#breadcrumb\"},\"inLanguage\":\"en-US\",\"potentialAction\":[{\"@type\":\"ReadAction\",\"target\":[\"https:\/\/dabis.cz\/en\/products-and-services\/microsoft-sql\/\"]}]},{\"@type\":\"BreadcrumbList\",\"@id\":\"https:\/\/dabis.cz\/en\/products-and-services\/microsoft-sql\/#breadcrumb\",\"itemListElement\":[{\"@type\":\"ListItem\",\"position\":1,\"name\":\"Dom\\u016f\",\"item\":\"https:\/\/dabis.cz\/en\/\"},{\"@type\":\"ListItem\",\"position\":2,\"name\":\"Products and Services\",\"item\":\"https:\/\/dabis.cz\/en\/products-and-services\/\"},{\"@type\":\"ListItem\",\"position\":3,\"name\":\"Microsoft SQL\"}]}]}<\/script>\n<!-- \/ Yoast SEO plugin. -->","yoast_head_json":{"description":"Profesionalita a individu\u00e1ln\u00ed p\u0159\u00edstup advok\u00e1t\u016f kancel\u00e1\u0159e Mazel&Sm\u011bja v Praze 2.","robots":{"index":"index","follow":"follow","max-snippet":"max-snippet:-1","max-image-preview":"max-image-preview:large","max-video-preview":"max-video-preview:-1"},"canonical":"https:\/\/dabis.cz\/en\/products-and-services\/microsoft-sql\/","og_locale":"en_US","og_type":"article","og_title":"Microsoft SQL - DabiS","og_description":"Profesionalita a individu\u00e1ln\u00ed p\u0159\u00edstup advok\u00e1t\u016f kancel\u00e1\u0159e Mazel&Sm\u011bja v Praze 2.","og_url":"https:\/\/dabis.cz\/en\/products-and-services\/microsoft-sql\/","og_site_name":"DabiS","article_modified_time":"2019-05-29T15:10:18+00:00","og_image":[{"width":1920,"height":1677,"url":"https:\/\/dabis.cz\/wp-content\/uploads\/2019\/05\/database-schema-1895779-1.png","type":"image\/png"}],"twitter_card":"summary","twitter_misc":{"Est. reading time":"2 minutes"},"schema":{"@context":"https:\/\/schema.org","@graph":[{"@type":"Organization","@id":"https:\/\/dabis.cz\/#organization","name":"Dabis","url":"https:\/\/dabis.cz\/","sameAs":[],"logo":{"@type":"ImageObject","@id":"https:\/\/dabis.cz\/#logo","inLanguage":"en-US","url":"https:\/\/dabis.cz\/wp-content\/uploads\/2019\/04\/dabis-logo.png","contentUrl":"https:\/\/dabis.cz\/wp-content\/uploads\/2019\/04\/dabis-logo.png","width":119,"height":74,"caption":"Dabis"},"image":{"@id":"https:\/\/dabis.cz\/#logo"}},{"@type":"WebSite","@id":"https:\/\/dabis.cz\/#website","url":"https:\/\/dabis.cz\/","name":"DabiS","description":"Centr\u00e1ln\u00ed evidence p\u0159estupk\u016f, statistika \u010dinnosti, \u00fa\u0159edn\u00ed z\u00e1znamy","publisher":{"@id":"https:\/\/dabis.cz\/#organization"},"potentialAction":[{"@type":"SearchAction","target":{"@type":"EntryPoint","urlTemplate":"https:\/\/dabis.cz\/?s={search_term_string}"},"query-input":"required name=search_term_string"}],"inLanguage":"en-US"},{"@type":"ImageObject","@id":"https:\/\/dabis.cz\/en\/products-and-services\/microsoft-sql\/#primaryimage","inLanguage":"en-US","url":"https:\/\/dabis.cz\/wp-content\/uploads\/2019\/05\/database-schema-1895779-1.png","contentUrl":"https:\/\/dabis.cz\/wp-content\/uploads\/2019\/05\/database-schema-1895779-1.png","width":1920,"height":1677},{"@type":"WebPage","@id":"https:\/\/dabis.cz\/en\/products-and-services\/microsoft-sql\/#webpage","url":"https:\/\/dabis.cz\/en\/products-and-services\/microsoft-sql\/","name":"Microsoft SQL - DabiS","isPartOf":{"@id":"https:\/\/dabis.cz\/#website"},"primaryImageOfPage":{"@id":"https:\/\/dabis.cz\/en\/products-and-services\/microsoft-sql\/#primaryimage"},"datePublished":"2016-07-05T06:22:21+00:00","dateModified":"2019-05-29T15:10:18+00:00","description":"Profesionalita a individu\u00e1ln\u00ed p\u0159\u00edstup advok\u00e1t\u016f kancel\u00e1\u0159e Mazel&Sm\u011bja v Praze 2.","breadcrumb":{"@id":"https:\/\/dabis.cz\/en\/products-and-services\/microsoft-sql\/#breadcrumb"},"inLanguage":"en-US","potentialAction":[{"@type":"ReadAction","target":["https:\/\/dabis.cz\/en\/products-and-services\/microsoft-sql\/"]}]},{"@type":"BreadcrumbList","@id":"https:\/\/dabis.cz\/en\/products-and-services\/microsoft-sql\/#breadcrumb","itemListElement":[{"@type":"ListItem","position":1,"name":"Dom\u016f","item":"https:\/\/dabis.cz\/en\/"},{"@type":"ListItem","position":2,"name":"Products and Services","item":"https:\/\/dabis.cz\/en\/products-and-services\/"},{"@type":"ListItem","position":3,"name":"Microsoft SQL"}]}]}},"_links":{"self":[{"href":"https:\/\/dabis.cz\/en\/wp-json\/wp\/v2\/pages\/694"}],"collection":[{"href":"https:\/\/dabis.cz\/en\/wp-json\/wp\/v2\/pages"}],"about":[{"href":"https:\/\/dabis.cz\/en\/wp-json\/wp\/v2\/types\/page"}],"author":[{"embeddable":true,"href":"https:\/\/dabis.cz\/en\/wp-json\/wp\/v2\/users\/6"}],"replies":[{"embeddable":true,"href":"https:\/\/dabis.cz\/en\/wp-json\/wp\/v2\/comments?post=694"}],"version-history":[{"count":3,"href":"https:\/\/dabis.cz\/en\/wp-json\/wp\/v2\/pages\/694\/revisions"}],"predecessor-version":[{"id":1086,"href":"https:\/\/dabis.cz\/en\/wp-json\/wp\/v2\/pages\/694\/revisions\/1086"}],"up":[{"embeddable":true,"href":"https:\/\/dabis.cz\/en\/wp-json\/wp\/v2\/pages\/684"}],"wp:featuredmedia":[{"embeddable":true,"href":"https:\/\/dabis.cz\/en\/wp-json\/wp\/v2\/media\/1038"}],"wp:attachment":[{"href":"https:\/\/dabis.cz\/en\/wp-json\/wp\/v2\/media?parent=694"}],"curies":[{"name":"wp","href":"https:\/\/api.w.org\/{rel}","templated":true}]}}