{"id":692,"date":"2016-07-05T02:57:25","date_gmt":"2016-07-05T00:57:25","guid":{"rendered":"https:\/\/mazel-smeja.cz\/en\/?page_id=692"},"modified":"2019-05-29T17:09:51","modified_gmt":"2019-05-29T15:09:51","slug":"ecn-sw-for-r-d","status":"publish","type":"page","link":"https:\/\/dabis.cz\/en\/products-and-services\/ecn-sw-for-r-d\/","title":{"rendered":"ECN &#8211; SW for R&#038;D"},"content":{"rendered":"<h2>ECN is able to guard tens of changes in manufacturing processes<\/h2>\n<p>An effectively set <strong>ECN<\/strong>\u00a0is one of indispensable preconditions for the running of <strong>large manufacturing companies<\/strong>. While an Excel chart is sufficient to register and organize changes in manufacturing processes in a&nbsp;company with ten or twenty employees, <strong>a larger manufacturing company cannot do without automation. <\/strong>The implementation of ECN, or\u00a0Engineering Change Notice\u00a0means, for your manufacturing company:<\/p>\n<ul>\n<li>Smooth, swift and<strong>trouble-free course of change in the manufacture<\/strong><\/li>\n<li><strong>Effective communication<\/strong>and coordination of all departments and divisions involved<\/li>\n<li>Complete automation of the ECN process<\/li>\n<li>From the R&amp;D (Research &amp; Development) division through all the departments back to R&amp;D<\/li>\n<li>Regular notifications,<strong>change updates, <\/strong>and deadline alert<\/li>\n<\/ul>\n<p>It is not humanly possible to manage to guard tens or even hundreds of processes, moreover of different duration and belonging to different departments and divisions. ECN by\u00a0<a href=\"https:\/\/dabis.cz\/en\">DabiS.cz<\/a>\u00a0provides for <strong>full <\/strong><strong>automation<\/strong>\u00a0of all manufacturing change processes. Take advantage of our experience of more than 15 years in implementing ECN systems, and\u00a0<a href=\"https:\/\/dabis.cz\/en\/kontakt\">contact us right now<\/a>!<\/p>\n<h2>We provide ECN both for serial and custom-made production, regardless of the product<\/h2>\n<p>It does not matter whether your company has serial production or produces to order, neither is important the type of products your produce. DabiS.cz, a&nbsp;renowned supplier of\u00a0<a href=\"https:\/\/dabis.cz\/en\/informacni-systemy-na-klic\/\">information systems<\/a>\u00a0and\u00a0<a href=\"https:\/\/dabis.cz\/en\/databazovy-software\/\">database applications<\/a>, is able to implement functional and reliable ECN systems to any manufacturing company. Thanks to reliable ECN, your <strong>production will run in a&nbsp;coordinated way <\/strong>and without problems across countries and regions \u2013 for example, we were able to implement an ECN system in companies having branches both in the Czech Republic and in Hungary.<\/p>\n<ul>\n<li><a href=\"https:\/\/dabis.cz\/en\/reference\/\">Look at whom we helped with ECN implementation<\/a>\u2013 we\u2019ll help you as well!<\/li>\n<\/ul>\n<p>Trust our fifteen-years\u2019 experience and the reputation we gained even beyond the borders of our country and of the region of Central Europe. Contact us for more detailed information and\u00a0<strong>procure smooth course of all changes in manufacture for your company <\/strong>thanks to ECN.\u00a0<a href=\"https:\/\/dabis.cz\/en\/kontakty\/\">Contact us now!<\/a><\/p>\n","protected":false},"excerpt":{"rendered":"<p>ECN is able to guard tens of changes in manufacturing processes An effectively set ECN\u00a0is one of indispensable preconditions for the running of large manufacturing companies. While an Excel chart is sufficient to register and&#8230;<br \/><a class=\"moretag\" href=\"https:\/\/dabis.cz\/en\/products-and-services\/ecn-sw-for-r-d\/\"> ZJISTIT V\u00cdCE<\/a><\/p>\n","protected":false},"author":6,"featured_media":1035,"parent":684,"menu_order":5,"comment_status":"closed","ping_status":"closed","template":"page-sidebar.php","meta":[],"yoast_head":"<!-- This site is optimized with the Yoast SEO plugin v17.8 - https:\/\/yoast.com\/wordpress\/plugins\/seo\/ -->\n<meta name=\"description\" content=\"Profesionalita a individu\u00e1ln\u00ed p\u0159\u00edstup advok\u00e1t\u016f kancel\u00e1\u0159e Mazel&amp;Sm\u011bja v Praze 2.\" \/>\n<meta name=\"robots\" content=\"index, follow, max-snippet:-1, max-image-preview:large, max-video-preview:-1\" \/>\n<link rel=\"canonical\" href=\"https:\/\/dabis.cz\/en\/products-and-services\/ecn-sw-for-r-d\/\" \/>\n<meta property=\"og:locale\" content=\"en_US\" \/>\n<meta property=\"og:type\" content=\"article\" \/>\n<meta property=\"og:title\" content=\"ECN - SW for R&amp;D - DabiS\" \/>\n<meta property=\"og:description\" content=\"Profesionalita a individu\u00e1ln\u00ed p\u0159\u00edstup advok\u00e1t\u016f kancel\u00e1\u0159e Mazel&amp;Sm\u011bja v Praze 2.\" \/>\n<meta property=\"og:url\" content=\"https:\/\/dabis.cz\/en\/products-and-services\/ecn-sw-for-r-d\/\" \/>\n<meta property=\"og:site_name\" content=\"DabiS\" \/>\n<meta property=\"article:modified_time\" content=\"2019-05-29T15:09:51+00:00\" \/>\n<meta property=\"og:image\" content=\"https:\/\/dabis.cz\/wp-content\/uploads\/2019\/05\/company-186980.jpg\" \/>\n\t<meta property=\"og:image:width\" content=\"3488\" \/>\n\t<meta property=\"og:image:height\" content=\"2616\" \/>\n<meta name=\"twitter:card\" content=\"summary\" \/>\n<meta name=\"twitter:label1\" content=\"Est. reading time\" \/>\n\t<meta name=\"twitter:data1\" content=\"2 minutes\" \/>\n<script type=\"application\/ld+json\" class=\"yoast-schema-graph\">{\"@context\":\"https:\/\/schema.org\",\"@graph\":[{\"@type\":\"Organization\",\"@id\":\"https:\/\/dabis.cz\/#organization\",\"name\":\"Dabis\",\"url\":\"https:\/\/dabis.cz\/\",\"sameAs\":[],\"logo\":{\"@type\":\"ImageObject\",\"@id\":\"https:\/\/dabis.cz\/#logo\",\"inLanguage\":\"en-US\",\"url\":\"https:\/\/dabis.cz\/wp-content\/uploads\/2019\/04\/dabis-logo.png\",\"contentUrl\":\"https:\/\/dabis.cz\/wp-content\/uploads\/2019\/04\/dabis-logo.png\",\"width\":119,\"height\":74,\"caption\":\"Dabis\"},\"image\":{\"@id\":\"https:\/\/dabis.cz\/#logo\"}},{\"@type\":\"WebSite\",\"@id\":\"https:\/\/dabis.cz\/#website\",\"url\":\"https:\/\/dabis.cz\/\",\"name\":\"DabiS\",\"description\":\"Centr\\u00e1ln\\u00ed evidence p\\u0159estupk\\u016f, statistika \\u010dinnosti, \\u00fa\\u0159edn\\u00ed z\\u00e1znamy\",\"publisher\":{\"@id\":\"https:\/\/dabis.cz\/#organization\"},\"potentialAction\":[{\"@type\":\"SearchAction\",\"target\":{\"@type\":\"EntryPoint\",\"urlTemplate\":\"https:\/\/dabis.cz\/?s={search_term_string}\"},\"query-input\":\"required name=search_term_string\"}],\"inLanguage\":\"en-US\"},{\"@type\":\"ImageObject\",\"@id\":\"https:\/\/dabis.cz\/en\/products-and-services\/ecn-sw-for-r-d\/#primaryimage\",\"inLanguage\":\"en-US\",\"url\":\"https:\/\/dabis.cz\/wp-content\/uploads\/2019\/05\/company-186980.jpg\",\"contentUrl\":\"https:\/\/dabis.cz\/wp-content\/uploads\/2019\/05\/company-186980.jpg\",\"width\":3488,\"height\":2616},{\"@type\":\"WebPage\",\"@id\":\"https:\/\/dabis.cz\/en\/products-and-services\/ecn-sw-for-r-d\/#webpage\",\"url\":\"https:\/\/dabis.cz\/en\/products-and-services\/ecn-sw-for-r-d\/\",\"name\":\"ECN - SW for R&D - DabiS\",\"isPartOf\":{\"@id\":\"https:\/\/dabis.cz\/#website\"},\"primaryImageOfPage\":{\"@id\":\"https:\/\/dabis.cz\/en\/products-and-services\/ecn-sw-for-r-d\/#primaryimage\"},\"datePublished\":\"2016-07-05T00:57:25+00:00\",\"dateModified\":\"2019-05-29T15:09:51+00:00\",\"description\":\"Profesionalita a individu\\u00e1ln\\u00ed p\\u0159\\u00edstup advok\\u00e1t\\u016f kancel\\u00e1\\u0159e Mazel&Sm\\u011bja v Praze 2.\",\"breadcrumb\":{\"@id\":\"https:\/\/dabis.cz\/en\/products-and-services\/ecn-sw-for-r-d\/#breadcrumb\"},\"inLanguage\":\"en-US\",\"potentialAction\":[{\"@type\":\"ReadAction\",\"target\":[\"https:\/\/dabis.cz\/en\/products-and-services\/ecn-sw-for-r-d\/\"]}]},{\"@type\":\"BreadcrumbList\",\"@id\":\"https:\/\/dabis.cz\/en\/products-and-services\/ecn-sw-for-r-d\/#breadcrumb\",\"itemListElement\":[{\"@type\":\"ListItem\",\"position\":1,\"name\":\"Dom\\u016f\",\"item\":\"https:\/\/dabis.cz\/en\/\"},{\"@type\":\"ListItem\",\"position\":2,\"name\":\"Products and Services\",\"item\":\"https:\/\/dabis.cz\/en\/products-and-services\/\"},{\"@type\":\"ListItem\",\"position\":3,\"name\":\"ECN &#8211; SW for R&#038;D\"}]}]}<\/script>\n<!-- \/ Yoast SEO plugin. -->","yoast_head_json":{"description":"Profesionalita a individu\u00e1ln\u00ed p\u0159\u00edstup advok\u00e1t\u016f kancel\u00e1\u0159e Mazel&Sm\u011bja v Praze 2.","robots":{"index":"index","follow":"follow","max-snippet":"max-snippet:-1","max-image-preview":"max-image-preview:large","max-video-preview":"max-video-preview:-1"},"canonical":"https:\/\/dabis.cz\/en\/products-and-services\/ecn-sw-for-r-d\/","og_locale":"en_US","og_type":"article","og_title":"ECN - SW for R&D - DabiS","og_description":"Profesionalita a individu\u00e1ln\u00ed p\u0159\u00edstup advok\u00e1t\u016f kancel\u00e1\u0159e Mazel&Sm\u011bja v Praze 2.","og_url":"https:\/\/dabis.cz\/en\/products-and-services\/ecn-sw-for-r-d\/","og_site_name":"DabiS","article_modified_time":"2019-05-29T15:09:51+00:00","og_image":[{"width":3488,"height":2616,"url":"https:\/\/dabis.cz\/wp-content\/uploads\/2019\/05\/company-186980.jpg","type":"image\/jpeg"}],"twitter_card":"summary","twitter_misc":{"Est. reading time":"2 minutes"},"schema":{"@context":"https:\/\/schema.org","@graph":[{"@type":"Organization","@id":"https:\/\/dabis.cz\/#organization","name":"Dabis","url":"https:\/\/dabis.cz\/","sameAs":[],"logo":{"@type":"ImageObject","@id":"https:\/\/dabis.cz\/#logo","inLanguage":"en-US","url":"https:\/\/dabis.cz\/wp-content\/uploads\/2019\/04\/dabis-logo.png","contentUrl":"https:\/\/dabis.cz\/wp-content\/uploads\/2019\/04\/dabis-logo.png","width":119,"height":74,"caption":"Dabis"},"image":{"@id":"https:\/\/dabis.cz\/#logo"}},{"@type":"WebSite","@id":"https:\/\/dabis.cz\/#website","url":"https:\/\/dabis.cz\/","name":"DabiS","description":"Centr\u00e1ln\u00ed evidence p\u0159estupk\u016f, statistika \u010dinnosti, \u00fa\u0159edn\u00ed z\u00e1znamy","publisher":{"@id":"https:\/\/dabis.cz\/#organization"},"potentialAction":[{"@type":"SearchAction","target":{"@type":"EntryPoint","urlTemplate":"https:\/\/dabis.cz\/?s={search_term_string}"},"query-input":"required name=search_term_string"}],"inLanguage":"en-US"},{"@type":"ImageObject","@id":"https:\/\/dabis.cz\/en\/products-and-services\/ecn-sw-for-r-d\/#primaryimage","inLanguage":"en-US","url":"https:\/\/dabis.cz\/wp-content\/uploads\/2019\/05\/company-186980.jpg","contentUrl":"https:\/\/dabis.cz\/wp-content\/uploads\/2019\/05\/company-186980.jpg","width":3488,"height":2616},{"@type":"WebPage","@id":"https:\/\/dabis.cz\/en\/products-and-services\/ecn-sw-for-r-d\/#webpage","url":"https:\/\/dabis.cz\/en\/products-and-services\/ecn-sw-for-r-d\/","name":"ECN - SW for R&D - DabiS","isPartOf":{"@id":"https:\/\/dabis.cz\/#website"},"primaryImageOfPage":{"@id":"https:\/\/dabis.cz\/en\/products-and-services\/ecn-sw-for-r-d\/#primaryimage"},"datePublished":"2016-07-05T00:57:25+00:00","dateModified":"2019-05-29T15:09:51+00:00","description":"Profesionalita a individu\u00e1ln\u00ed p\u0159\u00edstup advok\u00e1t\u016f kancel\u00e1\u0159e Mazel&Sm\u011bja v Praze 2.","breadcrumb":{"@id":"https:\/\/dabis.cz\/en\/products-and-services\/ecn-sw-for-r-d\/#breadcrumb"},"inLanguage":"en-US","potentialAction":[{"@type":"ReadAction","target":["https:\/\/dabis.cz\/en\/products-and-services\/ecn-sw-for-r-d\/"]}]},{"@type":"BreadcrumbList","@id":"https:\/\/dabis.cz\/en\/products-and-services\/ecn-sw-for-r-d\/#breadcrumb","itemListElement":[{"@type":"ListItem","position":1,"name":"Dom\u016f","item":"https:\/\/dabis.cz\/en\/"},{"@type":"ListItem","position":2,"name":"Products and Services","item":"https:\/\/dabis.cz\/en\/products-and-services\/"},{"@type":"ListItem","position":3,"name":"ECN &#8211; SW for R&#038;D"}]}]}},"_links":{"self":[{"href":"https:\/\/dabis.cz\/en\/wp-json\/wp\/v2\/pages\/692"}],"collection":[{"href":"https:\/\/dabis.cz\/en\/wp-json\/wp\/v2\/pages"}],"about":[{"href":"https:\/\/dabis.cz\/en\/wp-json\/wp\/v2\/types\/page"}],"author":[{"embeddable":true,"href":"https:\/\/dabis.cz\/en\/wp-json\/wp\/v2\/users\/6"}],"replies":[{"embeddable":true,"href":"https:\/\/dabis.cz\/en\/wp-json\/wp\/v2\/comments?post=692"}],"version-history":[{"count":3,"href":"https:\/\/dabis.cz\/en\/wp-json\/wp\/v2\/pages\/692\/revisions"}],"predecessor-version":[{"id":1085,"href":"https:\/\/dabis.cz\/en\/wp-json\/wp\/v2\/pages\/692\/revisions\/1085"}],"up":[{"embeddable":true,"href":"https:\/\/dabis.cz\/en\/wp-json\/wp\/v2\/pages\/684"}],"wp:featuredmedia":[{"embeddable":true,"href":"https:\/\/dabis.cz\/en\/wp-json\/wp\/v2\/media\/1035"}],"wp:attachment":[{"href":"https:\/\/dabis.cz\/en\/wp-json\/wp\/v2\/media?parent=692"}],"curies":[{"name":"wp","href":"https:\/\/api.w.org\/{rel}","templated":true}]}}