{"id":688,"date":"2016-07-05T02:49:38","date_gmt":"2016-07-05T00:49:38","guid":{"rendered":"https:\/\/mazel-smeja.cz\/en\/?page_id=688"},"modified":"2019-05-29T17:08:46","modified_gmt":"2019-05-29T15:08:46","slug":"dms","status":"publish","type":"page","link":"https:\/\/dabis.cz\/en\/products-and-services\/dms\/","title":{"rendered":"DMS"},"content":{"rendered":"<h2>DMS: Well-arranged electronic document management<\/h2>\n<p>Do you need to arrange, speed up and make more effective the management of all electronic documents of your <strong>company, organization, or office<\/strong>? Has it happened to you many times that you were unable to find a&nbsp;necessary document, and you had to create it again? Do no waste your time, save your nerves and take advantage of professional services of\u00a0<a href=\"https:\/\/dabis.cz\/en\">DabiS.cz<\/a>! Have <strong>a tailor-made database solution <\/strong>created\u00a0\u2013\u00a0<strong>DMS, <\/strong><strong>or<\/strong>\u00a0<strong>Document Management System<\/strong>:<\/p>\n<ul>\n<li><strong>Saves, backs up and archives <\/strong>all data automatically<\/li>\n<li>Offers<strong>fulltext searching<\/strong>\u00a0in all documents saved<\/li>\n<li>Support<strong>workflow<\/strong>for company process management<\/li>\n<li>Includes an application for complete <strong>invoice processing <\/strong>up to final clearing for payment<\/li>\n<li>Support a&nbsp;system of <strong>ISO standards<\/strong> and internal guidelines <strong>implementation<\/strong> and of contract registration\u00a0\u00a0<\/li>\n<li>Enables setting of a&nbsp;number of specific tools developed precisely according to the company\u2019s requirements and needs\n<ul>\n<li>E.g.<strong>CRM applications <\/strong><strong>supporting the whole cycle of contacts with customers<\/strong><\/li>\n<li>as well as<strong>SRM systems<\/strong><strong> which serve for effective supplier relationship management<\/strong><\/li>\n<\/ul>\n<\/li>\n<\/ul>\n<p>During the last ten years, professionals from DabiS.cz have developed a&nbsp;number of database solutions containing DMS, both <strong>smaller<\/strong><strong> applications <\/strong><strong>and large<\/strong>\u00a0<strong>information systems<\/strong>. Look at the representative portfolio of Czech and foreign clients and see the\u00a0<a href=\"https:\/\/dabis.cz\/en\/reference\/\">references\u00a0<\/a>from all satisfied customers of\u00a0<a href=\"https:\/\/dabis.cz\/en\">DabiS.cz<\/a>.<\/p>\n<h2>\u00a0<\/h2>\n<h2>Document Management System \u2013 for effective work and trouble-free organization<\/h2>\n<ul>\n<li>It places the document in the corresponding folder according to the determined model in a&nbsp;couple of seconds<\/li>\n<li>It adds author information to the document automatically<\/li>\n<li>It assigns the corresponding job, order, procedure and method to the document created<\/li>\n<li>It enables <strong>access from anywhere, <\/strong>e.g. during a&nbsp;business trip<\/li>\n<\/ul>\n<p>Thanks to\u00a0<strong>DMS<\/strong><strong>, you are able to find any document created in the company anytime, and <\/strong><strong>all data <\/strong><strong>related to the given process <\/strong><strong>are displayed immediately as well. <\/strong><strong>You can define precisely who is authorized to make adjustments to the document, which level the document should be approved at, and\/or where and when it should be published. Do not become overloaded by problems with document management and solve the unnecessarily chaotic situation now!<\/strong>\u00a0<a href=\"https:\/\/dabis.cz\/en\/kontakty\/\">Contact us\u00a0<\/a>and order a&nbsp;functional <strong>electronic document management solution <\/strong>for your company right now!<\/p>\n","protected":false},"excerpt":{"rendered":"<p>DMS: Well-arranged electronic document management Do you need to arrange, speed up and make more effective the management of all electronic documents of your company, organization, or office? Has it happened to you many times&#8230;<br \/><a class=\"moretag\" href=\"https:\/\/dabis.cz\/en\/products-and-services\/dms\/\"> ZJISTIT V\u00cdCE<\/a><\/p>\n","protected":false},"author":6,"featured_media":1031,"parent":684,"menu_order":3,"comment_status":"closed","ping_status":"closed","template":"page-sidebar.php","meta":[],"yoast_head":"<!-- This site is optimized with the Yoast SEO plugin v17.8 - https:\/\/yoast.com\/wordpress\/plugins\/seo\/ -->\n<meta name=\"description\" content=\"Profesionalita a individu\u00e1ln\u00ed p\u0159\u00edstup advok\u00e1t\u016f kancel\u00e1\u0159e Mazel&amp;Sm\u011bja v Praze 2.\" \/>\n<meta name=\"robots\" content=\"index, follow, max-snippet:-1, max-image-preview:large, max-video-preview:-1\" \/>\n<link rel=\"canonical\" href=\"https:\/\/dabis.cz\/en\/products-and-services\/dms\/\" \/>\n<meta property=\"og:locale\" content=\"en_US\" \/>\n<meta property=\"og:type\" content=\"article\" \/>\n<meta property=\"og:title\" content=\"DMS - DabiS\" \/>\n<meta property=\"og:description\" content=\"Profesionalita a individu\u00e1ln\u00ed p\u0159\u00edstup advok\u00e1t\u016f kancel\u00e1\u0159e Mazel&amp;Sm\u011bja v Praze 2.\" \/>\n<meta property=\"og:url\" content=\"https:\/\/dabis.cz\/en\/products-and-services\/dms\/\" \/>\n<meta property=\"og:site_name\" content=\"DabiS\" \/>\n<meta property=\"article:modified_time\" content=\"2019-05-29T15:08:46+00:00\" \/>\n<meta property=\"og:image\" content=\"https:\/\/dabis.cz\/wp-content\/uploads\/2019\/05\/files-1614223-1024x801.jpg\" \/>\n\t<meta property=\"og:image:width\" content=\"1024\" \/>\n\t<meta property=\"og:image:height\" content=\"801\" \/>\n<meta name=\"twitter:card\" content=\"summary\" \/>\n<meta name=\"twitter:label1\" content=\"Est. reading time\" \/>\n\t<meta name=\"twitter:data1\" content=\"2 minutes\" \/>\n<script type=\"application\/ld+json\" class=\"yoast-schema-graph\">{\"@context\":\"https:\/\/schema.org\",\"@graph\":[{\"@type\":\"Organization\",\"@id\":\"https:\/\/dabis.cz\/#organization\",\"name\":\"Dabis\",\"url\":\"https:\/\/dabis.cz\/\",\"sameAs\":[],\"logo\":{\"@type\":\"ImageObject\",\"@id\":\"https:\/\/dabis.cz\/#logo\",\"inLanguage\":\"en-US\",\"url\":\"https:\/\/dabis.cz\/wp-content\/uploads\/2019\/04\/dabis-logo.png\",\"contentUrl\":\"https:\/\/dabis.cz\/wp-content\/uploads\/2019\/04\/dabis-logo.png\",\"width\":119,\"height\":74,\"caption\":\"Dabis\"},\"image\":{\"@id\":\"https:\/\/dabis.cz\/#logo\"}},{\"@type\":\"WebSite\",\"@id\":\"https:\/\/dabis.cz\/#website\",\"url\":\"https:\/\/dabis.cz\/\",\"name\":\"DabiS\",\"description\":\"Centr\\u00e1ln\\u00ed evidence p\\u0159estupk\\u016f, statistika \\u010dinnosti, \\u00fa\\u0159edn\\u00ed z\\u00e1znamy\",\"publisher\":{\"@id\":\"https:\/\/dabis.cz\/#organization\"},\"potentialAction\":[{\"@type\":\"SearchAction\",\"target\":{\"@type\":\"EntryPoint\",\"urlTemplate\":\"https:\/\/dabis.cz\/?s={search_term_string}\"},\"query-input\":\"required name=search_term_string\"}],\"inLanguage\":\"en-US\"},{\"@type\":\"ImageObject\",\"@id\":\"https:\/\/dabis.cz\/en\/products-and-services\/dms\/#primaryimage\",\"inLanguage\":\"en-US\",\"url\":\"https:\/\/dabis.cz\/wp-content\/uploads\/2019\/05\/files-1614223.jpg\",\"contentUrl\":\"https:\/\/dabis.cz\/wp-content\/uploads\/2019\/05\/files-1614223.jpg\",\"width\":3836,\"height\":2999},{\"@type\":\"WebPage\",\"@id\":\"https:\/\/dabis.cz\/en\/products-and-services\/dms\/#webpage\",\"url\":\"https:\/\/dabis.cz\/en\/products-and-services\/dms\/\",\"name\":\"DMS - DabiS\",\"isPartOf\":{\"@id\":\"https:\/\/dabis.cz\/#website\"},\"primaryImageOfPage\":{\"@id\":\"https:\/\/dabis.cz\/en\/products-and-services\/dms\/#primaryimage\"},\"datePublished\":\"2016-07-05T00:49:38+00:00\",\"dateModified\":\"2019-05-29T15:08:46+00:00\",\"description\":\"Profesionalita a individu\\u00e1ln\\u00ed p\\u0159\\u00edstup advok\\u00e1t\\u016f kancel\\u00e1\\u0159e Mazel&Sm\\u011bja v Praze 2.\",\"breadcrumb\":{\"@id\":\"https:\/\/dabis.cz\/en\/products-and-services\/dms\/#breadcrumb\"},\"inLanguage\":\"en-US\",\"potentialAction\":[{\"@type\":\"ReadAction\",\"target\":[\"https:\/\/dabis.cz\/en\/products-and-services\/dms\/\"]}]},{\"@type\":\"BreadcrumbList\",\"@id\":\"https:\/\/dabis.cz\/en\/products-and-services\/dms\/#breadcrumb\",\"itemListElement\":[{\"@type\":\"ListItem\",\"position\":1,\"name\":\"Dom\\u016f\",\"item\":\"https:\/\/dabis.cz\/en\/\"},{\"@type\":\"ListItem\",\"position\":2,\"name\":\"Products and Services\",\"item\":\"https:\/\/dabis.cz\/en\/products-and-services\/\"},{\"@type\":\"ListItem\",\"position\":3,\"name\":\"DMS\"}]}]}<\/script>\n<!-- \/ Yoast SEO plugin. -->","yoast_head_json":{"description":"Profesionalita a individu\u00e1ln\u00ed p\u0159\u00edstup advok\u00e1t\u016f kancel\u00e1\u0159e Mazel&Sm\u011bja v Praze 2.","robots":{"index":"index","follow":"follow","max-snippet":"max-snippet:-1","max-image-preview":"max-image-preview:large","max-video-preview":"max-video-preview:-1"},"canonical":"https:\/\/dabis.cz\/en\/products-and-services\/dms\/","og_locale":"en_US","og_type":"article","og_title":"DMS - DabiS","og_description":"Profesionalita a individu\u00e1ln\u00ed p\u0159\u00edstup advok\u00e1t\u016f kancel\u00e1\u0159e Mazel&Sm\u011bja v Praze 2.","og_url":"https:\/\/dabis.cz\/en\/products-and-services\/dms\/","og_site_name":"DabiS","article_modified_time":"2019-05-29T15:08:46+00:00","og_image":[{"width":1024,"height":801,"url":"https:\/\/dabis.cz\/wp-content\/uploads\/2019\/05\/files-1614223-1024x801.jpg","type":"image\/jpeg"}],"twitter_card":"summary","twitter_misc":{"Est. reading time":"2 minutes"},"schema":{"@context":"https:\/\/schema.org","@graph":[{"@type":"Organization","@id":"https:\/\/dabis.cz\/#organization","name":"Dabis","url":"https:\/\/dabis.cz\/","sameAs":[],"logo":{"@type":"ImageObject","@id":"https:\/\/dabis.cz\/#logo","inLanguage":"en-US","url":"https:\/\/dabis.cz\/wp-content\/uploads\/2019\/04\/dabis-logo.png","contentUrl":"https:\/\/dabis.cz\/wp-content\/uploads\/2019\/04\/dabis-logo.png","width":119,"height":74,"caption":"Dabis"},"image":{"@id":"https:\/\/dabis.cz\/#logo"}},{"@type":"WebSite","@id":"https:\/\/dabis.cz\/#website","url":"https:\/\/dabis.cz\/","name":"DabiS","description":"Centr\u00e1ln\u00ed evidence p\u0159estupk\u016f, statistika \u010dinnosti, \u00fa\u0159edn\u00ed z\u00e1znamy","publisher":{"@id":"https:\/\/dabis.cz\/#organization"},"potentialAction":[{"@type":"SearchAction","target":{"@type":"EntryPoint","urlTemplate":"https:\/\/dabis.cz\/?s={search_term_string}"},"query-input":"required name=search_term_string"}],"inLanguage":"en-US"},{"@type":"ImageObject","@id":"https:\/\/dabis.cz\/en\/products-and-services\/dms\/#primaryimage","inLanguage":"en-US","url":"https:\/\/dabis.cz\/wp-content\/uploads\/2019\/05\/files-1614223.jpg","contentUrl":"https:\/\/dabis.cz\/wp-content\/uploads\/2019\/05\/files-1614223.jpg","width":3836,"height":2999},{"@type":"WebPage","@id":"https:\/\/dabis.cz\/en\/products-and-services\/dms\/#webpage","url":"https:\/\/dabis.cz\/en\/products-and-services\/dms\/","name":"DMS - DabiS","isPartOf":{"@id":"https:\/\/dabis.cz\/#website"},"primaryImageOfPage":{"@id":"https:\/\/dabis.cz\/en\/products-and-services\/dms\/#primaryimage"},"datePublished":"2016-07-05T00:49:38+00:00","dateModified":"2019-05-29T15:08:46+00:00","description":"Profesionalita a individu\u00e1ln\u00ed p\u0159\u00edstup advok\u00e1t\u016f kancel\u00e1\u0159e Mazel&Sm\u011bja v Praze 2.","breadcrumb":{"@id":"https:\/\/dabis.cz\/en\/products-and-services\/dms\/#breadcrumb"},"inLanguage":"en-US","potentialAction":[{"@type":"ReadAction","target":["https:\/\/dabis.cz\/en\/products-and-services\/dms\/"]}]},{"@type":"BreadcrumbList","@id":"https:\/\/dabis.cz\/en\/products-and-services\/dms\/#breadcrumb","itemListElement":[{"@type":"ListItem","position":1,"name":"Dom\u016f","item":"https:\/\/dabis.cz\/en\/"},{"@type":"ListItem","position":2,"name":"Products and Services","item":"https:\/\/dabis.cz\/en\/products-and-services\/"},{"@type":"ListItem","position":3,"name":"DMS"}]}]}},"_links":{"self":[{"href":"https:\/\/dabis.cz\/en\/wp-json\/wp\/v2\/pages\/688"}],"collection":[{"href":"https:\/\/dabis.cz\/en\/wp-json\/wp\/v2\/pages"}],"about":[{"href":"https:\/\/dabis.cz\/en\/wp-json\/wp\/v2\/types\/page"}],"author":[{"embeddable":true,"href":"https:\/\/dabis.cz\/en\/wp-json\/wp\/v2\/users\/6"}],"replies":[{"embeddable":true,"href":"https:\/\/dabis.cz\/en\/wp-json\/wp\/v2\/comments?post=688"}],"version-history":[{"count":2,"href":"https:\/\/dabis.cz\/en\/wp-json\/wp\/v2\/pages\/688\/revisions"}],"predecessor-version":[{"id":929,"href":"https:\/\/dabis.cz\/en\/wp-json\/wp\/v2\/pages\/688\/revisions\/929"}],"up":[{"embeddable":true,"href":"https:\/\/dabis.cz\/en\/wp-json\/wp\/v2\/pages\/684"}],"wp:featuredmedia":[{"embeddable":true,"href":"https:\/\/dabis.cz\/en\/wp-json\/wp\/v2\/media\/1031"}],"wp:attachment":[{"href":"https:\/\/dabis.cz\/en\/wp-json\/wp\/v2\/media?parent=688"}],"curies":[{"name":"wp","href":"https:\/\/api.w.org\/{rel}","templated":true}]}}