{"id":686,"date":"2016-07-05T02:46:03","date_gmt":"2016-07-05T00:46:03","guid":{"rendered":"https:\/\/mazel-smeja.cz\/en\/?page_id=686"},"modified":"2019-05-29T17:07:52","modified_gmt":"2019-05-29T15:07:52","slug":"database-systems","status":"publish","type":"page","link":"https:\/\/dabis.cz\/en\/products-and-services\/database-systems\/","title":{"rendered":"Database Systems"},"content":{"rendered":"<h2>Database <strong>systems<\/strong>\u00a0\u2013 Effective data storage and quick access to data<\/h2>\n<p>Do you process big volumes of data which you need to sort according to specific criteria in your company? Are you tired of <strong>processing hardcopy documents <\/strong>using hundreds or thousands of Excel charts or files? Have a&nbsp;<strong>turnkey database system <\/strong>implemented by\u00a0<a href=\"https:\/\/dabis.cz\/\">DabiS.cz<\/a>! Database systems are suitable for smaller applications, like accounting, as well as for the needs of extensive systems of data management across all the departments of your company or organization.<\/p>\n<p>&nbsp;<\/p>\n<p>DabiS.cz develops\u00a0<strong>database systems from the grounds and tailored exactly <\/strong><strong>to our clients\u2019 individual requirements. We know exactly how to achieve the goal our client requires, thanks to out more than fifteen years of experience and close communication with the client. <\/strong><\/p>\n<p>&nbsp;<\/p>\n<p>The basic attributes of\u00a0<strong>database system implementation <\/strong>include:<\/p>\n<ul>\n<li>Modular solution providing for maximum flexibility in introducing each part of the system and innovating it<\/li>\n<li><strong>Standardized control <\/strong><strong>placing minimum demands on operators<\/strong><\/li>\n<li>Effective performance of inquiries over the selected database<\/li>\n<li>Possibility of sorting the result according to a&nbsp;key of choice<\/li>\n<li>Easily configurable <strong>data export<\/strong><\/li>\n<li>Internet and intranet support<\/li>\n<li><strong>Client-Server <\/strong><strong>architecture<\/strong><\/li>\n<li>Operation with<strong>Windows<\/strong>,\u00a0<strong>Linux <\/strong><strong>operation systems<\/strong><\/li>\n<li>Database platforms:<strong>MS SQL, MySQL<\/strong>,\u00a0<strong>InterBase<\/strong><\/li>\n<li>Sophisticated<strong>data security and protection<\/strong><\/li>\n<\/ul>\n<h2>High-performance, stable and technically advanced product<\/h2>\n<p>Our turnkey database solution is focused exactly on the aim which you need the database system for. We shall design a&nbsp;database with special database objects <strong>for complete work with your data. <\/strong>We deal with implementation from small database applications up to extensive systems for\u00a0<strong>Data Warehousing<\/strong><strong>\u00a0<\/strong>and\u00a0<strong>Analytical Data Processing<\/strong><strong>\u00a0<\/strong>on Microsoft SQL Server 2005 and 2008 platforms.<\/p>\n<p>&nbsp;<\/p>\n<p>We are experienced in international projects done for big multinational companies as well as applications developed for smaller Czech clients. Our\u00a0<strong>database applications <\/strong><strong>cover a&nbsp;number of mainly economic records of our clients. We shall take care of your data, providing for their security and offering you <\/strong><strong>comfort in data management. <\/strong><strong>Make sure of the advantages of database systems, see<\/strong>\u00a0<a href=\"https:\/\/dabis.cz\/en\/reference\/\">references<\/a>\u00a0from our clients, and\u00a0<a href=\"https:\/\/dabis.cz\/en\/kontakty\/\">order a&nbsp;database solution<\/a>\u00a0today!<\/p>\n","protected":false},"excerpt":{"rendered":"<p>Database systems\u00a0\u2013 Effective data storage and quick access to data Do you process big volumes of data which you need to sort according to specific criteria in your company? Are you tired of processing hardcopy&#8230;<br \/><a class=\"moretag\" href=\"https:\/\/dabis.cz\/en\/products-and-services\/database-systems\/\"> ZJISTIT V\u00cdCE<\/a><\/p>\n","protected":false},"author":6,"featured_media":1029,"parent":684,"menu_order":2,"comment_status":"closed","ping_status":"closed","template":"page-sidebar.php","meta":[],"yoast_head":"<!-- This site is optimized with the Yoast SEO plugin v17.8 - https:\/\/yoast.com\/wordpress\/plugins\/seo\/ -->\n<meta name=\"description\" content=\"Profesionalita a individu\u00e1ln\u00ed p\u0159\u00edstup advok\u00e1t\u016f kancel\u00e1\u0159e Mazel&amp;Sm\u011bja v Praze 2.\" \/>\n<meta name=\"robots\" content=\"index, follow, max-snippet:-1, max-image-preview:large, max-video-preview:-1\" \/>\n<link rel=\"canonical\" href=\"https:\/\/dabis.cz\/en\/products-and-services\/database-systems\/\" \/>\n<meta property=\"og:locale\" content=\"en_US\" \/>\n<meta property=\"og:type\" content=\"article\" \/>\n<meta property=\"og:title\" content=\"Database Systems - DabiS\" \/>\n<meta property=\"og:description\" content=\"Profesionalita a individu\u00e1ln\u00ed p\u0159\u00edstup advok\u00e1t\u016f kancel\u00e1\u0159e Mazel&amp;Sm\u011bja v Praze 2.\" \/>\n<meta property=\"og:url\" content=\"https:\/\/dabis.cz\/en\/products-and-services\/database-systems\/\" \/>\n<meta property=\"og:site_name\" content=\"DabiS\" \/>\n<meta property=\"article:modified_time\" content=\"2019-05-29T15:07:52+00:00\" \/>\n<meta property=\"og:image\" content=\"https:\/\/dabis.cz\/wp-content\/uploads\/2019\/05\/monitor-2728120-1024x564.jpg\" \/>\n\t<meta property=\"og:image:width\" content=\"1024\" \/>\n\t<meta property=\"og:image:height\" content=\"564\" \/>\n<meta name=\"twitter:card\" content=\"summary\" \/>\n<meta name=\"twitter:label1\" content=\"Est. reading time\" \/>\n\t<meta name=\"twitter:data1\" content=\"2 minutes\" \/>\n<script type=\"application\/ld+json\" class=\"yoast-schema-graph\">{\"@context\":\"https:\/\/schema.org\",\"@graph\":[{\"@type\":\"Organization\",\"@id\":\"https:\/\/dabis.cz\/#organization\",\"name\":\"Dabis\",\"url\":\"https:\/\/dabis.cz\/\",\"sameAs\":[],\"logo\":{\"@type\":\"ImageObject\",\"@id\":\"https:\/\/dabis.cz\/#logo\",\"inLanguage\":\"en-US\",\"url\":\"https:\/\/dabis.cz\/wp-content\/uploads\/2019\/04\/dabis-logo.png\",\"contentUrl\":\"https:\/\/dabis.cz\/wp-content\/uploads\/2019\/04\/dabis-logo.png\",\"width\":119,\"height\":74,\"caption\":\"Dabis\"},\"image\":{\"@id\":\"https:\/\/dabis.cz\/#logo\"}},{\"@type\":\"WebSite\",\"@id\":\"https:\/\/dabis.cz\/#website\",\"url\":\"https:\/\/dabis.cz\/\",\"name\":\"DabiS\",\"description\":\"Centr\\u00e1ln\\u00ed evidence p\\u0159estupk\\u016f, statistika \\u010dinnosti, \\u00fa\\u0159edn\\u00ed z\\u00e1znamy\",\"publisher\":{\"@id\":\"https:\/\/dabis.cz\/#organization\"},\"potentialAction\":[{\"@type\":\"SearchAction\",\"target\":{\"@type\":\"EntryPoint\",\"urlTemplate\":\"https:\/\/dabis.cz\/?s={search_term_string}\"},\"query-input\":\"required name=search_term_string\"}],\"inLanguage\":\"en-US\"},{\"@type\":\"ImageObject\",\"@id\":\"https:\/\/dabis.cz\/en\/products-and-services\/database-systems\/#primaryimage\",\"inLanguage\":\"en-US\",\"url\":\"https:\/\/dabis.cz\/wp-content\/uploads\/2019\/05\/monitor-2728120.jpg\",\"contentUrl\":\"https:\/\/dabis.cz\/wp-content\/uploads\/2019\/05\/monitor-2728120.jpg\",\"width\":6000,\"height\":3306},{\"@type\":\"WebPage\",\"@id\":\"https:\/\/dabis.cz\/en\/products-and-services\/database-systems\/#webpage\",\"url\":\"https:\/\/dabis.cz\/en\/products-and-services\/database-systems\/\",\"name\":\"Database Systems - DabiS\",\"isPartOf\":{\"@id\":\"https:\/\/dabis.cz\/#website\"},\"primaryImageOfPage\":{\"@id\":\"https:\/\/dabis.cz\/en\/products-and-services\/database-systems\/#primaryimage\"},\"datePublished\":\"2016-07-05T00:46:03+00:00\",\"dateModified\":\"2019-05-29T15:07:52+00:00\",\"description\":\"Profesionalita a individu\\u00e1ln\\u00ed p\\u0159\\u00edstup advok\\u00e1t\\u016f kancel\\u00e1\\u0159e Mazel&Sm\\u011bja v Praze 2.\",\"breadcrumb\":{\"@id\":\"https:\/\/dabis.cz\/en\/products-and-services\/database-systems\/#breadcrumb\"},\"inLanguage\":\"en-US\",\"potentialAction\":[{\"@type\":\"ReadAction\",\"target\":[\"https:\/\/dabis.cz\/en\/products-and-services\/database-systems\/\"]}]},{\"@type\":\"BreadcrumbList\",\"@id\":\"https:\/\/dabis.cz\/en\/products-and-services\/database-systems\/#breadcrumb\",\"itemListElement\":[{\"@type\":\"ListItem\",\"position\":1,\"name\":\"Dom\\u016f\",\"item\":\"https:\/\/dabis.cz\/en\/\"},{\"@type\":\"ListItem\",\"position\":2,\"name\":\"Products and Services\",\"item\":\"https:\/\/dabis.cz\/en\/products-and-services\/\"},{\"@type\":\"ListItem\",\"position\":3,\"name\":\"Database Systems\"}]}]}<\/script>\n<!-- \/ Yoast SEO plugin. -->","yoast_head_json":{"description":"Profesionalita a individu\u00e1ln\u00ed p\u0159\u00edstup advok\u00e1t\u016f kancel\u00e1\u0159e Mazel&Sm\u011bja v Praze 2.","robots":{"index":"index","follow":"follow","max-snippet":"max-snippet:-1","max-image-preview":"max-image-preview:large","max-video-preview":"max-video-preview:-1"},"canonical":"https:\/\/dabis.cz\/en\/products-and-services\/database-systems\/","og_locale":"en_US","og_type":"article","og_title":"Database Systems - DabiS","og_description":"Profesionalita a individu\u00e1ln\u00ed p\u0159\u00edstup advok\u00e1t\u016f kancel\u00e1\u0159e Mazel&Sm\u011bja v Praze 2.","og_url":"https:\/\/dabis.cz\/en\/products-and-services\/database-systems\/","og_site_name":"DabiS","article_modified_time":"2019-05-29T15:07:52+00:00","og_image":[{"width":1024,"height":564,"url":"https:\/\/dabis.cz\/wp-content\/uploads\/2019\/05\/monitor-2728120-1024x564.jpg","type":"image\/jpeg"}],"twitter_card":"summary","twitter_misc":{"Est. reading time":"2 minutes"},"schema":{"@context":"https:\/\/schema.org","@graph":[{"@type":"Organization","@id":"https:\/\/dabis.cz\/#organization","name":"Dabis","url":"https:\/\/dabis.cz\/","sameAs":[],"logo":{"@type":"ImageObject","@id":"https:\/\/dabis.cz\/#logo","inLanguage":"en-US","url":"https:\/\/dabis.cz\/wp-content\/uploads\/2019\/04\/dabis-logo.png","contentUrl":"https:\/\/dabis.cz\/wp-content\/uploads\/2019\/04\/dabis-logo.png","width":119,"height":74,"caption":"Dabis"},"image":{"@id":"https:\/\/dabis.cz\/#logo"}},{"@type":"WebSite","@id":"https:\/\/dabis.cz\/#website","url":"https:\/\/dabis.cz\/","name":"DabiS","description":"Centr\u00e1ln\u00ed evidence p\u0159estupk\u016f, statistika \u010dinnosti, \u00fa\u0159edn\u00ed z\u00e1znamy","publisher":{"@id":"https:\/\/dabis.cz\/#organization"},"potentialAction":[{"@type":"SearchAction","target":{"@type":"EntryPoint","urlTemplate":"https:\/\/dabis.cz\/?s={search_term_string}"},"query-input":"required name=search_term_string"}],"inLanguage":"en-US"},{"@type":"ImageObject","@id":"https:\/\/dabis.cz\/en\/products-and-services\/database-systems\/#primaryimage","inLanguage":"en-US","url":"https:\/\/dabis.cz\/wp-content\/uploads\/2019\/05\/monitor-2728120.jpg","contentUrl":"https:\/\/dabis.cz\/wp-content\/uploads\/2019\/05\/monitor-2728120.jpg","width":6000,"height":3306},{"@type":"WebPage","@id":"https:\/\/dabis.cz\/en\/products-and-services\/database-systems\/#webpage","url":"https:\/\/dabis.cz\/en\/products-and-services\/database-systems\/","name":"Database Systems - DabiS","isPartOf":{"@id":"https:\/\/dabis.cz\/#website"},"primaryImageOfPage":{"@id":"https:\/\/dabis.cz\/en\/products-and-services\/database-systems\/#primaryimage"},"datePublished":"2016-07-05T00:46:03+00:00","dateModified":"2019-05-29T15:07:52+00:00","description":"Profesionalita a individu\u00e1ln\u00ed p\u0159\u00edstup advok\u00e1t\u016f kancel\u00e1\u0159e Mazel&Sm\u011bja v Praze 2.","breadcrumb":{"@id":"https:\/\/dabis.cz\/en\/products-and-services\/database-systems\/#breadcrumb"},"inLanguage":"en-US","potentialAction":[{"@type":"ReadAction","target":["https:\/\/dabis.cz\/en\/products-and-services\/database-systems\/"]}]},{"@type":"BreadcrumbList","@id":"https:\/\/dabis.cz\/en\/products-and-services\/database-systems\/#breadcrumb","itemListElement":[{"@type":"ListItem","position":1,"name":"Dom\u016f","item":"https:\/\/dabis.cz\/en\/"},{"@type":"ListItem","position":2,"name":"Products and Services","item":"https:\/\/dabis.cz\/en\/products-and-services\/"},{"@type":"ListItem","position":3,"name":"Database Systems"}]}]}},"_links":{"self":[{"href":"https:\/\/dabis.cz\/en\/wp-json\/wp\/v2\/pages\/686"}],"collection":[{"href":"https:\/\/dabis.cz\/en\/wp-json\/wp\/v2\/pages"}],"about":[{"href":"https:\/\/dabis.cz\/en\/wp-json\/wp\/v2\/types\/page"}],"author":[{"embeddable":true,"href":"https:\/\/dabis.cz\/en\/wp-json\/wp\/v2\/users\/6"}],"replies":[{"embeddable":true,"href":"https:\/\/dabis.cz\/en\/wp-json\/wp\/v2\/comments?post=686"}],"version-history":[{"count":3,"href":"https:\/\/dabis.cz\/en\/wp-json\/wp\/v2\/pages\/686\/revisions"}],"predecessor-version":[{"id":924,"href":"https:\/\/dabis.cz\/en\/wp-json\/wp\/v2\/pages\/686\/revisions\/924"}],"up":[{"embeddable":true,"href":"https:\/\/dabis.cz\/en\/wp-json\/wp\/v2\/pages\/684"}],"wp:featuredmedia":[{"embeddable":true,"href":"https:\/\/dabis.cz\/en\/wp-json\/wp\/v2\/media\/1029"}],"wp:attachment":[{"href":"https:\/\/dabis.cz\/en\/wp-json\/wp\/v2\/media?parent=686"}],"curies":[{"name":"wp","href":"https:\/\/api.w.org\/{rel}","templated":true}]}}