{"id":682,"date":"2016-07-05T02:33:43","date_gmt":"2016-07-05T00:33:43","guid":{"rendered":"https:\/\/mazel-smeja.cz\/en\/?page_id=682"},"modified":"2019-05-29T17:06:39","modified_gmt":"2019-05-29T15:06:39","slug":"information-systems","status":"publish","type":"page","link":"https:\/\/dabis.cz\/en\/products-and-services\/information-systems\/","title":{"rendered":"Information Systems"},"content":{"rendered":"<h2>Information systems: hundreds of millions of data items in your service<\/h2>\n<p>Do you need to records and <strong>manage hundreds of thousands, or millions of data items <\/strong>for the activities of your company? Work with them effectively and systematically. <strong>Information systems<\/strong>, fully automated and easily controllable, are supplied by\u00a0<a href=\"https:\/\/dabis.cz\/en\/\">DabiS.cz<\/a> \u00a0with more than 15-year experience in this sphere. What shall we provide to your company?<\/p>\n<ul>\n<li><strong>Data<\/strong> collecting, distributing, <strong>processing and warehousing<\/strong><\/li>\n<li>Smaller applications as well as <strong>large information systems for project management<\/strong><\/li>\n<li>Analysis and synthesis of information for your company\u2019s needs<\/li>\n<li><strong>Planning and monitoring of current values for orders, sales, costs<\/strong>etc.<\/li>\n<li><a href=\"https:\/\/dabis.cz\/en\/informacni-systemy-na-klic-2\/\">Company information systems<\/a>and managerial information systems<\/li>\n<li><strong>Well-arranged data presentations<\/strong>, swift processing and user-friendly results<\/li>\n<li>The processed data will make your business more effective<\/li>\n<li>Remarkably more advantageous price in comparison with competitors<\/li>\n<\/ul>\n<p>Dominate information and make use of it for your economic success! DabiS.cz, the leading Czech provider of turnkey information systems and\u00a0<a href=\"https:\/\/dabis.cz\/en\/databazove-systemy\/\">database systems<\/a>, is able to implement them under <strong>very favourable price conditions<\/strong>.\u00a0<a href=\"https:\/\/dabis.cz\/en\/kontakty\/\">Contact us right now<\/a>!<\/p>\n<h2>Your business will be much more effective thanks to functional information system<\/h2>\n<p><strong>A turnkey information system<\/strong>\u00a0provides for perfect order in and effective management of your data. DabiS.cz develops tailor-made database solutions which cover especially the <strong>economic and manufacturing tasks <\/strong>of large as smaller clients in any branch. We can show \u00a0representative references\u00a0and experience in <strong>important international projects.<\/strong> For example, we have developed and implemented the AlcaMIS system, we provide extensive systems on Microsoft SQL platform, we have realized very successful\u00a0<a href=\"https:\/\/dabis.cz\/en\/clanek-sw-pro-obecni-policii\/\">software for municipal police<\/a>, and many other projects. Take advantage of our experience and <a href=\"https:\/\/dabis.cz\/en\/kontakty\/\">contact us now<\/a>!<\/p>\n<h3>\u00a0<\/h3>\n","protected":false},"excerpt":{"rendered":"<p>Information systems: hundreds of millions of data items in your service Do you need to records and manage hundreds of thousands, or millions of data items for the activities of your company? Work with them&#8230;<br \/><a class=\"moretag\" href=\"https:\/\/dabis.cz\/en\/products-and-services\/information-systems\/\"> ZJISTIT V\u00cdCE<\/a><\/p>\n","protected":false},"author":6,"featured_media":1027,"parent":684,"menu_order":1,"comment_status":"closed","ping_status":"closed","template":"page-sidebar.php","meta":[],"yoast_head":"<!-- This site is optimized with the Yoast SEO plugin v17.8 - https:\/\/yoast.com\/wordpress\/plugins\/seo\/ -->\n<meta name=\"description\" content=\"Profesionalita a individu\u00e1ln\u00ed p\u0159\u00edstup advok\u00e1t\u016f kancel\u00e1\u0159e Mazel&amp;Sm\u011bja v Praze 2.\" \/>\n<meta name=\"robots\" content=\"index, follow, max-snippet:-1, max-image-preview:large, max-video-preview:-1\" \/>\n<link rel=\"canonical\" href=\"https:\/\/dabis.cz\/en\/products-and-services\/information-systems\/\" \/>\n<meta property=\"og:locale\" content=\"en_US\" \/>\n<meta property=\"og:type\" content=\"article\" \/>\n<meta property=\"og:title\" content=\"Information Systems - DabiS\" \/>\n<meta property=\"og:description\" content=\"Profesionalita a individu\u00e1ln\u00ed p\u0159\u00edstup advok\u00e1t\u016f kancel\u00e1\u0159e Mazel&amp;Sm\u011bja v Praze 2.\" \/>\n<meta property=\"og:url\" content=\"https:\/\/dabis.cz\/en\/products-and-services\/information-systems\/\" \/>\n<meta property=\"og:site_name\" content=\"DabiS\" \/>\n<meta property=\"article:modified_time\" content=\"2019-05-29T15:06:39+00:00\" \/>\n<meta property=\"og:image\" content=\"https:\/\/dabis.cz\/wp-content\/uploads\/2019\/05\/system-3539317-1024x683.jpg\" \/>\n\t<meta property=\"og:image:width\" content=\"1024\" \/>\n\t<meta property=\"og:image:height\" content=\"683\" \/>\n<meta name=\"twitter:card\" content=\"summary\" \/>\n<meta name=\"twitter:label1\" content=\"Est. reading time\" \/>\n\t<meta name=\"twitter:data1\" content=\"1 minute\" \/>\n<script type=\"application\/ld+json\" class=\"yoast-schema-graph\">{\"@context\":\"https:\/\/schema.org\",\"@graph\":[{\"@type\":\"Organization\",\"@id\":\"https:\/\/dabis.cz\/#organization\",\"name\":\"Dabis\",\"url\":\"https:\/\/dabis.cz\/\",\"sameAs\":[],\"logo\":{\"@type\":\"ImageObject\",\"@id\":\"https:\/\/dabis.cz\/#logo\",\"inLanguage\":\"en-US\",\"url\":\"https:\/\/dabis.cz\/wp-content\/uploads\/2019\/04\/dabis-logo.png\",\"contentUrl\":\"https:\/\/dabis.cz\/wp-content\/uploads\/2019\/04\/dabis-logo.png\",\"width\":119,\"height\":74,\"caption\":\"Dabis\"},\"image\":{\"@id\":\"https:\/\/dabis.cz\/#logo\"}},{\"@type\":\"WebSite\",\"@id\":\"https:\/\/dabis.cz\/#website\",\"url\":\"https:\/\/dabis.cz\/\",\"name\":\"DabiS\",\"description\":\"Centr\\u00e1ln\\u00ed evidence p\\u0159estupk\\u016f, statistika \\u010dinnosti, \\u00fa\\u0159edn\\u00ed z\\u00e1znamy\",\"publisher\":{\"@id\":\"https:\/\/dabis.cz\/#organization\"},\"potentialAction\":[{\"@type\":\"SearchAction\",\"target\":{\"@type\":\"EntryPoint\",\"urlTemplate\":\"https:\/\/dabis.cz\/?s={search_term_string}\"},\"query-input\":\"required name=search_term_string\"}],\"inLanguage\":\"en-US\"},{\"@type\":\"ImageObject\",\"@id\":\"https:\/\/dabis.cz\/en\/products-and-services\/information-systems\/#primaryimage\",\"inLanguage\":\"en-US\",\"url\":\"https:\/\/dabis.cz\/wp-content\/uploads\/2019\/05\/system-3539317.jpg\",\"contentUrl\":\"https:\/\/dabis.cz\/wp-content\/uploads\/2019\/05\/system-3539317.jpg\",\"width\":6000,\"height\":4000},{\"@type\":\"WebPage\",\"@id\":\"https:\/\/dabis.cz\/en\/products-and-services\/information-systems\/#webpage\",\"url\":\"https:\/\/dabis.cz\/en\/products-and-services\/information-systems\/\",\"name\":\"Information Systems - DabiS\",\"isPartOf\":{\"@id\":\"https:\/\/dabis.cz\/#website\"},\"primaryImageOfPage\":{\"@id\":\"https:\/\/dabis.cz\/en\/products-and-services\/information-systems\/#primaryimage\"},\"datePublished\":\"2016-07-05T00:33:43+00:00\",\"dateModified\":\"2019-05-29T15:06:39+00:00\",\"description\":\"Profesionalita a individu\\u00e1ln\\u00ed p\\u0159\\u00edstup advok\\u00e1t\\u016f kancel\\u00e1\\u0159e Mazel&Sm\\u011bja v Praze 2.\",\"breadcrumb\":{\"@id\":\"https:\/\/dabis.cz\/en\/products-and-services\/information-systems\/#breadcrumb\"},\"inLanguage\":\"en-US\",\"potentialAction\":[{\"@type\":\"ReadAction\",\"target\":[\"https:\/\/dabis.cz\/en\/products-and-services\/information-systems\/\"]}]},{\"@type\":\"BreadcrumbList\",\"@id\":\"https:\/\/dabis.cz\/en\/products-and-services\/information-systems\/#breadcrumb\",\"itemListElement\":[{\"@type\":\"ListItem\",\"position\":1,\"name\":\"Dom\\u016f\",\"item\":\"https:\/\/dabis.cz\/en\/\"},{\"@type\":\"ListItem\",\"position\":2,\"name\":\"Products and Services\",\"item\":\"https:\/\/dabis.cz\/en\/products-and-services\/\"},{\"@type\":\"ListItem\",\"position\":3,\"name\":\"Information Systems\"}]}]}<\/script>\n<!-- \/ Yoast SEO plugin. -->","yoast_head_json":{"description":"Profesionalita a individu\u00e1ln\u00ed p\u0159\u00edstup advok\u00e1t\u016f kancel\u00e1\u0159e Mazel&Sm\u011bja v Praze 2.","robots":{"index":"index","follow":"follow","max-snippet":"max-snippet:-1","max-image-preview":"max-image-preview:large","max-video-preview":"max-video-preview:-1"},"canonical":"https:\/\/dabis.cz\/en\/products-and-services\/information-systems\/","og_locale":"en_US","og_type":"article","og_title":"Information Systems - DabiS","og_description":"Profesionalita a individu\u00e1ln\u00ed p\u0159\u00edstup advok\u00e1t\u016f kancel\u00e1\u0159e Mazel&Sm\u011bja v Praze 2.","og_url":"https:\/\/dabis.cz\/en\/products-and-services\/information-systems\/","og_site_name":"DabiS","article_modified_time":"2019-05-29T15:06:39+00:00","og_image":[{"width":1024,"height":683,"url":"https:\/\/dabis.cz\/wp-content\/uploads\/2019\/05\/system-3539317-1024x683.jpg","type":"image\/jpeg"}],"twitter_card":"summary","twitter_misc":{"Est. reading time":"1 minute"},"schema":{"@context":"https:\/\/schema.org","@graph":[{"@type":"Organization","@id":"https:\/\/dabis.cz\/#organization","name":"Dabis","url":"https:\/\/dabis.cz\/","sameAs":[],"logo":{"@type":"ImageObject","@id":"https:\/\/dabis.cz\/#logo","inLanguage":"en-US","url":"https:\/\/dabis.cz\/wp-content\/uploads\/2019\/04\/dabis-logo.png","contentUrl":"https:\/\/dabis.cz\/wp-content\/uploads\/2019\/04\/dabis-logo.png","width":119,"height":74,"caption":"Dabis"},"image":{"@id":"https:\/\/dabis.cz\/#logo"}},{"@type":"WebSite","@id":"https:\/\/dabis.cz\/#website","url":"https:\/\/dabis.cz\/","name":"DabiS","description":"Centr\u00e1ln\u00ed evidence p\u0159estupk\u016f, statistika \u010dinnosti, \u00fa\u0159edn\u00ed z\u00e1znamy","publisher":{"@id":"https:\/\/dabis.cz\/#organization"},"potentialAction":[{"@type":"SearchAction","target":{"@type":"EntryPoint","urlTemplate":"https:\/\/dabis.cz\/?s={search_term_string}"},"query-input":"required name=search_term_string"}],"inLanguage":"en-US"},{"@type":"ImageObject","@id":"https:\/\/dabis.cz\/en\/products-and-services\/information-systems\/#primaryimage","inLanguage":"en-US","url":"https:\/\/dabis.cz\/wp-content\/uploads\/2019\/05\/system-3539317.jpg","contentUrl":"https:\/\/dabis.cz\/wp-content\/uploads\/2019\/05\/system-3539317.jpg","width":6000,"height":4000},{"@type":"WebPage","@id":"https:\/\/dabis.cz\/en\/products-and-services\/information-systems\/#webpage","url":"https:\/\/dabis.cz\/en\/products-and-services\/information-systems\/","name":"Information Systems - DabiS","isPartOf":{"@id":"https:\/\/dabis.cz\/#website"},"primaryImageOfPage":{"@id":"https:\/\/dabis.cz\/en\/products-and-services\/information-systems\/#primaryimage"},"datePublished":"2016-07-05T00:33:43+00:00","dateModified":"2019-05-29T15:06:39+00:00","description":"Profesionalita a individu\u00e1ln\u00ed p\u0159\u00edstup advok\u00e1t\u016f kancel\u00e1\u0159e Mazel&Sm\u011bja v Praze 2.","breadcrumb":{"@id":"https:\/\/dabis.cz\/en\/products-and-services\/information-systems\/#breadcrumb"},"inLanguage":"en-US","potentialAction":[{"@type":"ReadAction","target":["https:\/\/dabis.cz\/en\/products-and-services\/information-systems\/"]}]},{"@type":"BreadcrumbList","@id":"https:\/\/dabis.cz\/en\/products-and-services\/information-systems\/#breadcrumb","itemListElement":[{"@type":"ListItem","position":1,"name":"Dom\u016f","item":"https:\/\/dabis.cz\/en\/"},{"@type":"ListItem","position":2,"name":"Products and Services","item":"https:\/\/dabis.cz\/en\/products-and-services\/"},{"@type":"ListItem","position":3,"name":"Information Systems"}]}]}},"_links":{"self":[{"href":"https:\/\/dabis.cz\/en\/wp-json\/wp\/v2\/pages\/682"}],"collection":[{"href":"https:\/\/dabis.cz\/en\/wp-json\/wp\/v2\/pages"}],"about":[{"href":"https:\/\/dabis.cz\/en\/wp-json\/wp\/v2\/types\/page"}],"author":[{"embeddable":true,"href":"https:\/\/dabis.cz\/en\/wp-json\/wp\/v2\/users\/6"}],"replies":[{"embeddable":true,"href":"https:\/\/dabis.cz\/en\/wp-json\/wp\/v2\/comments?post=682"}],"version-history":[{"count":2,"href":"https:\/\/dabis.cz\/en\/wp-json\/wp\/v2\/pages\/682\/revisions"}],"predecessor-version":[{"id":920,"href":"https:\/\/dabis.cz\/en\/wp-json\/wp\/v2\/pages\/682\/revisions\/920"}],"up":[{"embeddable":true,"href":"https:\/\/dabis.cz\/en\/wp-json\/wp\/v2\/pages\/684"}],"wp:featuredmedia":[{"embeddable":true,"href":"https:\/\/dabis.cz\/en\/wp-json\/wp\/v2\/media\/1027"}],"wp:attachment":[{"href":"https:\/\/dabis.cz\/en\/wp-json\/wp\/v2\/media?parent=682"}],"curies":[{"name":"wp","href":"https:\/\/api.w.org\/{rel}","templated":true}]}}