{"id":660,"date":"2016-07-01T08:56:01","date_gmt":"2016-07-01T06:56:01","guid":{"rendered":"https:\/\/mazel-smeja.cz\/en\/?page_id=660"},"modified":"2019-04-04T19:43:27","modified_gmt":"2019-04-04T17:43:27","slug":"about-us","status":"publish","type":"page","link":"https:\/\/dabis.cz\/en\/about-us\/","title":{"rendered":"About Us"},"content":{"rendered":"<h2><img loading=\"lazy\" style=\"float: right;\" src=\"https:\/\/dabis.cz\/wp-content\/uploads\/2013\/05\/its-meeting-time-2-310102-m.jpg\" alt=\"its-meeting-time-2-310102-m\" width=\"300\" height=\"218\" \/><strong>Our information systems help companies in in earning money for 15 years<\/strong><\/h2>\n<p><strong>Information systems <\/strong>and database applications by\u00a0<a href=\"https:\/\/dabis.cz\/en\">DabiS.cz<\/a>\u00a0has been helping both Czech companies and multinational corporations in making profits for more than 15 years. We know that <strong>data are the key to success, <\/strong>and that\u2019s why we provide tools for data, numbers and information processing to large and smaller companies, both <strong>private and in the public sector. <\/strong>Thanks to information systems and\u00a0<a href=\"https:\/\/dabis.cz\/en\/databazovy-software\/\">database software<\/a>\u00a0by DabiS.cz, tens of companies in a&nbsp;variety of branches are now able to warehouse data amounting to hundreds of millions of items, manage and analyse them, <strong>making use of them for their growth. <\/strong>Join them and\u00a0<a href=\"https:\/\/dabis.cz\/kontakty\/\">contact DabiS.cz now!<\/a><\/p>\n<h2><img loading=\"lazy\" style=\"float: left; padding-right: 10px;\" src=\"https:\/\/dabis.cz\/wp-content\/uploads\/2013\/05\/businessman-558042-m.jpg\" alt=\"businessman-558042-m\" width=\"225\" height=\"300\" \/><\/h2>\n<h2>\u00a0Alcatel, Bosch, or Prague Municipal Police. Look at our references<\/h2>\n<p>Our portfolio includes <strong>global companies<\/strong>, large organizations, and smaller companies. We helped to warehouse and use millions of data, e.g. to\u00a0<strong>Alcatel<\/strong>, to the Albanian subsidiary company of <strong>\u010cEZ,<\/strong>\u00a0to one of global leaders in the sphere of cooling technology \u2013 <strong>Carrier<\/strong>, to the renowned German company of Bosch, or to Banit, the subsidiary company of the \u010ceskoslovensk\u00e1 Obchodn\u00ed Banka bank. Our <a href=\"https:\/\/dabis.cz\/en\/reference\/\">references\u00a0<\/a>also include <strong>Prague Municipal Police <\/strong>to which we supplied the top <a href=\"https:\/\/dabis.cz\/en\/clanek-sw-pro-obecni-policii\/\">software for municipal police<\/a>. Indeed, this information is also used by the municipal police of Znojmo and Mikulov.<\/p>\n<h2><strong>Top information systems made to tailor for exclusively advantageous prices <\/strong><\/h2>\n<p>DabiS.cz delivers all information systems exactly <strong>according to the client\u2019s individual requirements <\/strong>and always for exclusively <strong>advantageous price <\/strong>that cannot be found at out competitors. We shall implement\u00a0<u>CRM<\/u>, as well as\u00a0<a href=\"https:\/\/dabis.cz\/en\/manazerske-informacni-systemy-2\/\">managerial information systems<\/a>,\u00a0or\u00a0<a href=\"https:\/\/dabis.cz\/produkty\/informacni-systemy\/en\/informacni-systemy-podniku\/\">company information systems<\/a>. Get acquainted with the complete portfolio of our services and obtain information about the possibilities of cooperation by e-mail or phone \u2013 we\u2019ll be glad to <strong>prepare a&nbsp;preliminary calculation <\/strong>for you. Ensure your company\u2019s prosperity thanks to effective work with data!\u00a0<a href=\"https:\/\/dabis.cz\/en\/kontakty\/\">Contact us!<\/a><\/p>\n","protected":false},"excerpt":{"rendered":"<p>Our information systems help companies in in earning money for 15 years Information systems and database applications by\u00a0DabiS.cz\u00a0has been helping both Czech companies and multinational corporations in making profits for more than 15 years. We&#8230;<br \/><a class=\"moretag\" href=\"https:\/\/dabis.cz\/en\/about-us\/\"> ZJISTIT V\u00cdCE<\/a><\/p>\n","protected":false},"author":6,"featured_media":0,"parent":0,"menu_order":0,"comment_status":"closed","ping_status":"closed","template":"page-fullwidth.php","meta":[],"yoast_head":"<!-- This site is optimized with the Yoast SEO plugin v17.8 - https:\/\/yoast.com\/wordpress\/plugins\/seo\/ -->\n<meta name=\"description\" content=\"Profesionalita a individu\u00e1ln\u00ed p\u0159\u00edstup advok\u00e1t\u016f kancel\u00e1\u0159e Mazel&amp;Sm\u011bja v Praze 2.\" \/>\n<meta name=\"robots\" content=\"index, follow, max-snippet:-1, max-image-preview:large, max-video-preview:-1\" \/>\n<link rel=\"canonical\" href=\"https:\/\/dabis.cz\/en\/about-us\/\" \/>\n<meta property=\"og:locale\" content=\"en_US\" \/>\n<meta property=\"og:type\" content=\"article\" \/>\n<meta property=\"og:title\" content=\"About Us - DabiS\" \/>\n<meta property=\"og:description\" content=\"Profesionalita a individu\u00e1ln\u00ed p\u0159\u00edstup advok\u00e1t\u016f kancel\u00e1\u0159e Mazel&amp;Sm\u011bja v Praze 2.\" \/>\n<meta property=\"og:url\" content=\"https:\/\/dabis.cz\/en\/about-us\/\" \/>\n<meta property=\"og:site_name\" content=\"DabiS\" \/>\n<meta property=\"article:modified_time\" content=\"2019-04-04T17:43:27+00:00\" \/>\n<meta property=\"og:image\" content=\"https:\/\/dabis.cz\/wp-content\/uploads\/2013\/05\/its-meeting-time-2-310102-m.jpg\" \/>\n<meta name=\"twitter:card\" content=\"summary\" \/>\n<meta name=\"twitter:label1\" content=\"Est. reading time\" \/>\n\t<meta name=\"twitter:data1\" content=\"2 minutes\" \/>\n<script type=\"application\/ld+json\" class=\"yoast-schema-graph\">{\"@context\":\"https:\/\/schema.org\",\"@graph\":[{\"@type\":\"Organization\",\"@id\":\"https:\/\/dabis.cz\/#organization\",\"name\":\"Dabis\",\"url\":\"https:\/\/dabis.cz\/\",\"sameAs\":[],\"logo\":{\"@type\":\"ImageObject\",\"@id\":\"https:\/\/dabis.cz\/#logo\",\"inLanguage\":\"en-US\",\"url\":\"https:\/\/dabis.cz\/wp-content\/uploads\/2019\/04\/dabis-logo.png\",\"contentUrl\":\"https:\/\/dabis.cz\/wp-content\/uploads\/2019\/04\/dabis-logo.png\",\"width\":119,\"height\":74,\"caption\":\"Dabis\"},\"image\":{\"@id\":\"https:\/\/dabis.cz\/#logo\"}},{\"@type\":\"WebSite\",\"@id\":\"https:\/\/dabis.cz\/#website\",\"url\":\"https:\/\/dabis.cz\/\",\"name\":\"DabiS\",\"description\":\"Centr\\u00e1ln\\u00ed evidence p\\u0159estupk\\u016f, statistika \\u010dinnosti, \\u00fa\\u0159edn\\u00ed z\\u00e1znamy\",\"publisher\":{\"@id\":\"https:\/\/dabis.cz\/#organization\"},\"potentialAction\":[{\"@type\":\"SearchAction\",\"target\":{\"@type\":\"EntryPoint\",\"urlTemplate\":\"https:\/\/dabis.cz\/?s={search_term_string}\"},\"query-input\":\"required name=search_term_string\"}],\"inLanguage\":\"en-US\"},{\"@type\":\"ImageObject\",\"@id\":\"https:\/\/dabis.cz\/en\/about-us\/#primaryimage\",\"inLanguage\":\"en-US\",\"url\":\"https:\/\/dabis.cz\/wp-content\/uploads\/2013\/05\/its-meeting-time-2-310102-m.jpg\",\"contentUrl\":\"https:\/\/dabis.cz\/wp-content\/uploads\/2013\/05\/its-meeting-time-2-310102-m.jpg\"},{\"@type\":\"WebPage\",\"@id\":\"https:\/\/dabis.cz\/en\/about-us\/#webpage\",\"url\":\"https:\/\/dabis.cz\/en\/about-us\/\",\"name\":\"About Us - DabiS\",\"isPartOf\":{\"@id\":\"https:\/\/dabis.cz\/#website\"},\"primaryImageOfPage\":{\"@id\":\"https:\/\/dabis.cz\/en\/about-us\/#primaryimage\"},\"datePublished\":\"2016-07-01T06:56:01+00:00\",\"dateModified\":\"2019-04-04T17:43:27+00:00\",\"description\":\"Profesionalita a individu\\u00e1ln\\u00ed p\\u0159\\u00edstup advok\\u00e1t\\u016f kancel\\u00e1\\u0159e Mazel&Sm\\u011bja v Praze 2.\",\"breadcrumb\":{\"@id\":\"https:\/\/dabis.cz\/en\/about-us\/#breadcrumb\"},\"inLanguage\":\"en-US\",\"potentialAction\":[{\"@type\":\"ReadAction\",\"target\":[\"https:\/\/dabis.cz\/en\/about-us\/\"]}]},{\"@type\":\"BreadcrumbList\",\"@id\":\"https:\/\/dabis.cz\/en\/about-us\/#breadcrumb\",\"itemListElement\":[{\"@type\":\"ListItem\",\"position\":1,\"name\":\"Dom\\u016f\",\"item\":\"https:\/\/dabis.cz\/en\/\"},{\"@type\":\"ListItem\",\"position\":2,\"name\":\"About Us\"}]}]}<\/script>\n<!-- \/ Yoast SEO plugin. -->","yoast_head_json":{"description":"Profesionalita a individu\u00e1ln\u00ed p\u0159\u00edstup advok\u00e1t\u016f kancel\u00e1\u0159e Mazel&Sm\u011bja v Praze 2.","robots":{"index":"index","follow":"follow","max-snippet":"max-snippet:-1","max-image-preview":"max-image-preview:large","max-video-preview":"max-video-preview:-1"},"canonical":"https:\/\/dabis.cz\/en\/about-us\/","og_locale":"en_US","og_type":"article","og_title":"About Us - DabiS","og_description":"Profesionalita a individu\u00e1ln\u00ed p\u0159\u00edstup advok\u00e1t\u016f kancel\u00e1\u0159e Mazel&Sm\u011bja v Praze 2.","og_url":"https:\/\/dabis.cz\/en\/about-us\/","og_site_name":"DabiS","article_modified_time":"2019-04-04T17:43:27+00:00","og_image":[{"url":"https:\/\/dabis.cz\/wp-content\/uploads\/2013\/05\/its-meeting-time-2-310102-m.jpg"}],"twitter_card":"summary","twitter_misc":{"Est. reading time":"2 minutes"},"schema":{"@context":"https:\/\/schema.org","@graph":[{"@type":"Organization","@id":"https:\/\/dabis.cz\/#organization","name":"Dabis","url":"https:\/\/dabis.cz\/","sameAs":[],"logo":{"@type":"ImageObject","@id":"https:\/\/dabis.cz\/#logo","inLanguage":"en-US","url":"https:\/\/dabis.cz\/wp-content\/uploads\/2019\/04\/dabis-logo.png","contentUrl":"https:\/\/dabis.cz\/wp-content\/uploads\/2019\/04\/dabis-logo.png","width":119,"height":74,"caption":"Dabis"},"image":{"@id":"https:\/\/dabis.cz\/#logo"}},{"@type":"WebSite","@id":"https:\/\/dabis.cz\/#website","url":"https:\/\/dabis.cz\/","name":"DabiS","description":"Centr\u00e1ln\u00ed evidence p\u0159estupk\u016f, statistika \u010dinnosti, \u00fa\u0159edn\u00ed z\u00e1znamy","publisher":{"@id":"https:\/\/dabis.cz\/#organization"},"potentialAction":[{"@type":"SearchAction","target":{"@type":"EntryPoint","urlTemplate":"https:\/\/dabis.cz\/?s={search_term_string}"},"query-input":"required name=search_term_string"}],"inLanguage":"en-US"},{"@type":"ImageObject","@id":"https:\/\/dabis.cz\/en\/about-us\/#primaryimage","inLanguage":"en-US","url":"https:\/\/dabis.cz\/wp-content\/uploads\/2013\/05\/its-meeting-time-2-310102-m.jpg","contentUrl":"https:\/\/dabis.cz\/wp-content\/uploads\/2013\/05\/its-meeting-time-2-310102-m.jpg"},{"@type":"WebPage","@id":"https:\/\/dabis.cz\/en\/about-us\/#webpage","url":"https:\/\/dabis.cz\/en\/about-us\/","name":"About Us - DabiS","isPartOf":{"@id":"https:\/\/dabis.cz\/#website"},"primaryImageOfPage":{"@id":"https:\/\/dabis.cz\/en\/about-us\/#primaryimage"},"datePublished":"2016-07-01T06:56:01+00:00","dateModified":"2019-04-04T17:43:27+00:00","description":"Profesionalita a individu\u00e1ln\u00ed p\u0159\u00edstup advok\u00e1t\u016f kancel\u00e1\u0159e Mazel&Sm\u011bja v Praze 2.","breadcrumb":{"@id":"https:\/\/dabis.cz\/en\/about-us\/#breadcrumb"},"inLanguage":"en-US","potentialAction":[{"@type":"ReadAction","target":["https:\/\/dabis.cz\/en\/about-us\/"]}]},{"@type":"BreadcrumbList","@id":"https:\/\/dabis.cz\/en\/about-us\/#breadcrumb","itemListElement":[{"@type":"ListItem","position":1,"name":"Dom\u016f","item":"https:\/\/dabis.cz\/en\/"},{"@type":"ListItem","position":2,"name":"About Us"}]}]}},"_links":{"self":[{"href":"https:\/\/dabis.cz\/en\/wp-json\/wp\/v2\/pages\/660"}],"collection":[{"href":"https:\/\/dabis.cz\/en\/wp-json\/wp\/v2\/pages"}],"about":[{"href":"https:\/\/dabis.cz\/en\/wp-json\/wp\/v2\/types\/page"}],"author":[{"embeddable":true,"href":"https:\/\/dabis.cz\/en\/wp-json\/wp\/v2\/users\/6"}],"replies":[{"embeddable":true,"href":"https:\/\/dabis.cz\/en\/wp-json\/wp\/v2\/comments?post=660"}],"version-history":[{"count":3,"href":"https:\/\/dabis.cz\/en\/wp-json\/wp\/v2\/pages\/660\/revisions"}],"predecessor-version":[{"id":864,"href":"https:\/\/dabis.cz\/en\/wp-json\/wp\/v2\/pages\/660\/revisions\/864"}],"wp:attachment":[{"href":"https:\/\/dabis.cz\/en\/wp-json\/wp\/v2\/media?parent=660"}],"curies":[{"name":"wp","href":"https:\/\/api.w.org\/{rel}","templated":true}]}}