{"id":1154,"date":"2022-01-18T00:21:52","date_gmt":"2022-01-17T22:21:52","guid":{"rendered":"https:\/\/dabis.cz\/?page_id=1154"},"modified":"2022-01-18T00:21:53","modified_gmt":"2022-01-17T22:21:53","slug":"privacy-policy-conditions-of-the-protection-of-personal-data","status":"publish","type":"page","link":"https:\/\/dabis.cz\/en\/privacy-policy-conditions-of-the-protection-of-personal-data\/","title":{"rendered":"Privacy Policy &#8211; Conditions of the protection of personal data"},"content":{"rendered":"\n<p><span lang=\"en-GB\">I. Main provisions<\/span><\/p>\n<ol>\n<li>\n<p><span lang=\"en-GB\">The personal data controller, in accordance with Article 4, point (7) of Regulation (EU) 2016\/679 of the European Parliament and of the Council on the protection of natural persons with regard to the processing of personal data and on the free movement of such data (General Data Protection Regulation, hereinafter referred to as &#8216;<\/span><strong><span lang=\"en-GB\">GDPR<\/span><\/strong><span lang=\"en-GB\">&#8216;), is <strong>DabiS group s.r.o.<\/strong>, based in<strong>Chopinova 22, Praha 2, 120\u00a000<\/strong> (hereinafter referred to as &#8216;<\/span><strong><span lang=\"en-GB\">controller<\/span><\/strong><span lang=\"en-GB\">&#8216;). <\/span><\/p>\n<\/li>\n<li>\n<p><span lang=\"en-GB\">Contact details of the controller are the following:<\/span><\/p>\n<\/li>\n<\/ol>\n<p><span lang=\"en-GB\">Address: <strong>Chopinova 22, Praha 2, 120\u00a000<\/strong><\/span><\/p>\n<p><span lang=\"en-GB\">Email: <b>svarc@dabis.cz<\/b><\/span><u><\/u><\/p>\n<p><span lang=\"en-GB\">Phone: +420 <strong>222&nbsp;710&nbsp;982<\/strong><\/span><\/p>\n<ol start=\"3\">\n<li>\n<p><span lang=\"en-GB\">Personal data shall mean any information relating to an identified or identifiable natural person: an identifiable person is one who can be identified, directly or indirectly, in particular by reference to an identification number or to one or more factors specific to his physical, physiological, mental, economic, cultural or social identity.<\/span><\/p>\n<\/li>\n<li>\n<p><span lang=\"en-GB\">No data protection officer has been designated by the controller.<\/span><\/p>\n<\/li>\n<\/ol>\n<p lang=\"en-GB\"><br \/><br \/><\/p>\n<p><strong><span lang=\"en-GB\">II. Sources and categories of personal data undergoing processing<\/span><\/strong><\/p>\n<ol>\n<li>\n<p><span lang=\"en-GB\">The controller shall process personal data provided by you, or the personal data obtained on the basis of the fulfilment of your order<\/span><\/p>\n<\/li>\n<li>\n<p><span lang=\"en-GB\">The controller shall process your identification and contact data as well as the data necessary for the performance of the contract.<\/span><\/p>\n<\/li>\n<\/ol>\n<p lang=\"en-GB\"><br \/><br \/><\/p>\n<p><strong><span lang=\"en-GB\">III. Legal reasons for and purposes of the personal data processing<\/span><\/strong><\/p>\n<ol>\n<li>\n<p><span lang=\"en-GB\">The legal reason for personal data processing is<\/span><\/p>\n<\/li>\n<\/ol>\n<ul>\n<li>\n<p><span lang=\"en-GB\">the performance of a&nbsp;contract between you and the controller in accordance with Article 6, paragraph (1), point (b) of GDPR,<\/span><\/p>\n<\/li>\n<li>\n<p><span lang=\"en-GB\">legitimate interest of the controller in providing direct marketing (particularly when sending commercial communications and newsletters) in accordance with Article 6, paragraph (1), point (f) of GDPR,<\/span><\/p>\n<\/li>\n<li>\n<p><span lang=\"en-GB\">your consent with data processing for the purposes of providing direct marketing (particularly when sending commercial communications and newsletters) according to Article 6, paragraph (1), point (a) of GDPR in conjunction with Section 7, paragraph (2) of Act No. 480\/2004 Coll. on certain information society services in case the goods or services were not ordered.<\/span><\/p>\n<\/li>\n<\/ul>\n<ol start=\"2\">\n<li>\n<p><span lang=\"en-GB\">The purpose of personal data processing is<\/span><\/p>\n<\/li>\n<\/ol>\n<ul>\n<li>\n<p><span lang=\"en-GB\">the execution of your order and the execution of the rights and obligations arising from the contractual relationship between you and the controller; personal data required in the ordering procedure are necessary for successful completion of the order (name and address, contact details), providing personal data is an essential requirement in conclusion and during performance of the contract, a&nbsp;contract cannot be concluded nor fulfilled by the controller unless personal data have been provided,<\/span><\/p>\n<\/li>\n<li>\n<p><span lang=\"en-GB\">the sending of commercial communications and performing other marketing activities.<\/span><\/p>\n<\/li>\n<\/ul>\n<ol start=\"3\">\n<li>\n<p><span lang=\"en-GB\">No automated individual decisions are made by the controller within the meaning of Article 22 of GDPR. You have given your explicit consent to such processing.<\/span><\/p>\n<\/li>\n<\/ol>\n<p lang=\"en-GB\"><br \/><br \/><\/p>\n<p><strong><span lang=\"en-GB\">IV. Period of data retention<\/span><\/strong><\/p>\n<ol>\n<li>\n<p><span lang=\"en-GB\">A controller shall retain personal data<\/span><\/p>\n<\/li>\n<\/ol>\n<ul>\n<li>\n<p><span lang=\"en-GB\">for as long as it is strictly necessary to exercise the rights and obligations arising from the contractual relationship between you and the controller (for a&nbsp;15 year period starting from the termination of the contractual relationship).<\/span><\/p>\n<\/li>\n<li>\n<p><span lang=\"en-GB\">for a&nbsp;period prior to the withdrawal of the consent to the processing of personal data for marketing purposes, where personal data are processed on the basis of consent (but not longer than 15 years)<\/span><\/p>\n<\/li>\n<\/ul>\n<ol start=\"2\">\n<li>\n<p><span lang=\"en-GB\">Upon expiry of the retention period, the personal data shall be erased by the controller.<\/span><\/p>\n<\/li>\n<\/ol>\n<p lang=\"en-GB\"><br \/><br \/><\/p>\n<p><strong><span lang=\"en-GB\">V. Recipients of personal data (controller\u00b4s subcontractors)<\/span><\/strong><\/p>\n<ol>\n<li>\n<p><span lang=\"en-GB\">The recipients of personal data are persons<\/span><\/p>\n<\/li>\n<\/ol>\n<ul>\n<li>\n<p><span lang=\"en-GB\">involved in the delivery of goods and\/or services and the execution of payments on the basis of a&nbsp;contract,<\/span><\/p>\n<\/li>\n<li>\n<p><span lang=\"en-GB\">providing the company services and further services related to company operation,<\/span><\/p>\n<\/li>\n<li>\n<p><span lang=\"en-GB\">providing marketing services.<\/span><\/p>\n<\/li>\n<\/ul>\n<ol start=\"2\">\n<li>\n<p><span lang=\"en-GB\">The controller does not intend to transfer personal data to a&nbsp;third country (non-EU countries) or an international organization. <\/span><\/p>\n<\/li>\n<li>\n<p><a name=\"tw-target-text\"><\/a><span style=\"font-family: Calibri, serif;\"><span lang=\"en-GB\">Operated services, providing marketing and support services:<\/span><\/span><\/p>\n<\/li>\n<\/ol>\n<ul>\n<li>\n<p><span lang=\"en-GB\">Google Analytics \u2013 records cookies and website usage <\/span><\/p>\n<\/li>\n<li>\n<p><span lang=\"en-GB\">Google Adwords \u2013 records cookies and website usage <\/span><\/p>\n<\/li>\n<li>\n<p><span lang=\"en-GB\">Sklik \u2013 records cookies and website usage <\/span><\/p>\n<\/li>\n<\/ul>\n<p lang=\"en-GB\">\u00a0<\/p>\n<p><strong><span lang=\"en-GB\">VI. Your rights<\/span><\/strong><\/p>\n<ol>\n<li>\n<p><span lang=\"en-GB\">Under the conditions laid down in GDPR you have the right to<\/span><\/p>\n<\/li>\n<\/ol>\n<ul>\n<li>\n<p><span lang=\"en-GB\">access to your personal data according to Article 15 of GDPR,<\/span><\/p>\n<\/li>\n<li>\n<p><span lang=\"en-GB\">rectification of your personal data according to Article 16 of GDPR, or to restriction of the data processing according to Article 18 of GDPR,<\/span><\/p>\n<\/li>\n<li>\n<p><span lang=\"en-GB\">erasure of personal data according to Article 17 of GDPR,<\/span><\/p>\n<\/li>\n<li>\n<p><span lang=\"en-GB\">object to data processing according to Article 21 of GDPR,<\/span><\/p>\n<\/li>\n<li>\n<p><span lang=\"en-GB\">data portability according to Article 20 of GDPR,<\/span><\/p>\n<\/li>\n<li>\n<p><span lang=\"en-GB\">withdraw consent to the processing of data in writing or by electronic means to the address or e-mail address of the controller referred to in Article III of these conditions. You can withdraw your consent at any time through this email: <b>svarc@dabis.cz<\/b><\/span><u><\/u><\/p>\n<\/li>\n<\/ul>\n<ol start=\"2\">\n<li>\n<p><span lang=\"en-GB\">You also have the right to lodge a&nbsp;complaint with the Office for Personal Data Protection in the event that you consider your right for personal data protection has been violated.<\/span><\/p>\n<\/li>\n<\/ol>\n<p lang=\"en-GB\"><br \/><br \/><\/p>\n<p><strong><span lang=\"en-GB\">VII. Conditions for the protection of personal data<\/span><\/strong><\/p>\n<ol>\n<li>\n<p><span lang=\"en-GB\">The controller has declared that he\/she has taken all technical and organizational measures for ensuring the security of personal data processing.<\/span><\/p>\n<\/li>\n<li>\n<p><span lang=\"en-GB\">The controller has taken technical measures to secure data storage products and the storage of personal data in paper form, in particular the secured \/ encrypted website access, customer password encryption in the database, regular actualisations of the system, regular backup of the system.<\/span><\/p>\n<\/li>\n<li>\n<p><span lang=\"en-GB\">The controller declares that only persons authorized by him\/her have access to personal data.<\/span><\/p>\n<\/li>\n<\/ol>\n<p lang=\"en-GB\"><br \/><br \/><\/p>\n<p><strong><span lang=\"en-GB\">VIII. Final provisions<\/span><\/strong><\/p>\n<ol>\n<li>\n<p><span lang=\"en-GB\">By sending an order using the online order form, you confirm that you are aware of the conditions of the personal data protection and that you accept the conditions in full.<\/span><\/p>\n<\/li>\n<li>\n<p><span lang=\"en-GB\">You agree with these conditions by ticking an online tickbox. Giving consent by a&nbsp;clear affirmative action, you confirm that you have become acquainted with the conditions of the protection of personal data and that you accept them in full.<\/span><\/p>\n<\/li>\n<li>\n<p><span lang=\"en-GB\">The controller shall be authorised to change these conditions. He\/she shall publish a&nbsp;new version of the conditions of personal data protection on their websites and at the same time they shall send you a&nbsp;new version of these conditions to your e-mail address you have provided to them.<\/span><\/p>\n<\/li>\n<\/ol>\n<p lang=\"en-GB\"><br \/><br \/><\/p>\n<p><span lang=\"en-GB\">These condition become effective from 25.5.2018.<\/span><\/p>\n","protected":false},"excerpt":{"rendered":"<p>I. Main provisions The personal data controller, in accordance with Article 4, point (7) of Regulation (EU) 2016\/679 of the European Parliament and of the Council on the protection of natural persons with regard to&#8230;<br \/><a class=\"moretag\" href=\"https:\/\/dabis.cz\/en\/privacy-policy-conditions-of-the-protection-of-personal-data\/\"> ZJISTIT V\u00cdCE<\/a><\/p>\n","protected":false},"author":6,"featured_media":0,"parent":0,"menu_order":0,"comment_status":"closed","ping_status":"closed","template":"","meta":[],"yoast_head":"<!-- This site is optimized with the Yoast SEO plugin v17.8 - https:\/\/yoast.com\/wordpress\/plugins\/seo\/ -->\n<meta name=\"description\" content=\"Profesionalita a individu\u00e1ln\u00ed p\u0159\u00edstup advok\u00e1t\u016f kancel\u00e1\u0159e Mazel&amp;Sm\u011bja v Praze 2.\" \/>\n<meta name=\"robots\" content=\"index, follow, max-snippet:-1, max-image-preview:large, max-video-preview:-1\" \/>\n<link rel=\"canonical\" href=\"https:\/\/dabis.cz\/en\/privacy-policy-conditions-of-the-protection-of-personal-data\/\" \/>\n<meta property=\"og:locale\" content=\"en_US\" \/>\n<meta property=\"og:type\" content=\"article\" \/>\n<meta property=\"og:title\" content=\"Privacy Policy - Conditions of the protection of personal data - DabiS\" \/>\n<meta property=\"og:description\" content=\"Profesionalita a individu\u00e1ln\u00ed p\u0159\u00edstup advok\u00e1t\u016f kancel\u00e1\u0159e Mazel&amp;Sm\u011bja v Praze 2.\" \/>\n<meta property=\"og:url\" content=\"https:\/\/dabis.cz\/en\/privacy-policy-conditions-of-the-protection-of-personal-data\/\" \/>\n<meta property=\"og:site_name\" content=\"DabiS\" \/>\n<meta property=\"article:modified_time\" content=\"2022-01-17T22:21:53+00:00\" \/>\n<meta name=\"twitter:card\" content=\"summary\" \/>\n<meta name=\"twitter:label1\" content=\"Est. reading time\" \/>\n\t<meta name=\"twitter:data1\" content=\"6 minutes\" \/>\n<script type=\"application\/ld+json\" class=\"yoast-schema-graph\">{\"@context\":\"https:\/\/schema.org\",\"@graph\":[{\"@type\":\"Organization\",\"@id\":\"https:\/\/dabis.cz\/#organization\",\"name\":\"Dabis\",\"url\":\"https:\/\/dabis.cz\/\",\"sameAs\":[],\"logo\":{\"@type\":\"ImageObject\",\"@id\":\"https:\/\/dabis.cz\/#logo\",\"inLanguage\":\"en-US\",\"url\":\"https:\/\/dabis.cz\/wp-content\/uploads\/2019\/04\/dabis-logo.png\",\"contentUrl\":\"https:\/\/dabis.cz\/wp-content\/uploads\/2019\/04\/dabis-logo.png\",\"width\":119,\"height\":74,\"caption\":\"Dabis\"},\"image\":{\"@id\":\"https:\/\/dabis.cz\/#logo\"}},{\"@type\":\"WebSite\",\"@id\":\"https:\/\/dabis.cz\/#website\",\"url\":\"https:\/\/dabis.cz\/\",\"name\":\"DabiS\",\"description\":\"Centr\\u00e1ln\\u00ed evidence p\\u0159estupk\\u016f, statistika \\u010dinnosti, \\u00fa\\u0159edn\\u00ed z\\u00e1znamy\",\"publisher\":{\"@id\":\"https:\/\/dabis.cz\/#organization\"},\"potentialAction\":[{\"@type\":\"SearchAction\",\"target\":{\"@type\":\"EntryPoint\",\"urlTemplate\":\"https:\/\/dabis.cz\/?s={search_term_string}\"},\"query-input\":\"required name=search_term_string\"}],\"inLanguage\":\"en-US\"},{\"@type\":\"WebPage\",\"@id\":\"https:\/\/dabis.cz\/en\/privacy-policy-conditions-of-the-protection-of-personal-data\/#webpage\",\"url\":\"https:\/\/dabis.cz\/en\/privacy-policy-conditions-of-the-protection-of-personal-data\/\",\"name\":\"Privacy Policy - Conditions of the protection of personal data - DabiS\",\"isPartOf\":{\"@id\":\"https:\/\/dabis.cz\/#website\"},\"datePublished\":\"2022-01-17T22:21:52+00:00\",\"dateModified\":\"2022-01-17T22:21:53+00:00\",\"description\":\"Profesionalita a individu\\u00e1ln\\u00ed p\\u0159\\u00edstup advok\\u00e1t\\u016f kancel\\u00e1\\u0159e Mazel&Sm\\u011bja v Praze 2.\",\"breadcrumb\":{\"@id\":\"https:\/\/dabis.cz\/en\/privacy-policy-conditions-of-the-protection-of-personal-data\/#breadcrumb\"},\"inLanguage\":\"en-US\",\"potentialAction\":[{\"@type\":\"ReadAction\",\"target\":[\"https:\/\/dabis.cz\/en\/privacy-policy-conditions-of-the-protection-of-personal-data\/\"]}]},{\"@type\":\"BreadcrumbList\",\"@id\":\"https:\/\/dabis.cz\/en\/privacy-policy-conditions-of-the-protection-of-personal-data\/#breadcrumb\",\"itemListElement\":[{\"@type\":\"ListItem\",\"position\":1,\"name\":\"Dom\\u016f\",\"item\":\"https:\/\/dabis.cz\/en\/\"},{\"@type\":\"ListItem\",\"position\":2,\"name\":\"Privacy Policy &#8211; Conditions of the protection of personal data\"}]}]}<\/script>\n<!-- \/ Yoast SEO plugin. -->","yoast_head_json":{"description":"Profesionalita a individu\u00e1ln\u00ed p\u0159\u00edstup advok\u00e1t\u016f kancel\u00e1\u0159e Mazel&Sm\u011bja v Praze 2.","robots":{"index":"index","follow":"follow","max-snippet":"max-snippet:-1","max-image-preview":"max-image-preview:large","max-video-preview":"max-video-preview:-1"},"canonical":"https:\/\/dabis.cz\/en\/privacy-policy-conditions-of-the-protection-of-personal-data\/","og_locale":"en_US","og_type":"article","og_title":"Privacy Policy - Conditions of the protection of personal data - DabiS","og_description":"Profesionalita a individu\u00e1ln\u00ed p\u0159\u00edstup advok\u00e1t\u016f kancel\u00e1\u0159e Mazel&Sm\u011bja v Praze 2.","og_url":"https:\/\/dabis.cz\/en\/privacy-policy-conditions-of-the-protection-of-personal-data\/","og_site_name":"DabiS","article_modified_time":"2022-01-17T22:21:53+00:00","twitter_card":"summary","twitter_misc":{"Est. reading time":"6 minutes"},"schema":{"@context":"https:\/\/schema.org","@graph":[{"@type":"Organization","@id":"https:\/\/dabis.cz\/#organization","name":"Dabis","url":"https:\/\/dabis.cz\/","sameAs":[],"logo":{"@type":"ImageObject","@id":"https:\/\/dabis.cz\/#logo","inLanguage":"en-US","url":"https:\/\/dabis.cz\/wp-content\/uploads\/2019\/04\/dabis-logo.png","contentUrl":"https:\/\/dabis.cz\/wp-content\/uploads\/2019\/04\/dabis-logo.png","width":119,"height":74,"caption":"Dabis"},"image":{"@id":"https:\/\/dabis.cz\/#logo"}},{"@type":"WebSite","@id":"https:\/\/dabis.cz\/#website","url":"https:\/\/dabis.cz\/","name":"DabiS","description":"Centr\u00e1ln\u00ed evidence p\u0159estupk\u016f, statistika \u010dinnosti, \u00fa\u0159edn\u00ed z\u00e1znamy","publisher":{"@id":"https:\/\/dabis.cz\/#organization"},"potentialAction":[{"@type":"SearchAction","target":{"@type":"EntryPoint","urlTemplate":"https:\/\/dabis.cz\/?s={search_term_string}"},"query-input":"required name=search_term_string"}],"inLanguage":"en-US"},{"@type":"WebPage","@id":"https:\/\/dabis.cz\/en\/privacy-policy-conditions-of-the-protection-of-personal-data\/#webpage","url":"https:\/\/dabis.cz\/en\/privacy-policy-conditions-of-the-protection-of-personal-data\/","name":"Privacy Policy - Conditions of the protection of personal data - DabiS","isPartOf":{"@id":"https:\/\/dabis.cz\/#website"},"datePublished":"2022-01-17T22:21:52+00:00","dateModified":"2022-01-17T22:21:53+00:00","description":"Profesionalita a individu\u00e1ln\u00ed p\u0159\u00edstup advok\u00e1t\u016f kancel\u00e1\u0159e Mazel&Sm\u011bja v Praze 2.","breadcrumb":{"@id":"https:\/\/dabis.cz\/en\/privacy-policy-conditions-of-the-protection-of-personal-data\/#breadcrumb"},"inLanguage":"en-US","potentialAction":[{"@type":"ReadAction","target":["https:\/\/dabis.cz\/en\/privacy-policy-conditions-of-the-protection-of-personal-data\/"]}]},{"@type":"BreadcrumbList","@id":"https:\/\/dabis.cz\/en\/privacy-policy-conditions-of-the-protection-of-personal-data\/#breadcrumb","itemListElement":[{"@type":"ListItem","position":1,"name":"Dom\u016f","item":"https:\/\/dabis.cz\/en\/"},{"@type":"ListItem","position":2,"name":"Privacy Policy &#8211; Conditions of the protection of personal data"}]}]}},"_links":{"self":[{"href":"https:\/\/dabis.cz\/en\/wp-json\/wp\/v2\/pages\/1154"}],"collection":[{"href":"https:\/\/dabis.cz\/en\/wp-json\/wp\/v2\/pages"}],"about":[{"href":"https:\/\/dabis.cz\/en\/wp-json\/wp\/v2\/types\/page"}],"author":[{"embeddable":true,"href":"https:\/\/dabis.cz\/en\/wp-json\/wp\/v2\/users\/6"}],"replies":[{"embeddable":true,"href":"https:\/\/dabis.cz\/en\/wp-json\/wp\/v2\/comments?post=1154"}],"version-history":[{"count":1,"href":"https:\/\/dabis.cz\/en\/wp-json\/wp\/v2\/pages\/1154\/revisions"}],"predecessor-version":[{"id":1155,"href":"https:\/\/dabis.cz\/en\/wp-json\/wp\/v2\/pages\/1154\/revisions\/1155"}],"wp:attachment":[{"href":"https:\/\/dabis.cz\/en\/wp-json\/wp\/v2\/media?parent=1154"}],"curies":[{"name":"wp","href":"https:\/\/api.w.org\/{rel}","templated":true}]}}